{"id":266,"date":"2024-01-25T18:48:08","date_gmt":"2024-01-25T17:48:08","guid":{"rendered":"https:\/\/gesed.org\/?page_id=266"},"modified":"2025-06-17T17:22:00","modified_gmt":"2025-06-17T15:22:00","slug":"comment-faire-un-don","status":"publish","type":"page","link":"https:\/\/gesed.com\/index.php\/accueil\/comment-faire-un-don\/","title":{"rendered":"Comment faire un don?"},"content":{"rendered":"\t\t<div data-elementor-type=\"wp-page\" data-elementor-id=\"266\" class=\"elementor elementor-266\" wpc-filter-elementor-widget=\"1\">\n\t\t\t\t<div class=\"elementor-element elementor-element-ca87660 e-flex e-con-boxed wpr-particle-no wpr-jarallax-no wpr-parallax-no wpr-sticky-section-no wpr-equal-height-no e-con e-parent\" data-id=\"ca87660\" data-element_type=\"container\" data-e-type=\"container\">\n\t\t\t\t\t<div class=\"e-con-inner\">\n\t\t\t\t<div class=\"elementor-element elementor-element-207f8db exad-sticky-section-no exad-glass-effect-no elementor-widget elementor-widget-text-editor\" data-id=\"207f8db\" data-element_type=\"widget\" data-e-type=\"widget\" data-widget_type=\"text-editor.default\">\n\t\t\t\t<div class=\"elementor-widget-container\">\n\t\t\t\t\t\t\t\t\t<p><strong>Faites un don pour le GESED<\/strong><\/p>\t\t\t\t\t\t\t\t<\/div>\n\t\t\t\t<\/div>\n\t\t\t\t\t<\/div>\n\t\t\t\t<\/div>\n\t\t<div class=\"elementor-element elementor-element-2f6be6b e-flex e-con-boxed wpr-particle-no wpr-jarallax-no wpr-parallax-no wpr-sticky-section-no wpr-equal-height-no e-con e-parent\" data-id=\"2f6be6b\" data-element_type=\"container\" data-e-type=\"container\">\n\t\t\t\t\t<div class=\"e-con-inner\">\n\t\t\t\t<div class=\"elementor-element elementor-element-7024e05 exad-sticky-section-no exad-glass-effect-no elementor-widget elementor-widget-text-editor\" data-id=\"7024e05\" data-element_type=\"widget\" data-e-type=\"widget\" data-widget_type=\"text-editor.default\">\n\t\t\t\t<div class=\"elementor-widget-container\">\n\t\t\t\t\t\t\t\t\t<p><strong><span style=\"text-decoration: underline;\">Pourquoi<\/span><em><span style=\"text-decoration: underline;\"> faire un don?<\/span><\/em><\/strong><\/p>\n<p>Votre g\u00e9n\u00e9rosit\u00e9 fait toute la diff\u00e9rence dans la vie des personnes touch\u00e9es par le Syndrome d&rsquo;Ehlers-Danlos (SED). Chaque don effectu\u00e9 contribue directement \u00e0 financer les activit\u00e9s et les projets essentiels du GESED. Cela permet \u00e9galement de faire des actions de sensibilisation dans les \u00e9coles, lors d\u2019\u00e9v\u00e9nements et d\u2019offrir une \u00e9coute attentive aux patients et leurs familles.<br><br><\/p>\n<p><strong><span style=\"text-decoration: underline;\"><em>Comment faire un don?<\/em><\/span><\/strong><\/p>\n<p>Pour faire un don, versez le montant souhait\u00e9 sur le num\u00e9ro de compte de l\u2019asbl :<br>GESED asbl <br>IBAN : BE35 0682 5157 0537 (BIC : GKCCBEBB)<br>Communication libre : \u201cNom + Pr\u00e9nom &#8211; Don 20xx\u201d (ou anonyme)<br><br><em>\u26a0\ufe0f le GESED asbl n&rsquo;a pas encore la possibilit\u00e9 de d\u00e9livrer des attestations fiscales pour les dons<br><br><\/em><!--EndFragment--><\/p>\n<p><strong><span style=\"text-decoration: underline;\"><em>L&rsquo;impact de votre don :<\/em><\/span><\/strong><\/p>\n<p>Gr\u00e2ce aux dons pr\u00e9c\u00e9demment re\u00e7us, nous avons notamment pu :<\/p>\n<ul>\n<li style=\"list-style-type: none;\">\n<ul>\n<li>organiser une journ\u00e9e de d\u00e9tente \u00e0 Aywaille, entre amis et familles<\/li>\n<li>organiser des journ\u00e9es de sensibilisation dans les \u00e9coles ou sur des \u00e9v\u00e9nements<\/li>\n<li>financer une partie des ateliers propos\u00e9s aux membres et non membres de l\u2019asbl<\/li>\n<li>organiser une journ\u00e9e r\u00e9cr\u00e9ative et d\u00e9couverte \u00e0 Technopolis<\/li>\n<li>mettre un peu de l\u00e9g\u00e8ret\u00e9 dans le quotidien des personnes atteintes du SED et favoriser les rencontres pour \u00e9changer et s\u2019\u00e9vader<\/li>\n<\/ul>\n<\/li>\n<\/ul>\n<p><strong>Chaque contribution, quelle que soit sa taille, a donc un impact significatif sur notre capacit\u00e9 \u00e0 soutenir les personnes et les proches qui vivent la maladie au quotidien !<\/strong><\/p>\t\t\t\t\t\t\t\t<\/div>\n\t\t\t\t<\/div>\n\t\t\t\t\t<\/div>\n\t\t\t\t<\/div>\n\t\t<div class=\"elementor-element elementor-element-86f93ec e-flex e-con-boxed wpr-particle-no wpr-jarallax-no wpr-parallax-no wpr-sticky-section-no wpr-equal-height-no e-con e-parent\" data-id=\"86f93ec\" data-element_type=\"container\" data-e-type=\"container\">\n\t\t\t\t\t<div class=\"e-con-inner\">\n\t\t\t\t<div class=\"elementor-element elementor-element-b8a65d2 exad-sticky-section-no exad-glass-effect-no elementor-widget elementor-widget-spacer\" data-id=\"b8a65d2\" data-element_type=\"widget\" data-e-type=\"widget\" data-widget_type=\"spacer.default\">\n\t\t\t\t<div class=\"elementor-widget-container\">\n\t\t\t\t\t\t\t<div class=\"elementor-spacer\">\n\t\t\t<div class=\"elementor-spacer-inner\"><\/div>\n\t\t<\/div>\n\t\t\t\t\t\t<\/div>\n\t\t\t\t<\/div>\n\t\t\t\t\t<\/div>\n\t\t\t\t<\/div>\n\t\t\t\t<\/div>\n\t\t","protected":false},"excerpt":{"rendered":"<p>Faites un don pour le GESED Pourquoi faire un don? Votre g\u00e9n\u00e9rosit\u00e9 fait toute la diff\u00e9rence dans la vie des personnes touch\u00e9es par le Syndrome d&rsquo;Ehlers-Danlos (SED). Chaque don effectu\u00e9 contribue directement \u00e0 financer les activit\u00e9s et les projets essentiels du GESED. Cela permet \u00e9galement de faire des actions de sensibilisation dans les \u00e9coles, lors d\u2019\u00e9v\u00e9nements et d\u2019offrir une \u00e9coute attentive aux patients et leurs familles. Comment faire un don? Pour faire un don, versez le montant souhait\u00e9 sur le num\u00e9ro de compte de l\u2019asbl :GESED asbl IBAN : BE35 0682 5157 0537 (BIC : GKCCBEBB)Communication libre : \u201cNom + Pr\u00e9nom &#8211; Don 20xx\u201d (ou anonyme) \u26a0\ufe0f le GESED asbl n&rsquo;a pas encore la possibilit\u00e9 de d\u00e9livrer des attestations fiscales pour les dons L&rsquo;impact de votre don : Gr\u00e2ce aux dons pr\u00e9c\u00e9demment re\u00e7us, nous avons notamment pu : organiser une journ\u00e9e de d\u00e9tente \u00e0 Aywaille, entre amis et familles organiser des journ\u00e9es de sensibilisation dans les \u00e9coles ou sur des \u00e9v\u00e9nements financer une partie des ateliers propos\u00e9s aux membres et non membres de l\u2019asbl organiser une journ\u00e9e r\u00e9cr\u00e9ative et d\u00e9couverte \u00e0 Technopolis mettre un peu de l\u00e9g\u00e8ret\u00e9 dans le quotidien des personnes atteintes du SED et favoriser les rencontres pour \u00e9changer et s\u2019\u00e9vader Chaque contribution, quelle que soit sa taille, a donc un impact significatif sur notre capacit\u00e9 \u00e0 soutenir les personnes et les proches qui vivent la maladie au quotidien !<\/p>\n","protected":false},"author":1,"featured_media":0,"parent":227,"menu_order":0,"comment_status":"closed","ping_status":"closed","template":"","meta":{"ocean_post_layout":"","ocean_both_sidebars_style":"","ocean_both_sidebars_content_width":0,"ocean_both_sidebars_sidebars_width":0,"ocean_sidebar":"","ocean_second_sidebar":"","ocean_disable_margins":"enable","ocean_add_body_class":"","ocean_shortcode_before_top_bar":"","ocean_shortcode_after_top_bar":"","ocean_shortcode_before_header":"","ocean_shortcode_after_header":"","ocean_has_shortcode":"","ocean_shortcode_after_title":"","ocean_shortcode_before_footer_widgets":"","ocean_shortcode_after_footer_widgets":"","ocean_shortcode_before_footer_bottom":"","ocean_shortcode_after_footer_bottom":"","ocean_display_top_bar":"default","ocean_display_header":"default","ocean_header_style":"","ocean_center_header_left_menu":"","ocean_custom_header_template":"","ocean_custom_logo":0,"ocean_custom_retina_logo":0,"ocean_custom_logo_max_width":0,"ocean_custom_logo_tablet_max_width":0,"ocean_custom_logo_mobile_max_width":0,"ocean_custom_logo_max_height":0,"ocean_custom_logo_tablet_max_height":0,"ocean_custom_logo_mobile_max_height":0,"ocean_header_custom_menu":"","ocean_menu_typo_font_family":"","ocean_menu_typo_font_subset":"","ocean_menu_typo_font_size":0,"ocean_menu_typo_font_size_tablet":0,"ocean_menu_typo_font_size_mobile":0,"ocean_menu_typo_font_size_unit":"px","ocean_menu_typo_font_weight":"","ocean_menu_typo_font_weight_tablet":"","ocean_menu_typo_font_weight_mobile":"","ocean_menu_typo_transform":"","ocean_menu_typo_transform_tablet":"","ocean_menu_typo_transform_mobile":"","ocean_menu_typo_line_height":0,"ocean_menu_typo_line_height_tablet":0,"ocean_menu_typo_line_height_mobile":0,"ocean_menu_typo_line_height_unit":"","ocean_menu_typo_spacing":0,"ocean_menu_typo_spacing_tablet":0,"ocean_menu_typo_spacing_mobile":0,"ocean_menu_typo_spacing_unit":"","ocean_menu_link_color":"","ocean_menu_link_color_hover":"","ocean_menu_link_color_active":"","ocean_menu_link_background":"","ocean_menu_link_hover_background":"","ocean_menu_link_active_background":"","ocean_menu_social_links_bg":"","ocean_menu_social_hover_links_bg":"","ocean_menu_social_links_color":"","ocean_menu_social_hover_links_color":"","ocean_disable_title":"default","ocean_disable_heading":"default","ocean_post_title":"","ocean_post_subheading":"","ocean_post_title_style":"","ocean_post_title_background_color":"","ocean_post_title_background":0,"ocean_post_title_bg_image_position":"","ocean_post_title_bg_image_attachment":"","ocean_post_title_bg_image_repeat":"","ocean_post_title_bg_image_size":"","ocean_post_title_height":0,"ocean_post_title_bg_overlay":0.5,"ocean_post_title_bg_overlay_color":"","ocean_disable_breadcrumbs":"default","ocean_breadcrumbs_color":"","ocean_breadcrumbs_separator_color":"","ocean_breadcrumbs_links_color":"","ocean_breadcrumbs_links_hover_color":"","ocean_display_footer_widgets":"default","ocean_display_footer_bottom":"default","ocean_custom_footer_template":"","footnotes":""},"class_list":["post-266","page","type-page","status-publish","hentry","entry"],"yoast_head":"<!-- This site is optimized with the Yoast SEO plugin v27.4 - https:\/\/yoast.com\/product\/yoast-seo-wordpress\/ -->\n<title>Comment faire un don? - Gesed<\/title>\n<meta name=\"robots\" content=\"index, follow, max-snippet:-1, max-image-preview:large, max-video-preview:-1\" \/>\n<link rel=\"canonical\" href=\"https:\/\/gesed.com\/index.php\/accueil\/comment-faire-un-don\/\" \/>\n<meta property=\"og:locale\" content=\"fr_FR\" \/>\n<meta property=\"og:type\" content=\"article\" \/>\n<meta property=\"og:title\" content=\"Comment faire un don? - Gesed\" \/>\n<meta property=\"og:description\" content=\"Faites un don pour le GESED Pourquoi faire un don? Votre g\u00e9n\u00e9rosit\u00e9 fait toute la diff\u00e9rence dans la vie des personnes touch\u00e9es par le Syndrome d&rsquo;Ehlers-Danlos (SED). Chaque don effectu\u00e9 contribue directement \u00e0 financer les activit\u00e9s et les projets essentiels du GESED. Cela permet \u00e9galement de faire des actions de sensibilisation dans les \u00e9coles, lors d\u2019\u00e9v\u00e9nements et d\u2019offrir une \u00e9coute attentive aux patients et leurs familles. Comment faire un don? Pour faire un don, versez le montant souhait\u00e9 sur le num\u00e9ro de compte de l\u2019asbl :GESED asbl IBAN : BE35 0682 5157 0537 (BIC : GKCCBEBB)Communication libre : \u201cNom + Pr\u00e9nom &#8211; Don 20xx\u201d (ou anonyme) \u26a0\ufe0f le GESED asbl n&rsquo;a pas encore la possibilit\u00e9 de d\u00e9livrer des attestations fiscales pour les dons L&rsquo;impact de votre don : Gr\u00e2ce aux dons pr\u00e9c\u00e9demment re\u00e7us, nous avons notamment pu : organiser une journ\u00e9e de d\u00e9tente \u00e0 Aywaille, entre amis et familles organiser des journ\u00e9es de sensibilisation dans les \u00e9coles ou sur des \u00e9v\u00e9nements financer une partie des ateliers propos\u00e9s aux membres et non membres de l\u2019asbl organiser une journ\u00e9e r\u00e9cr\u00e9ative et d\u00e9couverte \u00e0 Technopolis mettre un peu de l\u00e9g\u00e8ret\u00e9 dans le quotidien des personnes atteintes du SED et favoriser les rencontres pour \u00e9changer et s\u2019\u00e9vader Chaque contribution, quelle que soit sa taille, a donc un impact significatif sur notre capacit\u00e9 \u00e0 soutenir les personnes et les proches qui vivent la maladie au quotidien !\" \/>\n<meta property=\"og:url\" content=\"https:\/\/gesed.com\/index.php\/accueil\/comment-faire-un-don\/\" \/>\n<meta property=\"og:site_name\" content=\"Gesed\" \/>\n<meta property=\"article:publisher\" content=\"https:\/\/www.facebook.com\/gesedasbl\" \/>\n<meta property=\"article:modified_time\" content=\"2025-06-17T15:22:00+00:00\" \/>\n<meta name=\"twitter:card\" content=\"summary_large_image\" \/>\n<meta name=\"twitter:label1\" content=\"Dur\u00e9e de lecture estim\u00e9e\" \/>\n\t<meta name=\"twitter:data1\" content=\"2 minutes\" \/>\n<script type=\"application\/ld+json\" class=\"yoast-schema-graph\">{\"@context\":\"https:\\\/\\\/schema.org\",\"@graph\":[{\"@type\":\"WebPage\",\"@id\":\"https:\\\/\\\/gesed.com\\\/index.php\\\/accueil\\\/comment-faire-un-don\\\/\",\"url\":\"https:\\\/\\\/gesed.com\\\/index.php\\\/accueil\\\/comment-faire-un-don\\\/\",\"name\":\"Comment faire un don? - Gesed\",\"isPartOf\":{\"@id\":\"https:\\\/\\\/gesed.com\\\/#website\"},\"datePublished\":\"2024-01-25T17:48:08+00:00\",\"dateModified\":\"2025-06-17T15:22:00+00:00\",\"breadcrumb\":{\"@id\":\"https:\\\/\\\/gesed.com\\\/index.php\\\/accueil\\\/comment-faire-un-don\\\/#breadcrumb\"},\"inLanguage\":\"fr-FR\",\"potentialAction\":[{\"@type\":\"ReadAction\",\"target\":[\"https:\\\/\\\/gesed.com\\\/index.php\\\/accueil\\\/comment-faire-un-don\\\/\"]}]},{\"@type\":\"BreadcrumbList\",\"@id\":\"https:\\\/\\\/gesed.com\\\/index.php\\\/accueil\\\/comment-faire-un-don\\\/#breadcrumb\",\"itemListElement\":[{\"@type\":\"ListItem\",\"position\":1,\"name\":\"Accueil\",\"item\":\"https:\\\/\\\/gesed.com\\\/\"},{\"@type\":\"ListItem\",\"position\":2,\"name\":\"Accueil\",\"item\":\"https:\\\/\\\/gesed.com\\\/\"},{\"@type\":\"ListItem\",\"position\":3,\"name\":\"Comment faire un don?\"}]},{\"@type\":\"WebSite\",\"@id\":\"https:\\\/\\\/gesed.com\\\/#website\",\"url\":\"https:\\\/\\\/gesed.com\\\/\",\"name\":\"Gesed\",\"description\":\"Groupe d&#039;Entraide des Syndr\u00f4mes d&#039;Ehlers-Danlos\",\"potentialAction\":[{\"@type\":\"SearchAction\",\"target\":{\"@type\":\"EntryPoint\",\"urlTemplate\":\"https:\\\/\\\/gesed.com\\\/?s={search_term_string}\"},\"query-input\":{\"@type\":\"PropertyValueSpecification\",\"valueRequired\":true,\"valueName\":\"search_term_string\"}}],\"inLanguage\":\"fr-FR\"}]}<\/script>\n<!-- \/ Yoast SEO plugin. -->","yoast_head_json":{"title":"Comment faire un don? - Gesed","robots":{"index":"index","follow":"follow","max-snippet":"max-snippet:-1","max-image-preview":"max-image-preview:large","max-video-preview":"max-video-preview:-1"},"canonical":"https:\/\/gesed.com\/index.php\/accueil\/comment-faire-un-don\/","og_locale":"fr_FR","og_type":"article","og_title":"Comment faire un don? - Gesed","og_description":"Faites un don pour le GESED Pourquoi faire un don? Votre g\u00e9n\u00e9rosit\u00e9 fait toute la diff\u00e9rence dans la vie des personnes touch\u00e9es par le Syndrome d&rsquo;Ehlers-Danlos (SED). Chaque don effectu\u00e9 contribue directement \u00e0 financer les activit\u00e9s et les projets essentiels du GESED. Cela permet \u00e9galement de faire des actions de sensibilisation dans les \u00e9coles, lors d\u2019\u00e9v\u00e9nements et d\u2019offrir une \u00e9coute attentive aux patients et leurs familles. Comment faire un don? Pour faire un don, versez le montant souhait\u00e9 sur le num\u00e9ro de compte de l\u2019asbl :GESED asbl IBAN : BE35 0682 5157 0537 (BIC : GKCCBEBB)Communication libre : \u201cNom + Pr\u00e9nom &#8211; Don 20xx\u201d (ou anonyme) \u26a0\ufe0f le GESED asbl n&rsquo;a pas encore la possibilit\u00e9 de d\u00e9livrer des attestations fiscales pour les dons L&rsquo;impact de votre don : Gr\u00e2ce aux dons pr\u00e9c\u00e9demment re\u00e7us, nous avons notamment pu : organiser une journ\u00e9e de d\u00e9tente \u00e0 Aywaille, entre amis et familles organiser des journ\u00e9es de sensibilisation dans les \u00e9coles ou sur des \u00e9v\u00e9nements financer une partie des ateliers propos\u00e9s aux membres et non membres de l\u2019asbl organiser une journ\u00e9e r\u00e9cr\u00e9ative et d\u00e9couverte \u00e0 Technopolis mettre un peu de l\u00e9g\u00e8ret\u00e9 dans le quotidien des personnes atteintes du SED et favoriser les rencontres pour \u00e9changer et s\u2019\u00e9vader Chaque contribution, quelle que soit sa taille, a donc un impact significatif sur notre capacit\u00e9 \u00e0 soutenir les personnes et les proches qui vivent la maladie au quotidien !","og_url":"https:\/\/gesed.com\/index.php\/accueil\/comment-faire-un-don\/","og_site_name":"Gesed","article_publisher":"https:\/\/www.facebook.com\/gesedasbl","article_modified_time":"2025-06-17T15:22:00+00:00","twitter_card":"summary_large_image","twitter_misc":{"Dur\u00e9e de lecture estim\u00e9e":"2 minutes"},"schema":{"@context":"https:\/\/schema.org","@graph":[{"@type":"WebPage","@id":"https:\/\/gesed.com\/index.php\/accueil\/comment-faire-un-don\/","url":"https:\/\/gesed.com\/index.php\/accueil\/comment-faire-un-don\/","name":"Comment faire un don? - Gesed","isPartOf":{"@id":"https:\/\/gesed.com\/#website"},"datePublished":"2024-01-25T17:48:08+00:00","dateModified":"2025-06-17T15:22:00+00:00","breadcrumb":{"@id":"https:\/\/gesed.com\/index.php\/accueil\/comment-faire-un-don\/#breadcrumb"},"inLanguage":"fr-FR","potentialAction":[{"@type":"ReadAction","target":["https:\/\/gesed.com\/index.php\/accueil\/comment-faire-un-don\/"]}]},{"@type":"BreadcrumbList","@id":"https:\/\/gesed.com\/index.php\/accueil\/comment-faire-un-don\/#breadcrumb","itemListElement":[{"@type":"ListItem","position":1,"name":"Accueil","item":"https:\/\/gesed.com\/"},{"@type":"ListItem","position":2,"name":"Accueil","item":"https:\/\/gesed.com\/"},{"@type":"ListItem","position":3,"name":"Comment faire un don?"}]},{"@type":"WebSite","@id":"https:\/\/gesed.com\/#website","url":"https:\/\/gesed.com\/","name":"Gesed","description":"Groupe d&#039;Entraide des Syndr\u00f4mes d&#039;Ehlers-Danlos","potentialAction":[{"@type":"SearchAction","target":{"@type":"EntryPoint","urlTemplate":"https:\/\/gesed.com\/?s={search_term_string}"},"query-input":{"@type":"PropertyValueSpecification","valueRequired":true,"valueName":"search_term_string"}}],"inLanguage":"fr-FR"}]}},"publishpress_future_action":{"enabled":false,"date":"2026-04-29 14:37:11","action":"change-status","newStatus":"draft","terms":[],"taxonomy":"","extraData":[]},"publishpress_future_workflow_manual_trigger":{"enabledWorkflows":[]},"rttpg_featured_image_url":null,"rttpg_author":{"display_name":"YloGesed","author_link":"https:\/\/gesed.com\/index.php\/author\/admin2349\/"},"rttpg_comment":0,"rttpg_category":null,"rttpg_excerpt":"Faites un don pour le GESED Pourquoi faire un don? Votre g\u00e9n\u00e9rosit\u00e9 fait toute la diff\u00e9rence dans la vie des personnes touch\u00e9es par le Syndrome d&rsquo;Ehlers-Danlos (SED). Chaque don effectu\u00e9 contribue directement \u00e0 financer les activit\u00e9s et les projets essentiels du GESED. Cela permet \u00e9galement de faire des actions de sensibilisation dans les \u00e9coles, lors\u2026","_links":{"self":[{"href":"https:\/\/gesed.com\/index.php\/wp-json\/wp\/v2\/pages\/266","targetHints":{"allow":["GET"]}}],"collection":[{"href":"https:\/\/gesed.com\/index.php\/wp-json\/wp\/v2\/pages"}],"about":[{"href":"https:\/\/gesed.com\/index.php\/wp-json\/wp\/v2\/types\/page"}],"author":[{"embeddable":true,"href":"https:\/\/gesed.com\/index.php\/wp-json\/wp\/v2\/users\/1"}],"replies":[{"embeddable":true,"href":"https:\/\/gesed.com\/index.php\/wp-json\/wp\/v2\/comments?post=266"}],"version-history":[{"count":28,"href":"https:\/\/gesed.com\/index.php\/wp-json\/wp\/v2\/pages\/266\/revisions"}],"predecessor-version":[{"id":6708,"href":"https:\/\/gesed.com\/index.php\/wp-json\/wp\/v2\/pages\/266\/revisions\/6708"}],"up":[{"embeddable":true,"href":"https:\/\/gesed.com\/index.php\/wp-json\/wp\/v2\/pages\/227"}],"wp:attachment":[{"href":"https:\/\/gesed.com\/index.php\/wp-json\/wp\/v2\/media?parent=266"}],"curies":[{"name":"wp","href":"https:\/\/api.w.org\/{rel}","templated":true}]}}