{"id":277,"date":"2024-01-25T18:55:13","date_gmt":"2024-01-25T17:55:13","guid":{"rendered":"https:\/\/gesed.org\/?page_id=277"},"modified":"2024-09-26T18:53:01","modified_gmt":"2024-09-26T16:53:01","slug":"volontaire-pour-le-gesed","status":"publish","type":"page","link":"https:\/\/gesed.com\/index.php\/accueil\/volontaire-pour-le-gesed\/","title":{"rendered":"Volontaire pour le Gesed?"},"content":{"rendered":"\t\t<div data-elementor-type=\"wp-page\" data-elementor-id=\"277\" class=\"elementor elementor-277\" wpc-filter-elementor-widget=\"1\">\n\t\t\t\t<div class=\"elementor-element elementor-element-e06e059 e-flex e-con-boxed wpr-particle-no wpr-jarallax-no wpr-parallax-no wpr-sticky-section-no wpr-equal-height-no e-con e-parent\" data-id=\"e06e059\" data-element_type=\"container\" data-e-type=\"container\">\n\t\t\t\t\t<div class=\"e-con-inner\">\n\t\t\t\t<div class=\"elementor-element elementor-element-0489c9f exad-sticky-section-no exad-glass-effect-no elementor-widget elementor-widget-text-editor\" data-id=\"0489c9f\" data-element_type=\"widget\" data-e-type=\"widget\" data-widget_type=\"text-editor.default\">\n\t\t\t\t<div class=\"elementor-widget-container\">\n\t\t\t\t\t\t\t\t\t<p><strong>Faites une Diff\u00e9rence : Devenez B\u00e9n\u00e9vole au sein du GESED<\/strong><\/p>\t\t\t\t\t\t\t\t<\/div>\n\t\t\t\t<\/div>\n\t\t\t\t\t<\/div>\n\t\t\t\t<\/div>\n\t\t<div class=\"elementor-element elementor-element-5095f32 e-flex e-con-boxed wpr-particle-no wpr-jarallax-no wpr-parallax-no wpr-sticky-section-no wpr-equal-height-no e-con e-parent\" data-id=\"5095f32\" data-element_type=\"container\" data-e-type=\"container\">\n\t\t\t\t\t<div class=\"e-con-inner\">\n\t\t\t\t<div class=\"elementor-element elementor-element-3fa4b42 exad-sticky-section-no exad-glass-effect-no elementor-widget elementor-widget-text-editor\" data-id=\"3fa4b42\" data-element_type=\"widget\" data-e-type=\"widget\" data-widget_type=\"text-editor.default\">\n\t\t\t\t<div class=\"elementor-widget-container\">\n\t\t\t\t\t\t\t\t\t<p>Le GESED recherche constamment des b\u00e9n\u00e9voles motiv\u00e9s pour d\u00e9velopper ses activit\u00e9s. Ils jouent un r\u00f4le \u00e0 part enti\u00e8re dans l\u2019association et peuvent apporter leur pierre \u00e0 l\u2019\u00e9difice. Les t\u00e2ches sont vari\u00e9es pour que chacun puisse mettre ses propres comp\u00e9tences au profit des nombreux projets de l\u2019ASBL.<br \/>Il n\u2019est pas n\u00e9cessaire d\u2019\u00eatre atteint du SED pour apporter son aide.<br \/><br \/><\/p><p><span style=\"text-decoration: underline;\"><em><strong>Pourquoi devenir b\u00e9n\u00e9vole?<\/strong><\/em><\/span><\/p><p>Votre engagement b\u00e9n\u00e9vole est crucial pour soutenir notre travail en faveur des personnes touch\u00e9es par le SED. En donnant de votre temps et de vos comp\u00e9tences, vous aidez \u00e0 sensibiliser, \u00e0 soutenir et \u00e0 am\u00e9liorer la vie de ceux qui vivent avec le SED. Les t\u00e2ches b\u00e9n\u00e9voles peuvent inclure, entre autres :<\/p><ul><li style=\"list-style-type: none;\"><ul><li>l&rsquo;assistance dans les t\u00e2ches administratives<\/li><li>la participation et la repr\u00e9sentation de l&rsquo;association \u00e0 diff\u00e9rents \u00e9v\u00e9nements<\/li><li>la mise en page et la relecture d&rsquo;articles d\u00e9di\u00e9s au site ou aux newsletters de l&rsquo;association.<br \/><br \/><\/li><\/ul><\/li><\/ul><p><span style=\"text-decoration: underline;\"><em><strong>Comment cela fonctionne ?<\/strong><\/em><\/span><\/p><ul><li>Vous aidez l\u2019asbl sur des t\u00e2ches adapt\u00e9es \u00e0 vos comp\u00e9tences et selon vos envies.<\/li><li>Vous d\u00e9cidez le temps que vous voulez consacrer \u00e0 l\u2019association<\/li><li>Vous participez \u00e0 des r\u00e9unions pour donner votre avis et rencontrer d\u2019autres volontaires.<\/li><li>Vous \u00eates assur\u00e9.e et nous remboursons vos frais de d\u00e9placements.<\/li><li>Vous faites partie d\u2019une communaut\u00e9<br \/><br \/><\/li><\/ul><p><span style=\"text-decoration: underline;\"><em><strong>Comment devenir b\u00e9n\u00e9vole?<\/strong><\/em><\/span><\/p><p>Vous \u00eates int\u00e9ress\u00e9.e de devenir b\u00e9n\u00e9vole et rejoindre l\u2019\u00e9quipe du GESED ? Prenez contact via contact@gesed.com ou par t\u00e9l\u00e9phone au 0474\/10.59.83.<\/p>\t\t\t\t\t\t\t\t<\/div>\n\t\t\t\t<\/div>\n\t\t\t\t\t<\/div>\n\t\t\t\t<\/div>\n\t\t\t\t<\/div>\n\t\t","protected":false},"excerpt":{"rendered":"<p>Faites une Diff\u00e9rence : Devenez B\u00e9n\u00e9vole au sein du GESED Le GESED recherche constamment des b\u00e9n\u00e9voles motiv\u00e9s pour d\u00e9velopper ses activit\u00e9s. Ils jouent un r\u00f4le \u00e0 part enti\u00e8re dans l\u2019association et peuvent apporter leur pierre \u00e0 l\u2019\u00e9difice. Les t\u00e2ches sont vari\u00e9es pour que chacun puisse mettre ses propres comp\u00e9tences au profit des nombreux projets de l\u2019ASBL.Il n\u2019est pas n\u00e9cessaire d\u2019\u00eatre atteint du SED pour apporter son aide. Pourquoi devenir b\u00e9n\u00e9vole? Votre engagement b\u00e9n\u00e9vole est crucial pour soutenir notre travail en faveur des personnes touch\u00e9es par le SED. En donnant de votre temps et de vos comp\u00e9tences, vous aidez \u00e0 sensibiliser, \u00e0 soutenir et \u00e0 am\u00e9liorer la vie de ceux qui vivent avec le SED. Les t\u00e2ches b\u00e9n\u00e9voles peuvent inclure, entre autres : l&rsquo;assistance dans les t\u00e2ches administratives la participation et la repr\u00e9sentation de l&rsquo;association \u00e0 diff\u00e9rents \u00e9v\u00e9nements la mise en page et la relecture d&rsquo;articles d\u00e9di\u00e9s au site ou aux newsletters de l&rsquo;association. Comment cela fonctionne ? Vous aidez l\u2019asbl sur des t\u00e2ches adapt\u00e9es \u00e0 vos comp\u00e9tences et selon vos envies. Vous d\u00e9cidez le temps que vous voulez consacrer \u00e0 l\u2019association Vous participez \u00e0 des r\u00e9unions pour donner votre avis et rencontrer d\u2019autres volontaires. Vous \u00eates assur\u00e9.e et nous remboursons vos frais de d\u00e9placements. Vous faites partie d\u2019une communaut\u00e9 Comment devenir b\u00e9n\u00e9vole? Vous \u00eates int\u00e9ress\u00e9.e de devenir b\u00e9n\u00e9vole et rejoindre l\u2019\u00e9quipe du GESED ? Prenez contact via contact@gesed.com ou par t\u00e9l\u00e9phone au 0474\/10.59.83.<\/p>\n","protected":false},"author":1,"featured_media":0,"parent":227,"menu_order":0,"comment_status":"closed","ping_status":"closed","template":"","meta":{"ocean_post_layout":"","ocean_both_sidebars_style":"","ocean_both_sidebars_content_width":0,"ocean_both_sidebars_sidebars_width":0,"ocean_sidebar":"","ocean_second_sidebar":"","ocean_disable_margins":"enable","ocean_add_body_class":"","ocean_shortcode_before_top_bar":"","ocean_shortcode_after_top_bar":"","ocean_shortcode_before_header":"","ocean_shortcode_after_header":"","ocean_has_shortcode":"","ocean_shortcode_after_title":"","ocean_shortcode_before_footer_widgets":"","ocean_shortcode_after_footer_widgets":"","ocean_shortcode_before_footer_bottom":"","ocean_shortcode_after_footer_bottom":"","ocean_display_top_bar":"default","ocean_display_header":"default","ocean_header_style":"","ocean_center_header_left_menu":"","ocean_custom_header_template":"","ocean_custom_logo":0,"ocean_custom_retina_logo":0,"ocean_custom_logo_max_width":0,"ocean_custom_logo_tablet_max_width":0,"ocean_custom_logo_mobile_max_width":0,"ocean_custom_logo_max_height":0,"ocean_custom_logo_tablet_max_height":0,"ocean_custom_logo_mobile_max_height":0,"ocean_header_custom_menu":"","ocean_menu_typo_font_family":"","ocean_menu_typo_font_subset":"","ocean_menu_typo_font_size":0,"ocean_menu_typo_font_size_tablet":0,"ocean_menu_typo_font_size_mobile":0,"ocean_menu_typo_font_size_unit":"px","ocean_menu_typo_font_weight":"","ocean_menu_typo_font_weight_tablet":"","ocean_menu_typo_font_weight_mobile":"","ocean_menu_typo_transform":"","ocean_menu_typo_transform_tablet":"","ocean_menu_typo_transform_mobile":"","ocean_menu_typo_line_height":0,"ocean_menu_typo_line_height_tablet":0,"ocean_menu_typo_line_height_mobile":0,"ocean_menu_typo_line_height_unit":"","ocean_menu_typo_spacing":0,"ocean_menu_typo_spacing_tablet":0,"ocean_menu_typo_spacing_mobile":0,"ocean_menu_typo_spacing_unit":"","ocean_menu_link_color":"","ocean_menu_link_color_hover":"","ocean_menu_link_color_active":"","ocean_menu_link_background":"","ocean_menu_link_hover_background":"","ocean_menu_link_active_background":"","ocean_menu_social_links_bg":"","ocean_menu_social_hover_links_bg":"","ocean_menu_social_links_color":"","ocean_menu_social_hover_links_color":"","ocean_disable_title":"default","ocean_disable_heading":"default","ocean_post_title":"","ocean_post_subheading":"","ocean_post_title_style":"","ocean_post_title_background_color":"","ocean_post_title_background":0,"ocean_post_title_bg_image_position":"","ocean_post_title_bg_image_attachment":"","ocean_post_title_bg_image_repeat":"","ocean_post_title_bg_image_size":"","ocean_post_title_height":0,"ocean_post_title_bg_overlay":0.5,"ocean_post_title_bg_overlay_color":"","ocean_disable_breadcrumbs":"default","ocean_breadcrumbs_color":"","ocean_breadcrumbs_separator_color":"","ocean_breadcrumbs_links_color":"","ocean_breadcrumbs_links_hover_color":"","ocean_display_footer_widgets":"default","ocean_display_footer_bottom":"default","ocean_custom_footer_template":"","footnotes":""},"class_list":["post-277","page","type-page","status-publish","hentry","entry"],"yoast_head":"<!-- This site is optimized with the Yoast SEO plugin v27.4 - https:\/\/yoast.com\/product\/yoast-seo-wordpress\/ -->\n<title>Volontaire pour le Gesed? - Gesed<\/title>\n<meta name=\"robots\" content=\"index, follow, max-snippet:-1, max-image-preview:large, max-video-preview:-1\" \/>\n<link rel=\"canonical\" href=\"https:\/\/gesed.com\/index.php\/accueil\/volontaire-pour-le-gesed\/\" \/>\n<meta property=\"og:locale\" content=\"fr_FR\" \/>\n<meta property=\"og:type\" content=\"article\" \/>\n<meta property=\"og:title\" content=\"Volontaire pour le Gesed? - Gesed\" \/>\n<meta property=\"og:description\" content=\"Faites une Diff\u00e9rence : Devenez B\u00e9n\u00e9vole au sein du GESED Le GESED recherche constamment des b\u00e9n\u00e9voles motiv\u00e9s pour d\u00e9velopper ses activit\u00e9s. Ils jouent un r\u00f4le \u00e0 part enti\u00e8re dans l\u2019association et peuvent apporter leur pierre \u00e0 l\u2019\u00e9difice. Les t\u00e2ches sont vari\u00e9es pour que chacun puisse mettre ses propres comp\u00e9tences au profit des nombreux projets de l\u2019ASBL.Il n\u2019est pas n\u00e9cessaire d\u2019\u00eatre atteint du SED pour apporter son aide. Pourquoi devenir b\u00e9n\u00e9vole? Votre engagement b\u00e9n\u00e9vole est crucial pour soutenir notre travail en faveur des personnes touch\u00e9es par le SED. En donnant de votre temps et de vos comp\u00e9tences, vous aidez \u00e0 sensibiliser, \u00e0 soutenir et \u00e0 am\u00e9liorer la vie de ceux qui vivent avec le SED. Les t\u00e2ches b\u00e9n\u00e9voles peuvent inclure, entre autres : l&rsquo;assistance dans les t\u00e2ches administratives la participation et la repr\u00e9sentation de l&rsquo;association \u00e0 diff\u00e9rents \u00e9v\u00e9nements la mise en page et la relecture d&rsquo;articles d\u00e9di\u00e9s au site ou aux newsletters de l&rsquo;association. Comment cela fonctionne ? Vous aidez l\u2019asbl sur des t\u00e2ches adapt\u00e9es \u00e0 vos comp\u00e9tences et selon vos envies. Vous d\u00e9cidez le temps que vous voulez consacrer \u00e0 l\u2019association Vous participez \u00e0 des r\u00e9unions pour donner votre avis et rencontrer d\u2019autres volontaires. Vous \u00eates assur\u00e9.e et nous remboursons vos frais de d\u00e9placements. Vous faites partie d\u2019une communaut\u00e9 Comment devenir b\u00e9n\u00e9vole? Vous \u00eates int\u00e9ress\u00e9.e de devenir b\u00e9n\u00e9vole et rejoindre l\u2019\u00e9quipe du GESED ? Prenez contact via contact@gesed.com ou par t\u00e9l\u00e9phone au 0474\/10.59.83.\" \/>\n<meta property=\"og:url\" content=\"https:\/\/gesed.com\/index.php\/accueil\/volontaire-pour-le-gesed\/\" \/>\n<meta property=\"og:site_name\" content=\"Gesed\" \/>\n<meta property=\"article:publisher\" content=\"https:\/\/www.facebook.com\/gesedasbl\" \/>\n<meta property=\"article:modified_time\" content=\"2024-09-26T16:53:01+00:00\" \/>\n<meta name=\"twitter:card\" content=\"summary_large_image\" \/>\n<meta name=\"twitter:label1\" content=\"Dur\u00e9e de lecture estim\u00e9e\" \/>\n\t<meta name=\"twitter:data1\" content=\"2 minutes\" \/>\n<script type=\"application\/ld+json\" class=\"yoast-schema-graph\">{\"@context\":\"https:\\\/\\\/schema.org\",\"@graph\":[{\"@type\":\"WebPage\",\"@id\":\"https:\\\/\\\/gesed.com\\\/index.php\\\/accueil\\\/volontaire-pour-le-gesed\\\/\",\"url\":\"https:\\\/\\\/gesed.com\\\/index.php\\\/accueil\\\/volontaire-pour-le-gesed\\\/\",\"name\":\"Volontaire pour le Gesed? - Gesed\",\"isPartOf\":{\"@id\":\"https:\\\/\\\/gesed.com\\\/#website\"},\"datePublished\":\"2024-01-25T17:55:13+00:00\",\"dateModified\":\"2024-09-26T16:53:01+00:00\",\"breadcrumb\":{\"@id\":\"https:\\\/\\\/gesed.com\\\/index.php\\\/accueil\\\/volontaire-pour-le-gesed\\\/#breadcrumb\"},\"inLanguage\":\"fr-FR\",\"potentialAction\":[{\"@type\":\"ReadAction\",\"target\":[\"https:\\\/\\\/gesed.com\\\/index.php\\\/accueil\\\/volontaire-pour-le-gesed\\\/\"]}]},{\"@type\":\"BreadcrumbList\",\"@id\":\"https:\\\/\\\/gesed.com\\\/index.php\\\/accueil\\\/volontaire-pour-le-gesed\\\/#breadcrumb\",\"itemListElement\":[{\"@type\":\"ListItem\",\"position\":1,\"name\":\"Accueil\",\"item\":\"https:\\\/\\\/gesed.com\\\/\"},{\"@type\":\"ListItem\",\"position\":2,\"name\":\"Accueil\",\"item\":\"https:\\\/\\\/gesed.com\\\/\"},{\"@type\":\"ListItem\",\"position\":3,\"name\":\"Volontaire pour le Gesed?\"}]},{\"@type\":\"WebSite\",\"@id\":\"https:\\\/\\\/gesed.com\\\/#website\",\"url\":\"https:\\\/\\\/gesed.com\\\/\",\"name\":\"Gesed\",\"description\":\"Groupe d&#039;Entraide des Syndr\u00f4mes d&#039;Ehlers-Danlos\",\"potentialAction\":[{\"@type\":\"SearchAction\",\"target\":{\"@type\":\"EntryPoint\",\"urlTemplate\":\"https:\\\/\\\/gesed.com\\\/?s={search_term_string}\"},\"query-input\":{\"@type\":\"PropertyValueSpecification\",\"valueRequired\":true,\"valueName\":\"search_term_string\"}}],\"inLanguage\":\"fr-FR\"}]}<\/script>\n<!-- \/ Yoast SEO plugin. -->","yoast_head_json":{"title":"Volontaire pour le Gesed? - Gesed","robots":{"index":"index","follow":"follow","max-snippet":"max-snippet:-1","max-image-preview":"max-image-preview:large","max-video-preview":"max-video-preview:-1"},"canonical":"https:\/\/gesed.com\/index.php\/accueil\/volontaire-pour-le-gesed\/","og_locale":"fr_FR","og_type":"article","og_title":"Volontaire pour le Gesed? - Gesed","og_description":"Faites une Diff\u00e9rence : Devenez B\u00e9n\u00e9vole au sein du GESED Le GESED recherche constamment des b\u00e9n\u00e9voles motiv\u00e9s pour d\u00e9velopper ses activit\u00e9s. Ils jouent un r\u00f4le \u00e0 part enti\u00e8re dans l\u2019association et peuvent apporter leur pierre \u00e0 l\u2019\u00e9difice. Les t\u00e2ches sont vari\u00e9es pour que chacun puisse mettre ses propres comp\u00e9tences au profit des nombreux projets de l\u2019ASBL.Il n\u2019est pas n\u00e9cessaire d\u2019\u00eatre atteint du SED pour apporter son aide. Pourquoi devenir b\u00e9n\u00e9vole? Votre engagement b\u00e9n\u00e9vole est crucial pour soutenir notre travail en faveur des personnes touch\u00e9es par le SED. En donnant de votre temps et de vos comp\u00e9tences, vous aidez \u00e0 sensibiliser, \u00e0 soutenir et \u00e0 am\u00e9liorer la vie de ceux qui vivent avec le SED. Les t\u00e2ches b\u00e9n\u00e9voles peuvent inclure, entre autres : l&rsquo;assistance dans les t\u00e2ches administratives la participation et la repr\u00e9sentation de l&rsquo;association \u00e0 diff\u00e9rents \u00e9v\u00e9nements la mise en page et la relecture d&rsquo;articles d\u00e9di\u00e9s au site ou aux newsletters de l&rsquo;association. Comment cela fonctionne ? Vous aidez l\u2019asbl sur des t\u00e2ches adapt\u00e9es \u00e0 vos comp\u00e9tences et selon vos envies. Vous d\u00e9cidez le temps que vous voulez consacrer \u00e0 l\u2019association Vous participez \u00e0 des r\u00e9unions pour donner votre avis et rencontrer d\u2019autres volontaires. Vous \u00eates assur\u00e9.e et nous remboursons vos frais de d\u00e9placements. Vous faites partie d\u2019une communaut\u00e9 Comment devenir b\u00e9n\u00e9vole? Vous \u00eates int\u00e9ress\u00e9.e de devenir b\u00e9n\u00e9vole et rejoindre l\u2019\u00e9quipe du GESED ? Prenez contact via contact@gesed.com ou par t\u00e9l\u00e9phone au 0474\/10.59.83.","og_url":"https:\/\/gesed.com\/index.php\/accueil\/volontaire-pour-le-gesed\/","og_site_name":"Gesed","article_publisher":"https:\/\/www.facebook.com\/gesedasbl","article_modified_time":"2024-09-26T16:53:01+00:00","twitter_card":"summary_large_image","twitter_misc":{"Dur\u00e9e de lecture estim\u00e9e":"2 minutes"},"schema":{"@context":"https:\/\/schema.org","@graph":[{"@type":"WebPage","@id":"https:\/\/gesed.com\/index.php\/accueil\/volontaire-pour-le-gesed\/","url":"https:\/\/gesed.com\/index.php\/accueil\/volontaire-pour-le-gesed\/","name":"Volontaire pour le Gesed? - Gesed","isPartOf":{"@id":"https:\/\/gesed.com\/#website"},"datePublished":"2024-01-25T17:55:13+00:00","dateModified":"2024-09-26T16:53:01+00:00","breadcrumb":{"@id":"https:\/\/gesed.com\/index.php\/accueil\/volontaire-pour-le-gesed\/#breadcrumb"},"inLanguage":"fr-FR","potentialAction":[{"@type":"ReadAction","target":["https:\/\/gesed.com\/index.php\/accueil\/volontaire-pour-le-gesed\/"]}]},{"@type":"BreadcrumbList","@id":"https:\/\/gesed.com\/index.php\/accueil\/volontaire-pour-le-gesed\/#breadcrumb","itemListElement":[{"@type":"ListItem","position":1,"name":"Accueil","item":"https:\/\/gesed.com\/"},{"@type":"ListItem","position":2,"name":"Accueil","item":"https:\/\/gesed.com\/"},{"@type":"ListItem","position":3,"name":"Volontaire pour le Gesed?"}]},{"@type":"WebSite","@id":"https:\/\/gesed.com\/#website","url":"https:\/\/gesed.com\/","name":"Gesed","description":"Groupe d&#039;Entraide des Syndr\u00f4mes d&#039;Ehlers-Danlos","potentialAction":[{"@type":"SearchAction","target":{"@type":"EntryPoint","urlTemplate":"https:\/\/gesed.com\/?s={search_term_string}"},"query-input":{"@type":"PropertyValueSpecification","valueRequired":true,"valueName":"search_term_string"}}],"inLanguage":"fr-FR"}]}},"publishpress_future_action":{"enabled":false,"date":"2026-04-29 14:20:43","action":"change-status","newStatus":"draft","terms":[],"taxonomy":"","extraData":[]},"publishpress_future_workflow_manual_trigger":{"enabledWorkflows":[]},"rttpg_featured_image_url":null,"rttpg_author":{"display_name":"YloGesed","author_link":"https:\/\/gesed.com\/index.php\/author\/admin2349\/"},"rttpg_comment":0,"rttpg_category":null,"rttpg_excerpt":"Faites une Diff\u00e9rence : Devenez B\u00e9n\u00e9vole au sein du GESED Le GESED recherche constamment des b\u00e9n\u00e9voles motiv\u00e9s pour d\u00e9velopper ses activit\u00e9s. Ils jouent un r\u00f4le \u00e0 part enti\u00e8re dans l\u2019association et peuvent apporter leur pierre \u00e0 l\u2019\u00e9difice. Les t\u00e2ches sont vari\u00e9es pour que chacun puisse mettre ses propres comp\u00e9tences au profit des nombreux projets de\u2026","_links":{"self":[{"href":"https:\/\/gesed.com\/index.php\/wp-json\/wp\/v2\/pages\/277","targetHints":{"allow":["GET"]}}],"collection":[{"href":"https:\/\/gesed.com\/index.php\/wp-json\/wp\/v2\/pages"}],"about":[{"href":"https:\/\/gesed.com\/index.php\/wp-json\/wp\/v2\/types\/page"}],"author":[{"embeddable":true,"href":"https:\/\/gesed.com\/index.php\/wp-json\/wp\/v2\/users\/1"}],"replies":[{"embeddable":true,"href":"https:\/\/gesed.com\/index.php\/wp-json\/wp\/v2\/comments?post=277"}],"version-history":[{"count":13,"href":"https:\/\/gesed.com\/index.php\/wp-json\/wp\/v2\/pages\/277\/revisions"}],"predecessor-version":[{"id":4242,"href":"https:\/\/gesed.com\/index.php\/wp-json\/wp\/v2\/pages\/277\/revisions\/4242"}],"up":[{"embeddable":true,"href":"https:\/\/gesed.com\/index.php\/wp-json\/wp\/v2\/pages\/227"}],"wp:attachment":[{"href":"https:\/\/gesed.com\/index.php\/wp-json\/wp\/v2\/media?parent=277"}],"curies":[{"name":"wp","href":"https:\/\/api.w.org\/{rel}","templated":true}]}}