{"id":31,"date":"2024-01-03T21:04:44","date_gmt":"2024-01-03T20:04:44","guid":{"rendered":"https:\/\/gesed.org\/?page_id=31"},"modified":"2024-10-17T11:29:29","modified_gmt":"2024-10-17T09:29:29","slug":"contact","status":"publish","type":"page","link":"https:\/\/gesed.com\/index.php\/contact\/","title":{"rendered":"Contact et liens utiles"},"content":{"rendered":"\t\t<div data-elementor-type=\"wp-page\" data-elementor-id=\"31\" class=\"elementor elementor-31\" wpc-filter-elementor-widget=\"1\">\n\t\t\t\t<div class=\"elementor-element elementor-element-540f5ab e-flex e-con-boxed wpr-particle-no wpr-jarallax-no wpr-parallax-no wpr-sticky-section-no wpr-equal-height-no e-con e-parent\" data-id=\"540f5ab\" data-element_type=\"container\" data-e-type=\"container\">\n\t\t\t\t\t<div class=\"e-con-inner\">\n\t\t<div class=\"elementor-element elementor-element-04b878e e-con-full e-flex wpr-particle-no wpr-jarallax-no wpr-parallax-no wpr-sticky-section-no wpr-equal-height-no e-con e-child\" data-id=\"04b878e\" data-element_type=\"container\" data-e-type=\"container\">\n\t\t\t\t<div class=\"elementor-element elementor-element-9a95d7a exad-sticky-section-no exad-glass-effect-no elementor-widget elementor-widget-spacer\" data-id=\"9a95d7a\" data-element_type=\"widget\" data-e-type=\"widget\" data-widget_type=\"spacer.default\">\n\t\t\t\t<div class=\"elementor-widget-container\">\n\t\t\t\t\t\t\t<div class=\"elementor-spacer\">\n\t\t\t<div class=\"elementor-spacer-inner\"><\/div>\n\t\t<\/div>\n\t\t\t\t\t\t<\/div>\n\t\t\t\t<\/div>\n\t\t\t\t<div class=\"elementor-element elementor-element-85469e2 exad-sticky-section-no exad-glass-effect-no elementor-widget elementor-widget-text-editor\" data-id=\"85469e2\" data-element_type=\"widget\" data-e-type=\"widget\" data-widget_type=\"text-editor.default\">\n\t\t\t\t<div class=\"elementor-widget-container\">\n\t\t\t\t\t\t\t\t\t<h2><span style=\"color: #808080;\"><em><strong>GESED asbl<\/strong><\/em><\/span><\/h2><p><span style=\"color: #808080;\">All\u00e9e Christian de Duve, 11\u00a0 Bte 4 <br \/>1200\u00a0 Bruxelles (Woluw\u00e9 Saint Lambert)<br \/>Belgique<\/span><\/p><p><span style=\"color: #808080;\">0474\/10.59.83\u00a0<br \/>Merci de nous laisser un message; nous ne manquerons pas de vous rappeler.<\/span><\/p><p><span style=\"color: #000080;\"><span style=\"color: #808080;\">Notre adresse email:<\/span><em><a style=\"color: #000080;\" href=\"mailto:contact@gesed.com\" target=\"_blank\" rel=\"noopener\"> contact@gesed.com<\/a><\/em><\/span><\/p><p><span style=\"color: #0000ff;\"><strong><em><span style=\"color: #666699;\">Pour devenir membre de notre association,<\/span><span style=\"color: #333399;\"> <a style=\"color: #333399;\" href=\"https:\/\/gesed.com\/index.php\/devenir-membre-de-lassociation\/\" target=\"_blank\" rel=\"noopener\"><span style=\"text-decoration: underline;\">cliquez ici<\/span><\/a><\/span><\/em><\/strong><\/span><\/p>\t\t\t\t\t\t\t\t<\/div>\n\t\t\t\t<\/div>\n\t\t\t\t<\/div>\n\t\t<div class=\"elementor-element elementor-element-97e461c e-con-full e-flex wpr-particle-no wpr-jarallax-no wpr-parallax-no wpr-sticky-section-no wpr-equal-height-no e-con e-child\" data-id=\"97e461c\" data-element_type=\"container\" data-e-type=\"container\">\n\t\t\t\t<div class=\"elementor-element elementor-element-f7d6bed exad-sticky-section-no exad-glass-effect-no elementor-widget elementor-widget-text-editor\" data-id=\"f7d6bed\" data-element_type=\"widget\" data-e-type=\"widget\" data-widget_type=\"text-editor.default\">\n\t\t\t\t<div class=\"elementor-widget-container\">\n\t\t\t\t\t\t\t\t\t<h2 style=\"text-align: right;\"><em>Quelques liens utiles&#8230;<\/em><\/h2><p style=\"text-align: right;\"><span style=\"color: #333399;\"><em><a style=\"color: #333399;\" href=\"https:\/\/www.college-genetics.be\/fr\/pour-les-professionnels\/liens-utiles-prof\/les-centres-de-genetique-en-belgique.html\" target=\"_blank\" rel=\"noopener\">Centres de g\u00e9n\u00e9tique<\/a><\/em><\/span><\/p><p style=\"text-align: right;\"><span style=\"text-decoration: underline; color: #3366ff;\"><strong><span style=\"color: #0000ff; text-decoration: underline;\">Le SED<\/span><br \/><\/strong><\/span><span style=\"color: #333399;\"><em><a style=\"color: #333399;\" href=\"http:\/\/www.bindweefsel.be\" target=\"_blank\" rel=\"noopener\">Site de l\u2019association flamande<\/a><\/em><\/span><br \/><span style=\"color: #333399;\"><em><a style=\"color: #333399;\" href=\"http:\/\/www.afsed.com\" target=\"_blank\" rel=\"noopener\">Association Fran\u00e7aise des Syndromes d\u2019Ehlers-Danlos AFSED<\/a><\/em><\/span><br \/><span style=\"color: #333399;\"><em><a style=\"color: #333399;\" href=\"https:\/\/sedinfrance.org\/\" target=\"_blank\" rel=\"noopener\">SED in France<\/a><\/em><\/span><br \/><span style=\"color: #333399;\"><em><a style=\"color: #333399;\" href=\"http:\/\/claude.hamonet.free.fr.\/\" target=\"_blank\" rel=\"noopener\">Site du Professeur Hamonet<\/a><\/em><\/span><br \/><span style=\"color: #333399;\"><em><a style=\"color: #333399;\" href=\"http:\/\/www.gersed.com\" target=\"_blank\" rel=\"noopener\">Site du GERSED<\/a><\/em><\/span><br \/><span style=\"color: #333399;\"><em><a style=\"color: #333399;\" href=\"http:\/\/www.ehlers-danlos.com\" target=\"_blank\" rel=\"noopener\">The Ehlers-Danlos Society<\/a><br \/><\/em><\/span><span style=\"color: #333399;\"><em><a style=\"color: #333399;\" href=\"https:\/\/www.centredome.be\/\" target=\"_blank\" rel=\"noopener\">Centre Interdisciplinaire DOME<\/a><\/em><\/span><\/p><p style=\"text-align: right;\"><span style=\"text-decoration: underline; color: #3366ff;\"><strong><span style=\"color: #0000ff; text-decoration: underline;\">Les maladies rares<\/span><br \/><\/strong><\/span><span style=\"color: #333399;\"><em><a style=\"color: #333399;\" href=\"http:\/\/www.rd-b.be\/\" target=\"_blank\" rel=\"noopener\">Rare Disorders Belgium<\/a><\/em><\/span><br \/><span style=\"color: #333399;\"><em><a style=\"color: #333399;\" href=\"https:\/\/www.radiorg.be\/fr\/\" target=\"_blank\" rel=\"noopener\">RaDiOrg<\/a><\/em><\/span><br \/><span style=\"color: #333399;\"><em><a style=\"color: #333399;\" href=\"http:\/\/www.eurordis.org\" target=\"_blank\" rel=\"noopener\">Eurordis<br \/><\/a><a style=\"color: #333399;\" href=\"https:\/\/www.orpha.net\/consor\/cgi-bin\/Disease.php?Ing=FR\" target=\"_blank\" rel=\"noopener\">ORPHANET<\/a><\/em><\/span><\/p><p style=\"text-align: right;\"><span style=\"text-decoration: underline; color: #3366ff;\"><strong><span style=\"color: #0000ff; text-decoration: underline;\">Social, administratif et handicap<\/span><br \/><\/strong><\/span><em><span style=\"color: #333399;\"><a style=\"color: #333399;\" href=\"https:\/\/www.socialsecurity.be\/citizen\/fr\" target=\"_blank\" rel=\"noopener\">Minist\u00e8re des affaires sociales<\/a><\/span><\/em><br \/><em><span style=\"color: #333399;\"><a style=\"color: #333399;\" href=\"https:\/\/www.aviq.be\/\" target=\"_blank\" rel=\"noopener\">AVIQ<\/a><\/span><\/em><br \/><em><span style=\"color: #333399;\"><a style=\"color: #333399;\" href=\"https:\/\/phare.irisnet.be\/\" target=\"_blank\" rel=\"noopener\">PHARE<\/a><\/span><\/em><br \/><em><span style=\"color: #333399;\"><a style=\"color: #333399;\" href=\"https:\/\/www.iriscare.brussels\/fr\/citoyens\/\" target=\"_blank\" rel=\"noopener\">Iriscare<\/a><\/span><\/em><br \/><em><span style=\"color: #333399;\"><a style=\"color: #333399;\" href=\"https:\/\/handicap.belgium.be\/fr\" target=\"_blank\" rel=\"noopener\">DG HAN<\/a><\/span><\/em><br \/><em><span style=\"color: #333399;\"><a style=\"color: #333399;\" href=\"https:\/\/jaidesdroits.be\/\" target=\"_blank\" rel=\"noopener\">J\u2019ai des droits<\/a><\/span><\/em><br \/><em><span style=\"color: #333399;\"><a style=\"color: #333399;\" href=\"https:\/\/www.plateformeannoncehandicap.be\/\" target=\"_blank\" rel=\"noopener\">Annonce du handicap<\/a><\/span><\/em><br \/><em><span style=\"color: #333399;\"><a style=\"color: #333399;\" href=\"https:\/\/www.reseau-sam.be\/fr\" target=\"_blank\" rel=\"noopener\">SAM<\/a><\/span><\/em><br \/><em><span style=\"color: #333399;\"><a style=\"color: #333399;\" href=\"https:\/\/www.aidants-proches.be\/\" target=\"_blank\" rel=\"noopener\">Aidants-proches<\/a><br \/><\/span><\/em><em><span style=\"color: #333399;\"><a style=\"color: #333399;\" href=\"https:\/\/dhei.be\/\" target=\"_blank\" rel=\"noopener\">DHEI (Droit Handicap et Inclusion)<\/a><br \/><\/span><span style=\"color: #333399;\">C<a style=\"color: #333399;\" href=\"https:\/\/www.classcontact.be\/\" target=\"_blank\" rel=\"noopener\">lassContact<\/a><\/span><span style=\"color: #333399;\"><br \/><\/span><\/em><span style=\"color: #333399;\"><em><a style=\"color: #333399;\" href=\"https:\/\/www.luss.be\" target=\"_blank\" rel=\"noopener\">LUSS (Ligue des Usagers des Services de Sant\u00e9)<\/a><br \/><\/em><\/span><a href=\"https:\/\/www.federation-wallonie-bruxelles.be\/\" target=\"_blank\" rel=\"noopener\"><span style=\"color: #333399;\"><em>F\u00e9d\u00e9ration Wallonie Bruxelles<\/em><\/span><\/a><\/p><p style=\"text-align: right;\"><span style=\"text-decoration: underline;\"><strong><span style=\"color: #0000ff; text-decoration: underline;\">Tout sur le handicap<\/span><\/strong><\/span><br \/>\u00e0 Bruxelles: <span style=\"color: #000080;\"><em><a style=\"color: #000080;\" href=\"https:\/\/handicap.brussels\/fr\" target=\"_blank\" rel=\"noopener\">https:\/\/handicap.brussels\/fr<\/a><\/em><\/span><br \/>en Wallonie : <span style=\"color: #000080;\"><em><a style=\"color: #000080;\" href=\"https:\/\/wikiwiph.aviq.be\/\" target=\"_blank\" rel=\"noopener\">https:\/\/wikiwiph.aviq.be\/<\/a><\/em><\/span><\/p>\t\t\t\t\t\t\t\t<\/div>\n\t\t\t\t<\/div>\n\t\t\t\t<div class=\"elementor-element elementor-element-9892b63 exad-sticky-section-no exad-glass-effect-no elementor-widget elementor-widget-spacer\" data-id=\"9892b63\" data-element_type=\"widget\" data-e-type=\"widget\" data-widget_type=\"spacer.default\">\n\t\t\t\t<div class=\"elementor-widget-container\">\n\t\t\t\t\t\t\t<div class=\"elementor-spacer\">\n\t\t\t<div class=\"elementor-spacer-inner\"><\/div>\n\t\t<\/div>\n\t\t\t\t\t\t<\/div>\n\t\t\t\t<\/div>\n\t\t\t\t<\/div>\n\t\t\t\t\t<\/div>\n\t\t\t\t<\/div>\n\t\t<div class=\"elementor-element elementor-element-0c45d2c e-flex e-con-boxed wpr-particle-no wpr-jarallax-no wpr-parallax-no wpr-sticky-section-no wpr-equal-height-no e-con e-parent\" data-id=\"0c45d2c\" data-element_type=\"container\" data-e-type=\"container\">\n\t\t\t\t\t<div class=\"e-con-inner\">\n\t\t\t\t<div class=\"elementor-element elementor-element-e3a7dea exad-sticky-section-no exad-glass-effect-no elementor-widget elementor-widget-spacer\" data-id=\"e3a7dea\" data-element_type=\"widget\" data-e-type=\"widget\" data-widget_type=\"spacer.default\">\n\t\t\t\t<div class=\"elementor-widget-container\">\n\t\t\t\t\t\t\t<div class=\"elementor-spacer\">\n\t\t\t<div class=\"elementor-spacer-inner\"><\/div>\n\t\t<\/div>\n\t\t\t\t\t\t<\/div>\n\t\t\t\t<\/div>\n\t\t\t\t\t<\/div>\n\t\t\t\t<\/div>\n\t\t\t\t<\/div>\n\t\t","protected":false},"excerpt":{"rendered":"<p>GESED asbl All\u00e9e Christian de Duve, 11\u00a0 Bte 4 1200\u00a0 Bruxelles (Woluw\u00e9 Saint Lambert)Belgique 0474\/10.59.83\u00a0Merci de nous laisser un message; nous ne manquerons pas de vous rappeler. Notre adresse email: contact@gesed.com Pour devenir membre de notre association, cliquez ici Quelques liens utiles&#8230; Centres de g\u00e9n\u00e9tique Le SEDSite de l\u2019association flamandeAssociation Fran\u00e7aise des Syndromes d\u2019Ehlers-Danlos AFSEDSED in FranceSite du Professeur HamonetSite du GERSEDThe Ehlers-Danlos SocietyCentre Interdisciplinaire DOME Les maladies raresRare Disorders BelgiumRaDiOrgEurordisORPHANET Social, administratif et handicapMinist\u00e8re des affaires socialesAVIQPHAREIriscareDG HANJ\u2019ai des droitsAnnonce du handicapSAMAidants-prochesDHEI (Droit Handicap et Inclusion)ClassContactLUSS (Ligue des Usagers des Services de Sant\u00e9)F\u00e9d\u00e9ration Wallonie Bruxelles Tout sur le handicap\u00e0 Bruxelles: https:\/\/handicap.brussels\/fren Wallonie : https:\/\/wikiwiph.aviq.be\/<\/p>\n","protected":false},"author":1,"featured_media":0,"parent":0,"menu_order":0,"comment_status":"closed","ping_status":"closed","template":"","meta":{"ocean_post_layout":"","ocean_both_sidebars_style":"","ocean_both_sidebars_content_width":0,"ocean_both_sidebars_sidebars_width":0,"ocean_sidebar":"","ocean_second_sidebar":"","ocean_disable_margins":"enable","ocean_add_body_class":"","ocean_shortcode_before_top_bar":"","ocean_shortcode_after_top_bar":"","ocean_shortcode_before_header":"","ocean_shortcode_after_header":"","ocean_has_shortcode":"","ocean_shortcode_after_title":"","ocean_shortcode_before_footer_widgets":"","ocean_shortcode_after_footer_widgets":"","ocean_shortcode_before_footer_bottom":"","ocean_shortcode_after_footer_bottom":"","ocean_display_top_bar":"default","ocean_display_header":"default","ocean_header_style":"","ocean_center_header_left_menu":"","ocean_custom_header_template":"","ocean_custom_logo":0,"ocean_custom_retina_logo":0,"ocean_custom_logo_max_width":0,"ocean_custom_logo_tablet_max_width":0,"ocean_custom_logo_mobile_max_width":0,"ocean_custom_logo_max_height":0,"ocean_custom_logo_tablet_max_height":0,"ocean_custom_logo_mobile_max_height":0,"ocean_header_custom_menu":"","ocean_menu_typo_font_family":"","ocean_menu_typo_font_subset":"","ocean_menu_typo_font_size":0,"ocean_menu_typo_font_size_tablet":0,"ocean_menu_typo_font_size_mobile":0,"ocean_menu_typo_font_size_unit":"px","ocean_menu_typo_font_weight":"","ocean_menu_typo_font_weight_tablet":"","ocean_menu_typo_font_weight_mobile":"","ocean_menu_typo_transform":"","ocean_menu_typo_transform_tablet":"","ocean_menu_typo_transform_mobile":"","ocean_menu_typo_line_height":0,"ocean_menu_typo_line_height_tablet":0,"ocean_menu_typo_line_height_mobile":0,"ocean_menu_typo_line_height_unit":"","ocean_menu_typo_spacing":0,"ocean_menu_typo_spacing_tablet":0,"ocean_menu_typo_spacing_mobile":0,"ocean_menu_typo_spacing_unit":"","ocean_menu_link_color":"","ocean_menu_link_color_hover":"","ocean_menu_link_color_active":"","ocean_menu_link_background":"","ocean_menu_link_hover_background":"","ocean_menu_link_active_background":"","ocean_menu_social_links_bg":"","ocean_menu_social_hover_links_bg":"","ocean_menu_social_links_color":"","ocean_menu_social_hover_links_color":"","ocean_disable_title":"default","ocean_disable_heading":"default","ocean_post_title":"","ocean_post_subheading":"","ocean_post_title_style":"","ocean_post_title_background_color":"","ocean_post_title_background":0,"ocean_post_title_bg_image_position":"","ocean_post_title_bg_image_attachment":"","ocean_post_title_bg_image_repeat":"","ocean_post_title_bg_image_size":"","ocean_post_title_height":0,"ocean_post_title_bg_overlay":0.5,"ocean_post_title_bg_overlay_color":"","ocean_disable_breadcrumbs":"default","ocean_breadcrumbs_color":"","ocean_breadcrumbs_separator_color":"","ocean_breadcrumbs_links_color":"","ocean_breadcrumbs_links_hover_color":"","ocean_display_footer_widgets":"default","ocean_display_footer_bottom":"default","ocean_custom_footer_template":"","footnotes":""},"class_list":["post-31","page","type-page","status-publish","hentry","entry"],"yoast_head":"<!-- This site is optimized with the Yoast SEO plugin v27.4 - https:\/\/yoast.com\/product\/yoast-seo-wordpress\/ -->\n<title>Contact et liens utiles - Gesed<\/title>\n<meta name=\"robots\" content=\"index, follow, max-snippet:-1, max-image-preview:large, max-video-preview:-1\" \/>\n<link rel=\"canonical\" href=\"https:\/\/gesed.com\/index.php\/contact\/\" \/>\n<meta property=\"og:locale\" content=\"fr_FR\" \/>\n<meta property=\"og:type\" content=\"article\" \/>\n<meta property=\"og:title\" content=\"Contact et liens utiles - Gesed\" \/>\n<meta property=\"og:description\" content=\"GESED asbl All\u00e9e Christian de Duve, 11\u00a0 Bte 4 1200\u00a0 Bruxelles (Woluw\u00e9 Saint Lambert)Belgique 0474\/10.59.83\u00a0Merci de nous laisser un message; nous ne manquerons pas de vous rappeler. Notre adresse email: contact@gesed.com Pour devenir membre de notre association, cliquez ici Quelques liens utiles&#8230; Centres de g\u00e9n\u00e9tique Le SEDSite de l\u2019association flamandeAssociation Fran\u00e7aise des Syndromes d\u2019Ehlers-Danlos AFSEDSED in FranceSite du Professeur HamonetSite du GERSEDThe Ehlers-Danlos SocietyCentre Interdisciplinaire DOME Les maladies raresRare Disorders BelgiumRaDiOrgEurordisORPHANET Social, administratif et handicapMinist\u00e8re des affaires socialesAVIQPHAREIriscareDG HANJ\u2019ai des droitsAnnonce du handicapSAMAidants-prochesDHEI (Droit Handicap et Inclusion)ClassContactLUSS (Ligue des Usagers des Services de Sant\u00e9)F\u00e9d\u00e9ration Wallonie Bruxelles Tout sur le handicap\u00e0 Bruxelles: https:\/\/handicap.brussels\/fren Wallonie : https:\/\/wikiwiph.aviq.be\/\" \/>\n<meta property=\"og:url\" content=\"https:\/\/gesed.com\/index.php\/contact\/\" \/>\n<meta property=\"og:site_name\" content=\"Gesed\" \/>\n<meta property=\"article:publisher\" content=\"https:\/\/www.facebook.com\/gesedasbl\" \/>\n<meta property=\"article:modified_time\" content=\"2024-10-17T09:29:29+00:00\" \/>\n<meta name=\"twitter:card\" content=\"summary_large_image\" \/>\n<meta name=\"twitter:label1\" content=\"Dur\u00e9e de lecture estim\u00e9e\" \/>\n\t<meta name=\"twitter:data1\" content=\"1 minute\" \/>\n<script type=\"application\/ld+json\" class=\"yoast-schema-graph\">{\"@context\":\"https:\\\/\\\/schema.org\",\"@graph\":[{\"@type\":\"WebPage\",\"@id\":\"https:\\\/\\\/gesed.com\\\/index.php\\\/contact\\\/\",\"url\":\"https:\\\/\\\/gesed.com\\\/index.php\\\/contact\\\/\",\"name\":\"Contact et liens utiles - Gesed\",\"isPartOf\":{\"@id\":\"https:\\\/\\\/gesed.com\\\/#website\"},\"datePublished\":\"2024-01-03T20:04:44+00:00\",\"dateModified\":\"2024-10-17T09:29:29+00:00\",\"breadcrumb\":{\"@id\":\"https:\\\/\\\/gesed.com\\\/index.php\\\/contact\\\/#breadcrumb\"},\"inLanguage\":\"fr-FR\",\"potentialAction\":[{\"@type\":\"ReadAction\",\"target\":[\"https:\\\/\\\/gesed.com\\\/index.php\\\/contact\\\/\"]}]},{\"@type\":\"BreadcrumbList\",\"@id\":\"https:\\\/\\\/gesed.com\\\/index.php\\\/contact\\\/#breadcrumb\",\"itemListElement\":[{\"@type\":\"ListItem\",\"position\":1,\"name\":\"Accueil\",\"item\":\"https:\\\/\\\/gesed.com\\\/\"},{\"@type\":\"ListItem\",\"position\":2,\"name\":\"Contact et liens utiles\"}]},{\"@type\":\"WebSite\",\"@id\":\"https:\\\/\\\/gesed.com\\\/#website\",\"url\":\"https:\\\/\\\/gesed.com\\\/\",\"name\":\"Gesed\",\"description\":\"Groupe d&#039;Entraide des Syndr\u00f4mes d&#039;Ehlers-Danlos\",\"potentialAction\":[{\"@type\":\"SearchAction\",\"target\":{\"@type\":\"EntryPoint\",\"urlTemplate\":\"https:\\\/\\\/gesed.com\\\/?s={search_term_string}\"},\"query-input\":{\"@type\":\"PropertyValueSpecification\",\"valueRequired\":true,\"valueName\":\"search_term_string\"}}],\"inLanguage\":\"fr-FR\"}]}<\/script>\n<!-- \/ Yoast SEO plugin. -->","yoast_head_json":{"title":"Contact et liens utiles - Gesed","robots":{"index":"index","follow":"follow","max-snippet":"max-snippet:-1","max-image-preview":"max-image-preview:large","max-video-preview":"max-video-preview:-1"},"canonical":"https:\/\/gesed.com\/index.php\/contact\/","og_locale":"fr_FR","og_type":"article","og_title":"Contact et liens utiles - Gesed","og_description":"GESED asbl All\u00e9e Christian de Duve, 11\u00a0 Bte 4 1200\u00a0 Bruxelles (Woluw\u00e9 Saint Lambert)Belgique 0474\/10.59.83\u00a0Merci de nous laisser un message; nous ne manquerons pas de vous rappeler. Notre adresse email: contact@gesed.com Pour devenir membre de notre association, cliquez ici Quelques liens utiles&#8230; Centres de g\u00e9n\u00e9tique Le SEDSite de l\u2019association flamandeAssociation Fran\u00e7aise des Syndromes d\u2019Ehlers-Danlos AFSEDSED in FranceSite du Professeur HamonetSite du GERSEDThe Ehlers-Danlos SocietyCentre Interdisciplinaire DOME Les maladies raresRare Disorders BelgiumRaDiOrgEurordisORPHANET Social, administratif et handicapMinist\u00e8re des affaires socialesAVIQPHAREIriscareDG HANJ\u2019ai des droitsAnnonce du handicapSAMAidants-prochesDHEI (Droit Handicap et Inclusion)ClassContactLUSS (Ligue des Usagers des Services de Sant\u00e9)F\u00e9d\u00e9ration Wallonie Bruxelles Tout sur le handicap\u00e0 Bruxelles: https:\/\/handicap.brussels\/fren Wallonie : https:\/\/wikiwiph.aviq.be\/","og_url":"https:\/\/gesed.com\/index.php\/contact\/","og_site_name":"Gesed","article_publisher":"https:\/\/www.facebook.com\/gesedasbl","article_modified_time":"2024-10-17T09:29:29+00:00","twitter_card":"summary_large_image","twitter_misc":{"Dur\u00e9e de lecture estim\u00e9e":"1 minute"},"schema":{"@context":"https:\/\/schema.org","@graph":[{"@type":"WebPage","@id":"https:\/\/gesed.com\/index.php\/contact\/","url":"https:\/\/gesed.com\/index.php\/contact\/","name":"Contact et liens utiles - Gesed","isPartOf":{"@id":"https:\/\/gesed.com\/#website"},"datePublished":"2024-01-03T20:04:44+00:00","dateModified":"2024-10-17T09:29:29+00:00","breadcrumb":{"@id":"https:\/\/gesed.com\/index.php\/contact\/#breadcrumb"},"inLanguage":"fr-FR","potentialAction":[{"@type":"ReadAction","target":["https:\/\/gesed.com\/index.php\/contact\/"]}]},{"@type":"BreadcrumbList","@id":"https:\/\/gesed.com\/index.php\/contact\/#breadcrumb","itemListElement":[{"@type":"ListItem","position":1,"name":"Accueil","item":"https:\/\/gesed.com\/"},{"@type":"ListItem","position":2,"name":"Contact et liens utiles"}]},{"@type":"WebSite","@id":"https:\/\/gesed.com\/#website","url":"https:\/\/gesed.com\/","name":"Gesed","description":"Groupe d&#039;Entraide des Syndr\u00f4mes d&#039;Ehlers-Danlos","potentialAction":[{"@type":"SearchAction","target":{"@type":"EntryPoint","urlTemplate":"https:\/\/gesed.com\/?s={search_term_string}"},"query-input":{"@type":"PropertyValueSpecification","valueRequired":true,"valueName":"search_term_string"}}],"inLanguage":"fr-FR"}]}},"publishpress_future_action":{"enabled":false,"date":"2026-04-28 13:46:16","action":"change-status","newStatus":"draft","terms":[],"taxonomy":"","extraData":[]},"publishpress_future_workflow_manual_trigger":{"enabledWorkflows":[]},"rttpg_featured_image_url":null,"rttpg_author":{"display_name":"YloGesed","author_link":"https:\/\/gesed.com\/index.php\/author\/admin2349\/"},"rttpg_comment":0,"rttpg_category":null,"rttpg_excerpt":"GESED asbl All\u00e9e Christian de Duve, 11\u00a0 Bte 4 1200\u00a0 Bruxelles (Woluw\u00e9 Saint Lambert)Belgique 0474\/10.59.83\u00a0Merci de nous laisser un message; nous ne manquerons pas de vous rappeler. Notre adresse email: contact@gesed.com Pour devenir membre de notre association, cliquez ici Quelques liens utiles&#8230; Centres de g\u00e9n\u00e9tique Le SEDSite de l\u2019association flamandeAssociation Fran\u00e7aise des Syndromes d\u2019Ehlers-Danlos AFSEDSED\u2026","_links":{"self":[{"href":"https:\/\/gesed.com\/index.php\/wp-json\/wp\/v2\/pages\/31","targetHints":{"allow":["GET"]}}],"collection":[{"href":"https:\/\/gesed.com\/index.php\/wp-json\/wp\/v2\/pages"}],"about":[{"href":"https:\/\/gesed.com\/index.php\/wp-json\/wp\/v2\/types\/page"}],"author":[{"embeddable":true,"href":"https:\/\/gesed.com\/index.php\/wp-json\/wp\/v2\/users\/1"}],"replies":[{"embeddable":true,"href":"https:\/\/gesed.com\/index.php\/wp-json\/wp\/v2\/comments?post=31"}],"version-history":[{"count":122,"href":"https:\/\/gesed.com\/index.php\/wp-json\/wp\/v2\/pages\/31\/revisions"}],"predecessor-version":[{"id":6315,"href":"https:\/\/gesed.com\/index.php\/wp-json\/wp\/v2\/pages\/31\/revisions\/6315"}],"wp:attachment":[{"href":"https:\/\/gesed.com\/index.php\/wp-json\/wp\/v2\/media?parent=31"}],"curies":[{"name":"wp","href":"https:\/\/api.w.org\/{rel}","templated":true}]}}