{"id":4984,"date":"2024-09-25T11:22:43","date_gmt":"2024-09-25T09:22:43","guid":{"rendered":"https:\/\/gesed.org\/?page_id=4984"},"modified":"2024-09-25T11:24:45","modified_gmt":"2024-09-25T09:24:45","slug":"sed-et-dysphagie-suspicion-de-troubles-phagiques","status":"publish","type":"page","link":"https:\/\/gesed.com\/index.php\/le-sed\/sed-et-dysphagie-suspicion-de-troubles-phagiques\/","title":{"rendered":"SED et dysphagie: suspicion de troubles phagiques"},"content":{"rendered":"\t\t<div data-elementor-type=\"wp-page\" data-elementor-id=\"4984\" class=\"elementor elementor-4984\" wpc-filter-elementor-widget=\"1\">\n\t\t\t\t<div class=\"elementor-element elementor-element-3d903bd e-flex e-con-boxed wpr-particle-no wpr-jarallax-no wpr-parallax-no wpr-sticky-section-no wpr-column-slider-no wpr-equal-height-no e-con e-parent\" data-id=\"3d903bd\" data-element_type=\"container\" data-e-type=\"container\" data-settings=\"{&quot;background_background&quot;:&quot;classic&quot;}\">\n\t\t\t\t\t<div class=\"e-con-inner\">\n\t\t\t\t<div class=\"elementor-element elementor-element-53c2d20 exad-sticky-section-no exad-glass-effect-no elementor-widget elementor-widget-heading\" data-id=\"53c2d20\" data-element_type=\"widget\" data-e-type=\"widget\" data-widget_type=\"heading.default\">\n\t\t\t\t<div class=\"elementor-widget-container\">\n\t\t\t\t\t<h2 class=\"elementor-heading-title elementor-size-default\">SED et dysphagie: suspicion de troubles phagiques<\/h2>\t\t\t\t<\/div>\n\t\t\t\t<\/div>\n\t\t\t\t<div class=\"elementor-element elementor-element-c4060db exad-sticky-section-no exad-glass-effect-no elementor-widget elementor-widget-text-editor\" data-id=\"c4060db\" data-element_type=\"widget\" data-e-type=\"widget\" data-widget_type=\"text-editor.default\">\n\t\t\t\t<div class=\"elementor-widget-container\">\n\t\t\t\t\t\t\t\t\t<p><span style=\"font-weight: 400;\">R\u00e9sum\u00e9<\/span><\/p><p><span style=\"font-weight: 400;\">Les patients porteurs d&rsquo;un syndrome d&rsquo;Ehlers-Danlos (SED) pr\u00e9sentent une multitude de manifestations cliniques d&rsquo;une grande variabilit\u00e9 interindividuelle : hypermobilit\u00e9 articulaire, fragilit\u00e9 cutan\u00e9e, douleurs articulaires et musculaires, asth\u00e9nie, manifestations gastro-intestinales sup\u00e9rieures, troubles de la posture et de la proprioception\u2026 Peu d&rsquo;\u00e9tudes \u00e9voquent les troubles de la d\u00e9glutition dans les SED alors que de nombreux signes laissent penser qu&rsquo;ils pourraient \u00eatre pr\u00e9sents \u00e0 une fr\u00e9quence que nous suspectons \u00e9lev\u00e9e. L&rsquo;objectif de cette \u00e9tude est de mettre en \u00e9vidence, \u00e0 grande \u00e9chelle, d&rsquo;\u00e9ventuelles plaintes phagiques chez les patients porteurs d&rsquo;un SED sans pour autant b\u00e9n\u00e9ficier de prescription de bilan orthophonique. Une enqu\u00eate via un questionnaire d&rsquo;auto-\u00e9valuation a \u00e9t\u00e9 men\u00e9e sur 249 personnes diagnostiqu\u00e9es porteuses d&rsquo;un SED, toutes formes confondues. Elles ont \u00e9t\u00e9 compar\u00e9es \u00e0 250 sujets contr\u00f4les. Les r\u00e9sultats ont montr\u00e9 que les sujets SED pr\u00e9sentaient davantage de signes laissant suspecter des troubles phagiques que la population contr\u00f4le. 90% des sujets SED suspect\u00e9s dysphagiques n&rsquo;avaient pourtant jamais re\u00e7u de prescription m\u00e9dicale pour une \u00e9valuation et une prise en charge orthophonique. Il semble donc primordial d&rsquo;informer les m\u00e9decins et personnels soignants sur la pr\u00e9sence potentielle de troubles de la d\u00e9glutition chez les patients porteurs d&rsquo;un SED et de l&rsquo;utilit\u00e9 de prescrire un bilan orthophonique de d\u00e9glutition afin de pouvoir le r\u00e9aliser et donc investiguer davantage ces troubles polymorphes<\/span><\/p>\t\t\t\t\t\t\t\t<\/div>\n\t\t\t\t<\/div>\n\t\t\t\t<div class=\"elementor-element elementor-element-44165d7 exad-sticky-section-no exad-glass-effect-no elementor-widget elementor-widget-text-editor\" data-id=\"44165d7\" data-element_type=\"widget\" data-e-type=\"widget\" data-widget_type=\"text-editor.default\">\n\t\t\t\t<div class=\"elementor-widget-container\">\n\t\t\t\t\t\t\t\t\t<p><span style=\"font-weight: 400;\">Source : ResearchGate &#8211; F\u00e9vrier 2021<br \/><\/span><a href=\"https:\/\/www.researchgate.net\/publication\/349118261_Syndromes_d'Ehlers-Danlos_et_dysphagie_suspicion_de_troubles_phagiques\" target=\"_blank\" rel=\"noopener\"><span style=\"font-weight: 400;\">https:\/\/www.researchgate.net\/publication\/349118261_Syndromes_d&rsquo;Ehlers-Danlos_et_dysphagie_suspicion_de_troubles_phagiques<\/span><\/a><\/p>\t\t\t\t\t\t\t\t<\/div>\n\t\t\t\t<\/div>\n\t\t\t\t<div class=\"elementor-element elementor-element-c6d82ac elementor-widget-divider--view-line exad-sticky-section-no exad-glass-effect-no elementor-widget elementor-widget-divider\" data-id=\"c6d82ac\" data-element_type=\"widget\" data-e-type=\"widget\" data-widget_type=\"divider.default\">\n\t\t\t\t<div class=\"elementor-widget-container\">\n\t\t\t\t\t\t\t<div class=\"elementor-divider\">\n\t\t\t<span class=\"elementor-divider-separator\">\n\t\t\t\t\t\t<\/span>\n\t\t<\/div>\n\t\t\t\t\t\t<\/div>\n\t\t\t\t<\/div>\n\t\t\t\t<div class=\"elementor-element elementor-element-8182fd2 exad-sticky-section-no exad-glass-effect-no elementor-widget elementor-widget-text-editor\" data-id=\"8182fd2\" data-element_type=\"widget\" data-e-type=\"widget\" data-widget_type=\"text-editor.default\">\n\t\t\t\t<div class=\"elementor-widget-container\">\n\t\t\t\t\t\t\t\t\t<p>\tVous \u00eates ici:\n<span><span><a href=\"https:\/\/gesed.com\/\">Accueil<\/a><\/span><\/span><\/p>\t\t\t\t\t\t\t\t<\/div>\n\t\t\t\t<\/div>\n\t\t\t\t\t<\/div>\n\t\t\t\t<\/div>\n\t\t\t\t<\/div>\n\t\t","protected":false},"excerpt":{"rendered":"<p>SED et dysphagie: suspicion de troubles phagiques R\u00e9sum\u00e9 Les patients porteurs d&rsquo;un syndrome d&rsquo;Ehlers-Danlos (SED) pr\u00e9sentent une multitude de manifestations cliniques d&rsquo;une grande variabilit\u00e9 interindividuelle : hypermobilit\u00e9 articulaire, fragilit\u00e9 cutan\u00e9e, douleurs articulaires et musculaires, asth\u00e9nie, manifestations gastro-intestinales sup\u00e9rieures, troubles de la posture et de la proprioception\u2026 Peu d&rsquo;\u00e9tudes \u00e9voquent les troubles de la d\u00e9glutition dans les SED alors que de nombreux signes laissent penser qu&rsquo;ils pourraient \u00eatre pr\u00e9sents \u00e0 une fr\u00e9quence que nous suspectons \u00e9lev\u00e9e. L&rsquo;objectif de cette \u00e9tude est de mettre en \u00e9vidence, \u00e0 grande \u00e9chelle, d&rsquo;\u00e9ventuelles plaintes phagiques chez les patients porteurs d&rsquo;un SED sans pour autant b\u00e9n\u00e9ficier de prescription de bilan orthophonique. Une enqu\u00eate via un questionnaire d&rsquo;auto-\u00e9valuation a \u00e9t\u00e9 men\u00e9e sur 249 personnes diagnostiqu\u00e9es porteuses d&rsquo;un SED, toutes formes confondues. Elles ont \u00e9t\u00e9 compar\u00e9es \u00e0 250 sujets contr\u00f4les. Les r\u00e9sultats ont montr\u00e9 que les sujets SED pr\u00e9sentaient davantage de signes laissant suspecter des troubles phagiques que la population contr\u00f4le. 90% des sujets SED suspect\u00e9s dysphagiques n&rsquo;avaient pourtant jamais re\u00e7u de prescription m\u00e9dicale pour une \u00e9valuation et une prise en charge orthophonique. Il semble donc primordial d&rsquo;informer les m\u00e9decins et personnels soignants sur la pr\u00e9sence potentielle de troubles de la d\u00e9glutition chez les patients porteurs d&rsquo;un SED et de l&rsquo;utilit\u00e9 de prescrire un bilan orthophonique de d\u00e9glutition afin de pouvoir le r\u00e9aliser et donc investiguer davantage ces troubles polymorphes Source : ResearchGate &#8211; F\u00e9vrier 2021https:\/\/www.researchgate.net\/publication\/349118261_Syndromes_d&rsquo;Ehlers-Danlos_et_dysphagie_suspicion_de_troubles_phagiques<\/p>\n","protected":false},"author":1,"featured_media":0,"parent":1375,"menu_order":0,"comment_status":"closed","ping_status":"closed","template":"","meta":{"ocean_post_layout":"","ocean_both_sidebars_style":"","ocean_both_sidebars_content_width":0,"ocean_both_sidebars_sidebars_width":0,"ocean_sidebar":"","ocean_second_sidebar":"","ocean_disable_margins":"enable","ocean_add_body_class":"","ocean_shortcode_before_top_bar":"","ocean_shortcode_after_top_bar":"","ocean_shortcode_before_header":"","ocean_shortcode_after_header":"","ocean_has_shortcode":"","ocean_shortcode_after_title":"","ocean_shortcode_before_footer_widgets":"","ocean_shortcode_after_footer_widgets":"","ocean_shortcode_before_footer_bottom":"","ocean_shortcode_after_footer_bottom":"","ocean_display_top_bar":"off","ocean_display_header":"off","ocean_header_style":"minimal","ocean_center_header_left_menu":"","ocean_custom_header_template":"","ocean_custom_logo":0,"ocean_custom_retina_logo":0,"ocean_custom_logo_max_width":0,"ocean_custom_logo_tablet_max_width":0,"ocean_custom_logo_mobile_max_width":0,"ocean_custom_logo_max_height":0,"ocean_custom_logo_tablet_max_height":0,"ocean_custom_logo_mobile_max_height":0,"ocean_header_custom_menu":"","ocean_menu_typo_font_family":"","ocean_menu_typo_font_subset":"","ocean_menu_typo_font_size":0,"ocean_menu_typo_font_size_tablet":0,"ocean_menu_typo_font_size_mobile":0,"ocean_menu_typo_font_size_unit":"px","ocean_menu_typo_font_weight":"","ocean_menu_typo_font_weight_tablet":"","ocean_menu_typo_font_weight_mobile":"","ocean_menu_typo_transform":"","ocean_menu_typo_transform_tablet":"","ocean_menu_typo_transform_mobile":"","ocean_menu_typo_line_height":0,"ocean_menu_typo_line_height_tablet":0,"ocean_menu_typo_line_height_mobile":0,"ocean_menu_typo_line_height_unit":"","ocean_menu_typo_spacing":0,"ocean_menu_typo_spacing_tablet":0,"ocean_menu_typo_spacing_mobile":0,"ocean_menu_typo_spacing_unit":"","ocean_menu_link_color":"","ocean_menu_link_color_hover":"","ocean_menu_link_color_active":"","ocean_menu_link_background":"","ocean_menu_link_hover_background":"","ocean_menu_link_active_background":"","ocean_menu_social_links_bg":"","ocean_menu_social_hover_links_bg":"","ocean_menu_social_links_color":"","ocean_menu_social_hover_links_color":"","ocean_disable_title":"default","ocean_disable_heading":"default","ocean_post_title":"","ocean_post_subheading":"","ocean_post_title_style":"","ocean_post_title_background_color":"","ocean_post_title_background":0,"ocean_post_title_bg_image_position":"","ocean_post_title_bg_image_attachment":"","ocean_post_title_bg_image_repeat":"","ocean_post_title_bg_image_size":"","ocean_post_title_height":0,"ocean_post_title_bg_overlay":0.5,"ocean_post_title_bg_overlay_color":"","ocean_disable_breadcrumbs":"default","ocean_breadcrumbs_color":"","ocean_breadcrumbs_separator_color":"","ocean_breadcrumbs_links_color":"","ocean_breadcrumbs_links_hover_color":"","ocean_display_footer_widgets":"off","ocean_display_footer_bottom":"off","ocean_custom_footer_template":"","footnotes":""},"class_list":["post-4984","page","type-page","status-publish","hentry","entry"],"yoast_head":"<!-- This site is optimized with the Yoast SEO plugin v27.6 - https:\/\/yoast.com\/product\/yoast-seo-wordpress\/ -->\n<title>SED et dysphagie: suspicion de troubles phagiques - Gesed<\/title>\n<meta name=\"robots\" content=\"index, follow, max-snippet:-1, max-image-preview:large, max-video-preview:-1\" \/>\n<link rel=\"canonical\" href=\"https:\/\/gesed.com\/index.php\/le-sed\/sed-et-dysphagie-suspicion-de-troubles-phagiques\/\" \/>\n<meta property=\"og:locale\" content=\"fr_FR\" \/>\n<meta property=\"og:type\" content=\"article\" \/>\n<meta property=\"og:title\" content=\"SED et dysphagie: suspicion de troubles phagiques - Gesed\" \/>\n<meta property=\"og:description\" content=\"SED et dysphagie: suspicion de troubles phagiques R\u00e9sum\u00e9 Les patients porteurs d&rsquo;un syndrome d&rsquo;Ehlers-Danlos (SED) pr\u00e9sentent une multitude de manifestations cliniques d&rsquo;une grande variabilit\u00e9 interindividuelle : hypermobilit\u00e9 articulaire, fragilit\u00e9 cutan\u00e9e, douleurs articulaires et musculaires, asth\u00e9nie, manifestations gastro-intestinales sup\u00e9rieures, troubles de la posture et de la proprioception\u2026 Peu d&rsquo;\u00e9tudes \u00e9voquent les troubles de la d\u00e9glutition dans les SED alors que de nombreux signes laissent penser qu&rsquo;ils pourraient \u00eatre pr\u00e9sents \u00e0 une fr\u00e9quence que nous suspectons \u00e9lev\u00e9e. L&rsquo;objectif de cette \u00e9tude est de mettre en \u00e9vidence, \u00e0 grande \u00e9chelle, d&rsquo;\u00e9ventuelles plaintes phagiques chez les patients porteurs d&rsquo;un SED sans pour autant b\u00e9n\u00e9ficier de prescription de bilan orthophonique. Une enqu\u00eate via un questionnaire d&rsquo;auto-\u00e9valuation a \u00e9t\u00e9 men\u00e9e sur 249 personnes diagnostiqu\u00e9es porteuses d&rsquo;un SED, toutes formes confondues. Elles ont \u00e9t\u00e9 compar\u00e9es \u00e0 250 sujets contr\u00f4les. Les r\u00e9sultats ont montr\u00e9 que les sujets SED pr\u00e9sentaient davantage de signes laissant suspecter des troubles phagiques que la population contr\u00f4le. 90% des sujets SED suspect\u00e9s dysphagiques n&rsquo;avaient pourtant jamais re\u00e7u de prescription m\u00e9dicale pour une \u00e9valuation et une prise en charge orthophonique. Il semble donc primordial d&rsquo;informer les m\u00e9decins et personnels soignants sur la pr\u00e9sence potentielle de troubles de la d\u00e9glutition chez les patients porteurs d&rsquo;un SED et de l&rsquo;utilit\u00e9 de prescrire un bilan orthophonique de d\u00e9glutition afin de pouvoir le r\u00e9aliser et donc investiguer davantage ces troubles polymorphes Source : ResearchGate &#8211; F\u00e9vrier 2021https:\/\/www.researchgate.net\/publication\/349118261_Syndromes_d&rsquo;Ehlers-Danlos_et_dysphagie_suspicion_de_troubles_phagiques\" \/>\n<meta property=\"og:url\" content=\"https:\/\/gesed.com\/index.php\/le-sed\/sed-et-dysphagie-suspicion-de-troubles-phagiques\/\" \/>\n<meta property=\"og:site_name\" content=\"Gesed\" \/>\n<meta property=\"article:publisher\" content=\"https:\/\/www.facebook.com\/gesedasbl\" \/>\n<meta property=\"article:modified_time\" content=\"2024-09-25T09:24:45+00:00\" \/>\n<meta name=\"twitter:card\" content=\"summary_large_image\" \/>\n<meta name=\"twitter:label1\" content=\"Dur\u00e9e de lecture estim\u00e9e\" \/>\n\t<meta name=\"twitter:data1\" content=\"2 minutes\" \/>\n<script type=\"application\/ld+json\" class=\"yoast-schema-graph\">{\"@context\":\"https:\\\/\\\/schema.org\",\"@graph\":[{\"@type\":\"WebPage\",\"@id\":\"https:\\\/\\\/gesed.com\\\/index.php\\\/le-sed\\\/sed-et-dysphagie-suspicion-de-troubles-phagiques\\\/\",\"url\":\"https:\\\/\\\/gesed.com\\\/index.php\\\/le-sed\\\/sed-et-dysphagie-suspicion-de-troubles-phagiques\\\/\",\"name\":\"SED et dysphagie: suspicion de troubles phagiques - Gesed\",\"isPartOf\":{\"@id\":\"https:\\\/\\\/gesed.com\\\/#website\"},\"datePublished\":\"2024-09-25T09:22:43+00:00\",\"dateModified\":\"2024-09-25T09:24:45+00:00\",\"breadcrumb\":{\"@id\":\"https:\\\/\\\/gesed.com\\\/index.php\\\/le-sed\\\/sed-et-dysphagie-suspicion-de-troubles-phagiques\\\/#breadcrumb\"},\"inLanguage\":\"fr-FR\",\"potentialAction\":[{\"@type\":\"ReadAction\",\"target\":[\"https:\\\/\\\/gesed.com\\\/index.php\\\/le-sed\\\/sed-et-dysphagie-suspicion-de-troubles-phagiques\\\/\"]}]},{\"@type\":\"BreadcrumbList\",\"@id\":\"https:\\\/\\\/gesed.com\\\/index.php\\\/le-sed\\\/sed-et-dysphagie-suspicion-de-troubles-phagiques\\\/#breadcrumb\",\"itemListElement\":[{\"@type\":\"ListItem\",\"position\":1,\"name\":\"Accueil\",\"item\":\"https:\\\/\\\/gesed.com\\\/\"},{\"@type\":\"ListItem\",\"position\":2,\"name\":\"Le SED\",\"item\":\"https:\\\/\\\/gesed.com\\\/index.php\\\/le-sed\\\/\"},{\"@type\":\"ListItem\",\"position\":3,\"name\":\"SED et dysphagie: suspicion de troubles phagiques\"}]},{\"@type\":\"WebSite\",\"@id\":\"https:\\\/\\\/gesed.com\\\/#website\",\"url\":\"https:\\\/\\\/gesed.com\\\/\",\"name\":\"Gesed\",\"description\":\"Groupe d&#039;Entraide des Syndr\u00f4mes d&#039;Ehlers-Danlos\",\"potentialAction\":[{\"@type\":\"SearchAction\",\"target\":{\"@type\":\"EntryPoint\",\"urlTemplate\":\"https:\\\/\\\/gesed.com\\\/?s={search_term_string}\"},\"query-input\":{\"@type\":\"PropertyValueSpecification\",\"valueRequired\":true,\"valueName\":\"search_term_string\"}}],\"inLanguage\":\"fr-FR\"}]}<\/script>\n<!-- \/ Yoast SEO plugin. -->","yoast_head_json":{"title":"SED et dysphagie: suspicion de troubles phagiques - Gesed","robots":{"index":"index","follow":"follow","max-snippet":"max-snippet:-1","max-image-preview":"max-image-preview:large","max-video-preview":"max-video-preview:-1"},"canonical":"https:\/\/gesed.com\/index.php\/le-sed\/sed-et-dysphagie-suspicion-de-troubles-phagiques\/","og_locale":"fr_FR","og_type":"article","og_title":"SED et dysphagie: suspicion de troubles phagiques - Gesed","og_description":"SED et dysphagie: suspicion de troubles phagiques R\u00e9sum\u00e9 Les patients porteurs d&rsquo;un syndrome d&rsquo;Ehlers-Danlos (SED) pr\u00e9sentent une multitude de manifestations cliniques d&rsquo;une grande variabilit\u00e9 interindividuelle : hypermobilit\u00e9 articulaire, fragilit\u00e9 cutan\u00e9e, douleurs articulaires et musculaires, asth\u00e9nie, manifestations gastro-intestinales sup\u00e9rieures, troubles de la posture et de la proprioception\u2026 Peu d&rsquo;\u00e9tudes \u00e9voquent les troubles de la d\u00e9glutition dans les SED alors que de nombreux signes laissent penser qu&rsquo;ils pourraient \u00eatre pr\u00e9sents \u00e0 une fr\u00e9quence que nous suspectons \u00e9lev\u00e9e. L&rsquo;objectif de cette \u00e9tude est de mettre en \u00e9vidence, \u00e0 grande \u00e9chelle, d&rsquo;\u00e9ventuelles plaintes phagiques chez les patients porteurs d&rsquo;un SED sans pour autant b\u00e9n\u00e9ficier de prescription de bilan orthophonique. Une enqu\u00eate via un questionnaire d&rsquo;auto-\u00e9valuation a \u00e9t\u00e9 men\u00e9e sur 249 personnes diagnostiqu\u00e9es porteuses d&rsquo;un SED, toutes formes confondues. Elles ont \u00e9t\u00e9 compar\u00e9es \u00e0 250 sujets contr\u00f4les. Les r\u00e9sultats ont montr\u00e9 que les sujets SED pr\u00e9sentaient davantage de signes laissant suspecter des troubles phagiques que la population contr\u00f4le. 90% des sujets SED suspect\u00e9s dysphagiques n&rsquo;avaient pourtant jamais re\u00e7u de prescription m\u00e9dicale pour une \u00e9valuation et une prise en charge orthophonique. Il semble donc primordial d&rsquo;informer les m\u00e9decins et personnels soignants sur la pr\u00e9sence potentielle de troubles de la d\u00e9glutition chez les patients porteurs d&rsquo;un SED et de l&rsquo;utilit\u00e9 de prescrire un bilan orthophonique de d\u00e9glutition afin de pouvoir le r\u00e9aliser et donc investiguer davantage ces troubles polymorphes Source : ResearchGate &#8211; F\u00e9vrier 2021https:\/\/www.researchgate.net\/publication\/349118261_Syndromes_d&rsquo;Ehlers-Danlos_et_dysphagie_suspicion_de_troubles_phagiques","og_url":"https:\/\/gesed.com\/index.php\/le-sed\/sed-et-dysphagie-suspicion-de-troubles-phagiques\/","og_site_name":"Gesed","article_publisher":"https:\/\/www.facebook.com\/gesedasbl","article_modified_time":"2024-09-25T09:24:45+00:00","twitter_card":"summary_large_image","twitter_misc":{"Dur\u00e9e de lecture estim\u00e9e":"2 minutes"},"schema":{"@context":"https:\/\/schema.org","@graph":[{"@type":"WebPage","@id":"https:\/\/gesed.com\/index.php\/le-sed\/sed-et-dysphagie-suspicion-de-troubles-phagiques\/","url":"https:\/\/gesed.com\/index.php\/le-sed\/sed-et-dysphagie-suspicion-de-troubles-phagiques\/","name":"SED et dysphagie: suspicion de troubles phagiques - Gesed","isPartOf":{"@id":"https:\/\/gesed.com\/#website"},"datePublished":"2024-09-25T09:22:43+00:00","dateModified":"2024-09-25T09:24:45+00:00","breadcrumb":{"@id":"https:\/\/gesed.com\/index.php\/le-sed\/sed-et-dysphagie-suspicion-de-troubles-phagiques\/#breadcrumb"},"inLanguage":"fr-FR","potentialAction":[{"@type":"ReadAction","target":["https:\/\/gesed.com\/index.php\/le-sed\/sed-et-dysphagie-suspicion-de-troubles-phagiques\/"]}]},{"@type":"BreadcrumbList","@id":"https:\/\/gesed.com\/index.php\/le-sed\/sed-et-dysphagie-suspicion-de-troubles-phagiques\/#breadcrumb","itemListElement":[{"@type":"ListItem","position":1,"name":"Accueil","item":"https:\/\/gesed.com\/"},{"@type":"ListItem","position":2,"name":"Le SED","item":"https:\/\/gesed.com\/index.php\/le-sed\/"},{"@type":"ListItem","position":3,"name":"SED et dysphagie: suspicion de troubles phagiques"}]},{"@type":"WebSite","@id":"https:\/\/gesed.com\/#website","url":"https:\/\/gesed.com\/","name":"Gesed","description":"Groupe d&#039;Entraide des Syndr\u00f4mes d&#039;Ehlers-Danlos","potentialAction":[{"@type":"SearchAction","target":{"@type":"EntryPoint","urlTemplate":"https:\/\/gesed.com\/?s={search_term_string}"},"query-input":{"@type":"PropertyValueSpecification","valueRequired":true,"valueName":"search_term_string"}}],"inLanguage":"fr-FR"}]}},"publishpress_future_action":{"enabled":false,"date":"2026-05-20 14:15:11","action":"change-status","newStatus":"draft","terms":[],"taxonomy":"","extraData":[]},"publishpress_future_workflow_manual_trigger":{"enabledWorkflows":[]},"rttpg_featured_image_url":null,"rttpg_author":{"display_name":"YloGesed","author_link":"https:\/\/gesed.com\/index.php\/author\/admin2349\/"},"rttpg_comment":0,"rttpg_category":null,"rttpg_excerpt":"SED et dysphagie: suspicion de troubles phagiques R\u00e9sum\u00e9 Les patients porteurs d&rsquo;un syndrome d&rsquo;Ehlers-Danlos (SED) pr\u00e9sentent une multitude de manifestations cliniques d&rsquo;une grande variabilit\u00e9 interindividuelle : hypermobilit\u00e9 articulaire, fragilit\u00e9 cutan\u00e9e, douleurs articulaires et musculaires, asth\u00e9nie, manifestations gastro-intestinales sup\u00e9rieures, troubles de la posture et de la proprioception\u2026 Peu d&rsquo;\u00e9tudes \u00e9voquent les troubles de la d\u00e9glutition dans\u2026","_links":{"self":[{"href":"https:\/\/gesed.com\/index.php\/wp-json\/wp\/v2\/pages\/4984","targetHints":{"allow":["GET"]}}],"collection":[{"href":"https:\/\/gesed.com\/index.php\/wp-json\/wp\/v2\/pages"}],"about":[{"href":"https:\/\/gesed.com\/index.php\/wp-json\/wp\/v2\/types\/page"}],"author":[{"embeddable":true,"href":"https:\/\/gesed.com\/index.php\/wp-json\/wp\/v2\/users\/1"}],"replies":[{"embeddable":true,"href":"https:\/\/gesed.com\/index.php\/wp-json\/wp\/v2\/comments?post=4984"}],"version-history":[{"count":4,"href":"https:\/\/gesed.com\/index.php\/wp-json\/wp\/v2\/pages\/4984\/revisions"}],"predecessor-version":[{"id":4988,"href":"https:\/\/gesed.com\/index.php\/wp-json\/wp\/v2\/pages\/4984\/revisions\/4988"}],"up":[{"embeddable":true,"href":"https:\/\/gesed.com\/index.php\/wp-json\/wp\/v2\/pages\/1375"}],"wp:attachment":[{"href":"https:\/\/gesed.com\/index.php\/wp-json\/wp\/v2\/media?parent=4984"}],"curies":[{"name":"wp","href":"https:\/\/api.w.org\/{rel}","templated":true}]}}