{"id":4994,"date":"2024-09-25T11:37:13","date_gmt":"2024-09-25T09:37:13","guid":{"rendered":"https:\/\/gesed.org\/?page_id=4994"},"modified":"2024-09-25T11:40:30","modified_gmt":"2024-09-25T09:40:30","slug":"manifestations-respiratoires-dans-le-sed","status":"publish","type":"page","link":"https:\/\/gesed.com\/index.php\/le-sed\/manifestations-respiratoires-dans-le-sed\/","title":{"rendered":"Manifestations respiratoires dans le SED"},"content":{"rendered":"\t\t<div data-elementor-type=\"wp-page\" data-elementor-id=\"4994\" class=\"elementor elementor-4994\" wpc-filter-elementor-widget=\"1\">\n\t\t\t\t<div class=\"elementor-element elementor-element-3d903bd e-flex e-con-boxed wpr-particle-no wpr-jarallax-no wpr-parallax-no wpr-sticky-section-no wpr-column-slider-no wpr-equal-height-no e-con e-parent\" data-id=\"3d903bd\" data-element_type=\"container\" data-e-type=\"container\" data-settings=\"{&quot;background_background&quot;:&quot;classic&quot;}\">\n\t\t\t\t\t<div class=\"e-con-inner\">\n\t\t\t\t<div class=\"elementor-element elementor-element-53c2d20 exad-sticky-section-no exad-glass-effect-no elementor-widget elementor-widget-heading\" data-id=\"53c2d20\" data-element_type=\"widget\" data-e-type=\"widget\" data-widget_type=\"heading.default\">\n\t\t\t\t<div class=\"elementor-widget-container\">\n\t\t\t\t\t<h2 class=\"elementor-heading-title elementor-size-default\">Manifestations respiratoires dans le SED<\/h2>\t\t\t\t<\/div>\n\t\t\t\t<\/div>\n\t\t\t\t<div class=\"elementor-element elementor-element-c4060db exad-sticky-section-no exad-glass-effect-no elementor-widget elementor-widget-text-editor\" data-id=\"c4060db\" data-element_type=\"widget\" data-e-type=\"widget\" data-widget_type=\"text-editor.default\">\n\t\t\t\t<div class=\"elementor-widget-container\">\n\t\t\t\t\t\t\t\t\t<p><span style=\"font-weight: 400;\">Les syndromes d&rsquo;Ehlers-Danlos (SED) repr\u00e9sentent un groupe h\u00e9t\u00e9rog\u00e8ne de troubles h\u00e9r\u00e9ditaires du tissu conjonctif caract\u00e9ris\u00e9s par la \u00ab\u00a0triade\u00a0\u00bb clinique consistant en une hypermobilit\u00e9 articulaire, une hyperextensibilit\u00e9 cutan\u00e9e et une fragilit\u00e9 tissulaire.<\/span><\/p><p><span style=\"font-weight: 400;\">Les manifestations respiratoires associ\u00e9es au SED sont fr\u00e9quentes et variables. Elles varient principalement en fonction du type de SED.<\/span><\/p><p><span style=\"font-weight: 400;\">Dans les SED hypermobiles et classiques, les types non vasculaires (nv) les plus fr\u00e9quents, la dyspn\u00e9e est un sympt\u00f4me courant. Ses \u00e9tiologies sont tr\u00e8s vari\u00e9es et peuvent coexister chez un m\u00eame patient : asthme, faiblesse des muscles respiratoires, anomalies de la paroi thoracique, collapsus des voies a\u00e9riennes sup\u00e9rieures et inf\u00e9rieures.<\/span><\/p><p><span style=\"font-weight: 400;\">La pr\u00e9valence du syndrome d&rsquo;apn\u00e9e obstructive du sommeil dans le SEDnv est \u00e9lev\u00e9e. L&rsquo;identification du m\u00e9canisme de dyspn\u00e9e concern\u00e9 est essentielle pour fournir des mesures th\u00e9rapeutiques appropri\u00e9es.<\/span><\/p><p><span style=\"font-weight: 400;\">Dans le SED vasculaire (SEDv), les principales complications pulmonaires sont le pneumothorax, l&rsquo;h\u00e9mothorax et l&rsquo;h\u00e9moptysie. Comme elles pr\u00e9c\u00e8dent fr\u00e9quemment de plusieurs ann\u00e9es le diagnostic de SEDv, il est imp\u00e9ratif d&rsquo;\u00e9voquer la possibilit\u00e9 d&rsquo;un SEDv chez un jeune patient pr\u00e9sentant un pneumothorax ou un h\u00e9mothorax spontan\u00e9. La pr\u00e9sence d&rsquo;anomalies parenchymateuses suggestives en tomodensitom\u00e9trie (emphys\u00e8me, amas de nodules calcifi\u00e9s, nodule cavit\u00e9) peut \u00eatre une aide au diagnostic. Le traitement repose sur les approches habituelles, qui doivent \u00eatre r\u00e9alis\u00e9es avec prudence par un op\u00e9rateur exp\u00e9riment\u00e9 et parfaitement inform\u00e9 du diagnostic.<\/span><\/p><p><span style=\"font-weight: 400;\">Une meilleure connaissance des manifestations respiratoires du SED par la communaut\u00e9 pneumologique permettrait d&rsquo;am\u00e9liorer la prise en charge des patients et ouvrirait la voie \u00e0 de nouvelles recherches.<\/span><\/p>\t\t\t\t\t\t\t\t<\/div>\n\t\t\t\t<\/div>\n\t\t\t\t<div class=\"elementor-element elementor-element-44165d7 exad-sticky-section-no exad-glass-effect-no elementor-widget elementor-widget-text-editor\" data-id=\"44165d7\" data-element_type=\"widget\" data-e-type=\"widget\" data-widget_type=\"text-editor.default\">\n\t\t\t\t<div class=\"elementor-widget-container\">\n\t\t\t\t\t\t\t\t\t<p>Source : <span style=\"color: #333399;\"><em><a style=\"color: #333399;\" href=\"https:\/\/pubmed.ncbi.nlm.nih.gov\/36740495\/\" target=\"_blank\" rel=\"noopener\">https:\/\/pubmed.ncbi.nlm.nih.gov\/36740495\/<\/a><\/em><\/span><br \/>R\u00e9sum\u00e9 de l\u2019article \u00e9crit avec la participation du Dr Benistan (Garches) et du Dr Frank (Pompidou), responsables respectivement des centres de r\u00e9f\u00e9rence SEDnv et SEDv.<\/p>\t\t\t\t\t\t\t\t<\/div>\n\t\t\t\t<\/div>\n\t\t\t\t<div class=\"elementor-element elementor-element-c6d82ac elementor-widget-divider--view-line exad-sticky-section-no exad-glass-effect-no elementor-widget elementor-widget-divider\" data-id=\"c6d82ac\" data-element_type=\"widget\" data-e-type=\"widget\" data-widget_type=\"divider.default\">\n\t\t\t\t<div class=\"elementor-widget-container\">\n\t\t\t\t\t\t\t<div class=\"elementor-divider\">\n\t\t\t<span class=\"elementor-divider-separator\">\n\t\t\t\t\t\t<\/span>\n\t\t<\/div>\n\t\t\t\t\t\t<\/div>\n\t\t\t\t<\/div>\n\t\t\t\t<div class=\"elementor-element elementor-element-8182fd2 exad-sticky-section-no exad-glass-effect-no elementor-widget elementor-widget-text-editor\" data-id=\"8182fd2\" data-element_type=\"widget\" data-e-type=\"widget\" data-widget_type=\"text-editor.default\">\n\t\t\t\t<div class=\"elementor-widget-container\">\n\t\t\t\t\t\t\t\t\t<p>\tVous \u00eates ici:\n<span><span><a href=\"https:\/\/gesed.com\/\">Accueil<\/a><\/span><\/span><\/p>\t\t\t\t\t\t\t\t<\/div>\n\t\t\t\t<\/div>\n\t\t\t\t\t<\/div>\n\t\t\t\t<\/div>\n\t\t\t\t<\/div>\n\t\t","protected":false},"excerpt":{"rendered":"<p>Manifestations respiratoires dans le SED Les syndromes d&rsquo;Ehlers-Danlos (SED) repr\u00e9sentent un groupe h\u00e9t\u00e9rog\u00e8ne de troubles h\u00e9r\u00e9ditaires du tissu conjonctif caract\u00e9ris\u00e9s par la \u00ab\u00a0triade\u00a0\u00bb clinique consistant en une hypermobilit\u00e9 articulaire, une hyperextensibilit\u00e9 cutan\u00e9e et une fragilit\u00e9 tissulaire. Les manifestations respiratoires associ\u00e9es au SED sont fr\u00e9quentes et variables. Elles varient principalement en fonction du type de SED. Dans les SED hypermobiles et classiques, les types non vasculaires (nv) les plus fr\u00e9quents, la dyspn\u00e9e est un sympt\u00f4me courant. Ses \u00e9tiologies sont tr\u00e8s vari\u00e9es et peuvent coexister chez un m\u00eame patient : asthme, faiblesse des muscles respiratoires, anomalies de la paroi thoracique, collapsus des voies a\u00e9riennes sup\u00e9rieures et inf\u00e9rieures. La pr\u00e9valence du syndrome d&rsquo;apn\u00e9e obstructive du sommeil dans le SEDnv est \u00e9lev\u00e9e. L&rsquo;identification du m\u00e9canisme de dyspn\u00e9e concern\u00e9 est essentielle pour fournir des mesures th\u00e9rapeutiques appropri\u00e9es. Dans le SED vasculaire (SEDv), les principales complications pulmonaires sont le pneumothorax, l&rsquo;h\u00e9mothorax et l&rsquo;h\u00e9moptysie. Comme elles pr\u00e9c\u00e8dent fr\u00e9quemment de plusieurs ann\u00e9es le diagnostic de SEDv, il est imp\u00e9ratif d&rsquo;\u00e9voquer la possibilit\u00e9 d&rsquo;un SEDv chez un jeune patient pr\u00e9sentant un pneumothorax ou un h\u00e9mothorax spontan\u00e9. La pr\u00e9sence d&rsquo;anomalies parenchymateuses suggestives en tomodensitom\u00e9trie (emphys\u00e8me, amas de nodules calcifi\u00e9s, nodule cavit\u00e9) peut \u00eatre une aide au diagnostic. Le traitement repose sur les approches habituelles, qui doivent \u00eatre r\u00e9alis\u00e9es avec prudence par un op\u00e9rateur exp\u00e9riment\u00e9 et parfaitement inform\u00e9 du diagnostic. Une meilleure connaissance des manifestations respiratoires du SED par la communaut\u00e9 pneumologique permettrait d&rsquo;am\u00e9liorer la prise en charge des patients et ouvrirait la voie \u00e0 de nouvelles recherches. Source : https:\/\/pubmed.ncbi.nlm.nih.gov\/36740495\/R\u00e9sum\u00e9 de l\u2019article \u00e9crit avec la participation du Dr Benistan (Garches) et du Dr Frank (Pompidou), responsables respectivement des centres de r\u00e9f\u00e9rence SEDnv et SEDv.<\/p>\n","protected":false},"author":1,"featured_media":0,"parent":1375,"menu_order":0,"comment_status":"closed","ping_status":"closed","template":"","meta":{"ocean_post_layout":"","ocean_both_sidebars_style":"","ocean_both_sidebars_content_width":0,"ocean_both_sidebars_sidebars_width":0,"ocean_sidebar":"","ocean_second_sidebar":"","ocean_disable_margins":"enable","ocean_add_body_class":"","ocean_shortcode_before_top_bar":"","ocean_shortcode_after_top_bar":"","ocean_shortcode_before_header":"","ocean_shortcode_after_header":"","ocean_has_shortcode":"","ocean_shortcode_after_title":"","ocean_shortcode_before_footer_widgets":"","ocean_shortcode_after_footer_widgets":"","ocean_shortcode_before_footer_bottom":"","ocean_shortcode_after_footer_bottom":"","ocean_display_top_bar":"off","ocean_display_header":"off","ocean_header_style":"minimal","ocean_center_header_left_menu":"","ocean_custom_header_template":"","ocean_custom_logo":0,"ocean_custom_retina_logo":0,"ocean_custom_logo_max_width":0,"ocean_custom_logo_tablet_max_width":0,"ocean_custom_logo_mobile_max_width":0,"ocean_custom_logo_max_height":0,"ocean_custom_logo_tablet_max_height":0,"ocean_custom_logo_mobile_max_height":0,"ocean_header_custom_menu":"","ocean_menu_typo_font_family":"","ocean_menu_typo_font_subset":"","ocean_menu_typo_font_size":0,"ocean_menu_typo_font_size_tablet":0,"ocean_menu_typo_font_size_mobile":0,"ocean_menu_typo_font_size_unit":"px","ocean_menu_typo_font_weight":"","ocean_menu_typo_font_weight_tablet":"","ocean_menu_typo_font_weight_mobile":"","ocean_menu_typo_transform":"","ocean_menu_typo_transform_tablet":"","ocean_menu_typo_transform_mobile":"","ocean_menu_typo_line_height":0,"ocean_menu_typo_line_height_tablet":0,"ocean_menu_typo_line_height_mobile":0,"ocean_menu_typo_line_height_unit":"","ocean_menu_typo_spacing":0,"ocean_menu_typo_spacing_tablet":0,"ocean_menu_typo_spacing_mobile":0,"ocean_menu_typo_spacing_unit":"","ocean_menu_link_color":"","ocean_menu_link_color_hover":"","ocean_menu_link_color_active":"","ocean_menu_link_background":"","ocean_menu_link_hover_background":"","ocean_menu_link_active_background":"","ocean_menu_social_links_bg":"","ocean_menu_social_hover_links_bg":"","ocean_menu_social_links_color":"","ocean_menu_social_hover_links_color":"","ocean_disable_title":"default","ocean_disable_heading":"default","ocean_post_title":"","ocean_post_subheading":"","ocean_post_title_style":"","ocean_post_title_background_color":"","ocean_post_title_background":0,"ocean_post_title_bg_image_position":"","ocean_post_title_bg_image_attachment":"","ocean_post_title_bg_image_repeat":"","ocean_post_title_bg_image_size":"","ocean_post_title_height":0,"ocean_post_title_bg_overlay":0.5,"ocean_post_title_bg_overlay_color":"","ocean_disable_breadcrumbs":"default","ocean_breadcrumbs_color":"","ocean_breadcrumbs_separator_color":"","ocean_breadcrumbs_links_color":"","ocean_breadcrumbs_links_hover_color":"","ocean_display_footer_widgets":"off","ocean_display_footer_bottom":"off","ocean_custom_footer_template":"","footnotes":""},"class_list":["post-4994","page","type-page","status-publish","hentry","entry"],"yoast_head":"<!-- This site is optimized with the Yoast SEO plugin v27.6 - https:\/\/yoast.com\/product\/yoast-seo-wordpress\/ -->\n<title>Manifestations respiratoires dans le SED - Gesed<\/title>\n<meta name=\"robots\" content=\"index, follow, max-snippet:-1, max-image-preview:large, max-video-preview:-1\" \/>\n<link rel=\"canonical\" href=\"https:\/\/gesed.com\/index.php\/le-sed\/manifestations-respiratoires-dans-le-sed\/\" \/>\n<meta property=\"og:locale\" content=\"fr_FR\" \/>\n<meta property=\"og:type\" content=\"article\" \/>\n<meta property=\"og:title\" content=\"Manifestations respiratoires dans le SED - Gesed\" \/>\n<meta property=\"og:description\" content=\"Manifestations respiratoires dans le SED Les syndromes d&rsquo;Ehlers-Danlos (SED) repr\u00e9sentent un groupe h\u00e9t\u00e9rog\u00e8ne de troubles h\u00e9r\u00e9ditaires du tissu conjonctif caract\u00e9ris\u00e9s par la \u00ab\u00a0triade\u00a0\u00bb clinique consistant en une hypermobilit\u00e9 articulaire, une hyperextensibilit\u00e9 cutan\u00e9e et une fragilit\u00e9 tissulaire. Les manifestations respiratoires associ\u00e9es au SED sont fr\u00e9quentes et variables. Elles varient principalement en fonction du type de SED. Dans les SED hypermobiles et classiques, les types non vasculaires (nv) les plus fr\u00e9quents, la dyspn\u00e9e est un sympt\u00f4me courant. Ses \u00e9tiologies sont tr\u00e8s vari\u00e9es et peuvent coexister chez un m\u00eame patient : asthme, faiblesse des muscles respiratoires, anomalies de la paroi thoracique, collapsus des voies a\u00e9riennes sup\u00e9rieures et inf\u00e9rieures. La pr\u00e9valence du syndrome d&rsquo;apn\u00e9e obstructive du sommeil dans le SEDnv est \u00e9lev\u00e9e. L&rsquo;identification du m\u00e9canisme de dyspn\u00e9e concern\u00e9 est essentielle pour fournir des mesures th\u00e9rapeutiques appropri\u00e9es. Dans le SED vasculaire (SEDv), les principales complications pulmonaires sont le pneumothorax, l&rsquo;h\u00e9mothorax et l&rsquo;h\u00e9moptysie. Comme elles pr\u00e9c\u00e8dent fr\u00e9quemment de plusieurs ann\u00e9es le diagnostic de SEDv, il est imp\u00e9ratif d&rsquo;\u00e9voquer la possibilit\u00e9 d&rsquo;un SEDv chez un jeune patient pr\u00e9sentant un pneumothorax ou un h\u00e9mothorax spontan\u00e9. La pr\u00e9sence d&rsquo;anomalies parenchymateuses suggestives en tomodensitom\u00e9trie (emphys\u00e8me, amas de nodules calcifi\u00e9s, nodule cavit\u00e9) peut \u00eatre une aide au diagnostic. Le traitement repose sur les approches habituelles, qui doivent \u00eatre r\u00e9alis\u00e9es avec prudence par un op\u00e9rateur exp\u00e9riment\u00e9 et parfaitement inform\u00e9 du diagnostic. Une meilleure connaissance des manifestations respiratoires du SED par la communaut\u00e9 pneumologique permettrait d&rsquo;am\u00e9liorer la prise en charge des patients et ouvrirait la voie \u00e0 de nouvelles recherches. Source : https:\/\/pubmed.ncbi.nlm.nih.gov\/36740495\/R\u00e9sum\u00e9 de l\u2019article \u00e9crit avec la participation du Dr Benistan (Garches) et du Dr Frank (Pompidou), responsables respectivement des centres de r\u00e9f\u00e9rence SEDnv et SEDv.\" \/>\n<meta property=\"og:url\" content=\"https:\/\/gesed.com\/index.php\/le-sed\/manifestations-respiratoires-dans-le-sed\/\" \/>\n<meta property=\"og:site_name\" content=\"Gesed\" \/>\n<meta property=\"article:publisher\" content=\"https:\/\/www.facebook.com\/gesedasbl\" \/>\n<meta property=\"article:modified_time\" content=\"2024-09-25T09:40:30+00:00\" \/>\n<meta name=\"twitter:card\" content=\"summary_large_image\" \/>\n<meta name=\"twitter:label1\" content=\"Dur\u00e9e de lecture estim\u00e9e\" \/>\n\t<meta name=\"twitter:data1\" content=\"2 minutes\" \/>\n<script type=\"application\/ld+json\" class=\"yoast-schema-graph\">{\"@context\":\"https:\\\/\\\/schema.org\",\"@graph\":[{\"@type\":\"WebPage\",\"@id\":\"https:\\\/\\\/gesed.com\\\/index.php\\\/le-sed\\\/manifestations-respiratoires-dans-le-sed\\\/\",\"url\":\"https:\\\/\\\/gesed.com\\\/index.php\\\/le-sed\\\/manifestations-respiratoires-dans-le-sed\\\/\",\"name\":\"Manifestations respiratoires dans le SED - Gesed\",\"isPartOf\":{\"@id\":\"https:\\\/\\\/gesed.com\\\/#website\"},\"datePublished\":\"2024-09-25T09:37:13+00:00\",\"dateModified\":\"2024-09-25T09:40:30+00:00\",\"breadcrumb\":{\"@id\":\"https:\\\/\\\/gesed.com\\\/index.php\\\/le-sed\\\/manifestations-respiratoires-dans-le-sed\\\/#breadcrumb\"},\"inLanguage\":\"fr-FR\",\"potentialAction\":[{\"@type\":\"ReadAction\",\"target\":[\"https:\\\/\\\/gesed.com\\\/index.php\\\/le-sed\\\/manifestations-respiratoires-dans-le-sed\\\/\"]}]},{\"@type\":\"BreadcrumbList\",\"@id\":\"https:\\\/\\\/gesed.com\\\/index.php\\\/le-sed\\\/manifestations-respiratoires-dans-le-sed\\\/#breadcrumb\",\"itemListElement\":[{\"@type\":\"ListItem\",\"position\":1,\"name\":\"Accueil\",\"item\":\"https:\\\/\\\/gesed.com\\\/\"},{\"@type\":\"ListItem\",\"position\":2,\"name\":\"Le SED\",\"item\":\"https:\\\/\\\/gesed.com\\\/index.php\\\/le-sed\\\/\"},{\"@type\":\"ListItem\",\"position\":3,\"name\":\"Manifestations respiratoires dans le SED\"}]},{\"@type\":\"WebSite\",\"@id\":\"https:\\\/\\\/gesed.com\\\/#website\",\"url\":\"https:\\\/\\\/gesed.com\\\/\",\"name\":\"Gesed\",\"description\":\"Groupe d&#039;Entraide des Syndr\u00f4mes d&#039;Ehlers-Danlos\",\"potentialAction\":[{\"@type\":\"SearchAction\",\"target\":{\"@type\":\"EntryPoint\",\"urlTemplate\":\"https:\\\/\\\/gesed.com\\\/?s={search_term_string}\"},\"query-input\":{\"@type\":\"PropertyValueSpecification\",\"valueRequired\":true,\"valueName\":\"search_term_string\"}}],\"inLanguage\":\"fr-FR\"}]}<\/script>\n<!-- \/ Yoast SEO plugin. -->","yoast_head_json":{"title":"Manifestations respiratoires dans le SED - Gesed","robots":{"index":"index","follow":"follow","max-snippet":"max-snippet:-1","max-image-preview":"max-image-preview:large","max-video-preview":"max-video-preview:-1"},"canonical":"https:\/\/gesed.com\/index.php\/le-sed\/manifestations-respiratoires-dans-le-sed\/","og_locale":"fr_FR","og_type":"article","og_title":"Manifestations respiratoires dans le SED - Gesed","og_description":"Manifestations respiratoires dans le SED Les syndromes d&rsquo;Ehlers-Danlos (SED) repr\u00e9sentent un groupe h\u00e9t\u00e9rog\u00e8ne de troubles h\u00e9r\u00e9ditaires du tissu conjonctif caract\u00e9ris\u00e9s par la \u00ab\u00a0triade\u00a0\u00bb clinique consistant en une hypermobilit\u00e9 articulaire, une hyperextensibilit\u00e9 cutan\u00e9e et une fragilit\u00e9 tissulaire. Les manifestations respiratoires associ\u00e9es au SED sont fr\u00e9quentes et variables. Elles varient principalement en fonction du type de SED. Dans les SED hypermobiles et classiques, les types non vasculaires (nv) les plus fr\u00e9quents, la dyspn\u00e9e est un sympt\u00f4me courant. Ses \u00e9tiologies sont tr\u00e8s vari\u00e9es et peuvent coexister chez un m\u00eame patient : asthme, faiblesse des muscles respiratoires, anomalies de la paroi thoracique, collapsus des voies a\u00e9riennes sup\u00e9rieures et inf\u00e9rieures. La pr\u00e9valence du syndrome d&rsquo;apn\u00e9e obstructive du sommeil dans le SEDnv est \u00e9lev\u00e9e. L&rsquo;identification du m\u00e9canisme de dyspn\u00e9e concern\u00e9 est essentielle pour fournir des mesures th\u00e9rapeutiques appropri\u00e9es. Dans le SED vasculaire (SEDv), les principales complications pulmonaires sont le pneumothorax, l&rsquo;h\u00e9mothorax et l&rsquo;h\u00e9moptysie. Comme elles pr\u00e9c\u00e8dent fr\u00e9quemment de plusieurs ann\u00e9es le diagnostic de SEDv, il est imp\u00e9ratif d&rsquo;\u00e9voquer la possibilit\u00e9 d&rsquo;un SEDv chez un jeune patient pr\u00e9sentant un pneumothorax ou un h\u00e9mothorax spontan\u00e9. La pr\u00e9sence d&rsquo;anomalies parenchymateuses suggestives en tomodensitom\u00e9trie (emphys\u00e8me, amas de nodules calcifi\u00e9s, nodule cavit\u00e9) peut \u00eatre une aide au diagnostic. Le traitement repose sur les approches habituelles, qui doivent \u00eatre r\u00e9alis\u00e9es avec prudence par un op\u00e9rateur exp\u00e9riment\u00e9 et parfaitement inform\u00e9 du diagnostic. Une meilleure connaissance des manifestations respiratoires du SED par la communaut\u00e9 pneumologique permettrait d&rsquo;am\u00e9liorer la prise en charge des patients et ouvrirait la voie \u00e0 de nouvelles recherches. Source : https:\/\/pubmed.ncbi.nlm.nih.gov\/36740495\/R\u00e9sum\u00e9 de l\u2019article \u00e9crit avec la participation du Dr Benistan (Garches) et du Dr Frank (Pompidou), responsables respectivement des centres de r\u00e9f\u00e9rence SEDnv et SEDv.","og_url":"https:\/\/gesed.com\/index.php\/le-sed\/manifestations-respiratoires-dans-le-sed\/","og_site_name":"Gesed","article_publisher":"https:\/\/www.facebook.com\/gesedasbl","article_modified_time":"2024-09-25T09:40:30+00:00","twitter_card":"summary_large_image","twitter_misc":{"Dur\u00e9e de lecture estim\u00e9e":"2 minutes"},"schema":{"@context":"https:\/\/schema.org","@graph":[{"@type":"WebPage","@id":"https:\/\/gesed.com\/index.php\/le-sed\/manifestations-respiratoires-dans-le-sed\/","url":"https:\/\/gesed.com\/index.php\/le-sed\/manifestations-respiratoires-dans-le-sed\/","name":"Manifestations respiratoires dans le SED - Gesed","isPartOf":{"@id":"https:\/\/gesed.com\/#website"},"datePublished":"2024-09-25T09:37:13+00:00","dateModified":"2024-09-25T09:40:30+00:00","breadcrumb":{"@id":"https:\/\/gesed.com\/index.php\/le-sed\/manifestations-respiratoires-dans-le-sed\/#breadcrumb"},"inLanguage":"fr-FR","potentialAction":[{"@type":"ReadAction","target":["https:\/\/gesed.com\/index.php\/le-sed\/manifestations-respiratoires-dans-le-sed\/"]}]},{"@type":"BreadcrumbList","@id":"https:\/\/gesed.com\/index.php\/le-sed\/manifestations-respiratoires-dans-le-sed\/#breadcrumb","itemListElement":[{"@type":"ListItem","position":1,"name":"Accueil","item":"https:\/\/gesed.com\/"},{"@type":"ListItem","position":2,"name":"Le SED","item":"https:\/\/gesed.com\/index.php\/le-sed\/"},{"@type":"ListItem","position":3,"name":"Manifestations respiratoires dans le SED"}]},{"@type":"WebSite","@id":"https:\/\/gesed.com\/#website","url":"https:\/\/gesed.com\/","name":"Gesed","description":"Groupe d&#039;Entraide des Syndr\u00f4mes d&#039;Ehlers-Danlos","potentialAction":[{"@type":"SearchAction","target":{"@type":"EntryPoint","urlTemplate":"https:\/\/gesed.com\/?s={search_term_string}"},"query-input":{"@type":"PropertyValueSpecification","valueRequired":true,"valueName":"search_term_string"}}],"inLanguage":"fr-FR"}]}},"publishpress_future_action":{"enabled":false,"date":"2026-05-20 14:15:07","action":"change-status","newStatus":"draft","terms":[],"taxonomy":"","extraData":[]},"publishpress_future_workflow_manual_trigger":{"enabledWorkflows":[]},"rttpg_featured_image_url":null,"rttpg_author":{"display_name":"YloGesed","author_link":"https:\/\/gesed.com\/index.php\/author\/admin2349\/"},"rttpg_comment":0,"rttpg_category":null,"rttpg_excerpt":"Manifestations respiratoires dans le SED Les syndromes d&rsquo;Ehlers-Danlos (SED) repr\u00e9sentent un groupe h\u00e9t\u00e9rog\u00e8ne de troubles h\u00e9r\u00e9ditaires du tissu conjonctif caract\u00e9ris\u00e9s par la \u00ab\u00a0triade\u00a0\u00bb clinique consistant en une hypermobilit\u00e9 articulaire, une hyperextensibilit\u00e9 cutan\u00e9e et une fragilit\u00e9 tissulaire. Les manifestations respiratoires associ\u00e9es au SED sont fr\u00e9quentes et variables. Elles varient principalement en fonction du type de SED.\u2026","_links":{"self":[{"href":"https:\/\/gesed.com\/index.php\/wp-json\/wp\/v2\/pages\/4994","targetHints":{"allow":["GET"]}}],"collection":[{"href":"https:\/\/gesed.com\/index.php\/wp-json\/wp\/v2\/pages"}],"about":[{"href":"https:\/\/gesed.com\/index.php\/wp-json\/wp\/v2\/types\/page"}],"author":[{"embeddable":true,"href":"https:\/\/gesed.com\/index.php\/wp-json\/wp\/v2\/users\/1"}],"replies":[{"embeddable":true,"href":"https:\/\/gesed.com\/index.php\/wp-json\/wp\/v2\/comments?post=4994"}],"version-history":[{"count":4,"href":"https:\/\/gesed.com\/index.php\/wp-json\/wp\/v2\/pages\/4994\/revisions"}],"predecessor-version":[{"id":4998,"href":"https:\/\/gesed.com\/index.php\/wp-json\/wp\/v2\/pages\/4994\/revisions\/4998"}],"up":[{"embeddable":true,"href":"https:\/\/gesed.com\/index.php\/wp-json\/wp\/v2\/pages\/1375"}],"wp:attachment":[{"href":"https:\/\/gesed.com\/index.php\/wp-json\/wp\/v2\/media?parent=4994"}],"curies":[{"name":"wp","href":"https:\/\/api.w.org\/{rel}","templated":true}]}}