{"id":5020,"date":"2024-09-25T12:06:52","date_gmt":"2024-09-25T10:06:52","guid":{"rendered":"https:\/\/gesed.org\/?page_id=5020"},"modified":"2024-10-17T10:55:07","modified_gmt":"2024-10-17T08:55:07","slug":"autisme-et-sed-hsd","status":"publish","type":"page","link":"https:\/\/gesed.com\/index.php\/le-sed\/autisme-et-sed-hsd\/","title":{"rendered":"Autisme et SED\/HSD"},"content":{"rendered":"\t\t<div data-elementor-type=\"wp-page\" data-elementor-id=\"5020\" class=\"elementor elementor-5020\" wpc-filter-elementor-widget=\"1\">\n\t\t\t\t<div class=\"elementor-element elementor-element-3d903bd e-flex e-con-boxed wpr-particle-no wpr-jarallax-no wpr-parallax-no wpr-sticky-section-no wpr-equal-height-no e-con e-parent\" data-id=\"3d903bd\" data-element_type=\"container\" data-e-type=\"container\" data-settings=\"{&quot;background_background&quot;:&quot;classic&quot;}\">\n\t\t\t\t\t<div class=\"e-con-inner\">\n\t\t\t\t<div class=\"elementor-element elementor-element-53c2d20 exad-sticky-section-no exad-glass-effect-no elementor-widget elementor-widget-heading\" data-id=\"53c2d20\" data-element_type=\"widget\" data-e-type=\"widget\" data-widget_type=\"heading.default\">\n\t\t\t\t<div class=\"elementor-widget-container\">\n\t\t\t\t\t<h2 class=\"elementor-heading-title elementor-size-default\">Autisme et SED\/HSD<\/h2>\t\t\t\t<\/div>\n\t\t\t\t<\/div>\n\t\t\t\t<div class=\"elementor-element elementor-element-c4060db exad-sticky-section-no exad-glass-effect-no elementor-widget elementor-widget-text-editor\" data-id=\"c4060db\" data-element_type=\"widget\" data-e-type=\"widget\" data-widget_type=\"text-editor.default\">\n\t\t\t\t<div class=\"elementor-widget-container\">\n\t\t\t\t\t\t\t\t\t<p><span style=\"font-weight: 400;\">Des \u00e9tudes montrent que les personnes souffrant d&rsquo;hypermobilit\u00e9 articulaire, de Syndromes d&rsquo;Ehlers-Danlos (SED) et de Troubles du Spectre de l&rsquo;Hypermobilit\u00e9 (HSD &#8211; Hypermobility Spectrum Disorder) ont plus de chances que ne le voudrait le hasard de pr\u00e9senter \u00e9galement un Trouble du Spectre de l\u2019Autisme (TSA).<\/span><\/p><p><span style=\"font-weight: 400;\">Les recherches men\u00e9es par la \u201cBrighton and Sussex Medical School\u201d (BSMS), sous la direction du Dr Jessica Eccles, ont r\u00e9v\u00e9l\u00e9 que plus de 50 % des participants ayant re\u00e7u un diagnostic d&rsquo;autisme, de TDAH (Trouble du D\u00e9ficit de l\u2019Attention avec ou sans Hyperactivit\u00e9) ou de syndrome de Gilles de la Tourette pr\u00e9sentaient des niveaux \u00e9lev\u00e9s d&rsquo;hypermobilit\u00e9, contre seulement 20 % des participants issus de la population g\u00e9n\u00e9rale.\u00a0 Les participants neurodivergents ont \u00e9galement signal\u00e9 beaucoup plus de sympt\u00f4mes de douleur et de dysautonomie (par exemple, des vertiges lorsqu&rsquo;ils se l\u00e8vent) que le groupe t\u00e9moin, ce qui est li\u00e9 au nombre d&rsquo;articulations hypermobiles.<\/span><\/p><p><span style=\"font-weight: 400;\">Les professionnels de la sant\u00e9 devraient en \u00eatre inform\u00e9s. Ceci est important car les personnes autistes peuvent pr\u00e9senter des sympt\u00f4mes ou des inqui\u00e9tudes qui pourraient \u00eatre dus au fait qu&rsquo;elles souffrent \u00e9galement d&rsquo;une affection li\u00e9e \u00e0 l&rsquo;hypermobilit\u00e9, comme le SED, et vice versa.<\/span><\/p><p><span style=\"font-weight: 400;\">Avec par exemple :<\/span><\/p><ul><li style=\"font-weight: 400;\" aria-level=\"1\"><span style=\"font-weight: 400;\">des ecchymoses faciles<\/span><\/li><li style=\"font-weight: 400;\" aria-level=\"1\"><span style=\"font-weight: 400;\">de la douleur chronique<\/span><\/li><li style=\"font-weight: 400;\" aria-level=\"1\"><span style=\"font-weight: 400;\">un dysfonctionnement proprioceptif<\/span><\/li><li style=\"font-weight: 400;\" aria-level=\"1\"><span style=\"font-weight: 400;\">des probl\u00e8mes gastro-intestinaux tels que diarrh\u00e9e ou constipation<\/span><\/li><li style=\"font-weight: 400;\" aria-level=\"1\"><span style=\"font-weight: 400;\">un dysfonctionnement autonome<\/span><\/li><\/ul><p><span style=\"font-weight: 400;\">La \u201cEDS Society\u201d (Ehlers-Danlos Society) continue \u00e0 sensibiliser les professionnels de la sant\u00e9 et notre communaut\u00e9 \u00e0 la relation entre l&rsquo;autisme et l&rsquo;hypermobilit\u00e9 articulaire.\u00a0 Elle y parvient de diff\u00e9rentes mani\u00e8res, notamment lors d\u2019\u00e9v\u00e9nements, dans le cadre de ses\u00a0 programmes EDS ECHO, en soutenant les chercheurs dans leurs enqu\u00eates communautaires et en finan\u00e7ant le libre acc\u00e8s \u00e0 leurs publications.<\/span><\/p><p><span style=\"font-weight: 400;\">Jane Green est intervenue lors de la \u201cGlobal Learning Conference 2023\u201d sur le th\u00e8me \u00ab\u00a0Connecting the dots between autism, ADHD, dyspraxia, EDS, and HSD\u00a0\u00bb (Etablir les liens entre l&rsquo;autisme, le TDAH, la dyspraxie, le SED et le HSD).\u00a0 Dr Carolina Baezo-Velasco est une experte de premier plan en mati\u00e8re de SED et d&rsquo;autisme.\u00a0 Une pr\u00e9sentation sur la neurodiversit\u00e9 \u00e0 la \u201cVirtual Summer Conference 2020\u201d est disponible en fran\u00e7ais sur YouTube ainsi qu\u2019une s\u00e9ance de questions-r\u00e9ponses avec le Dr James Kustow.<\/span><\/p><p><em><span style=\"color: #333399;\"><a style=\"color: #333399;\" href=\"https:\/\/www.youtube.com\/watch?v=YoFwCTf5w9U\" target=\"_blank\" rel=\"noopener\">https:\/\/www.youtube.com\/watch?v=YoFwCTf5w9U<\/a><\/span><\/em><br \/><em><span style=\"color: #333399;\"><a style=\"color: #333399;\" href=\"https:\/\/www.youtube.com\/watch?v=KxuJIJQgFVc\" target=\"_blank\" rel=\"noopener\">https:\/\/www.youtube.com\/watch?v=KxuJIJQgFVc<\/a><\/span><\/em><\/p>\t\t\t\t\t\t\t\t<\/div>\n\t\t\t\t<\/div>\n\t\t\t\t<div class=\"elementor-element elementor-element-5c78e34 exad-sticky-section-no exad-glass-effect-no elementor-widget elementor-widget-text-editor\" data-id=\"5c78e34\" data-element_type=\"widget\" data-e-type=\"widget\" data-widget_type=\"text-editor.default\">\n\t\t\t\t<div class=\"elementor-widget-container\">\n\t\t\t\t\t\t\t\t\t<p><span style=\"font-weight: 400;\">Source : EDS Society \u2013 2023 Global Learning Conference \u2013 Dublin \u2013 August 2023<\/span><\/p>\t\t\t\t\t\t\t\t<\/div>\n\t\t\t\t<\/div>\n\t\t\t\t<div class=\"elementor-element elementor-element-c6d82ac elementor-widget-divider--view-line exad-sticky-section-no exad-glass-effect-no elementor-widget elementor-widget-divider\" data-id=\"c6d82ac\" data-element_type=\"widget\" data-e-type=\"widget\" data-widget_type=\"divider.default\">\n\t\t\t\t<div class=\"elementor-widget-container\">\n\t\t\t\t\t\t\t<div class=\"elementor-divider\">\n\t\t\t<span class=\"elementor-divider-separator\">\n\t\t\t\t\t\t<\/span>\n\t\t<\/div>\n\t\t\t\t\t\t<\/div>\n\t\t\t\t<\/div>\n\t\t\t\t<div class=\"elementor-element elementor-element-8182fd2 exad-sticky-section-no exad-glass-effect-no elementor-widget elementor-widget-text-editor\" data-id=\"8182fd2\" data-element_type=\"widget\" data-e-type=\"widget\" data-widget_type=\"text-editor.default\">\n\t\t\t\t<div class=\"elementor-widget-container\">\n\t\t\t\t\t\t\t\t\t<p>\tVous \u00eates ici:\n<span><span><a href=\"https:\/\/gesed.com\/\">Accueil<\/a><\/span><\/span><\/p>\t\t\t\t\t\t\t\t<\/div>\n\t\t\t\t<\/div>\n\t\t\t\t\t<\/div>\n\t\t\t\t<\/div>\n\t\t\t\t<\/div>\n\t\t","protected":false},"excerpt":{"rendered":"<p>Autisme et SED\/HSD Des \u00e9tudes montrent que les personnes souffrant d&rsquo;hypermobilit\u00e9 articulaire, de Syndromes d&rsquo;Ehlers-Danlos (SED) et de Troubles du Spectre de l&rsquo;Hypermobilit\u00e9 (HSD &#8211; Hypermobility Spectrum Disorder) ont plus de chances que ne le voudrait le hasard de pr\u00e9senter \u00e9galement un Trouble du Spectre de l\u2019Autisme (TSA). Les recherches men\u00e9es par la \u201cBrighton and Sussex Medical School\u201d (BSMS), sous la direction du Dr Jessica Eccles, ont r\u00e9v\u00e9l\u00e9 que plus de 50 % des participants ayant re\u00e7u un diagnostic d&rsquo;autisme, de TDAH (Trouble du D\u00e9ficit de l\u2019Attention avec ou sans Hyperactivit\u00e9) ou de syndrome de Gilles de la Tourette pr\u00e9sentaient des niveaux \u00e9lev\u00e9s d&rsquo;hypermobilit\u00e9, contre seulement 20 % des participants issus de la population g\u00e9n\u00e9rale.\u00a0 Les participants neurodivergents ont \u00e9galement signal\u00e9 beaucoup plus de sympt\u00f4mes de douleur et de dysautonomie (par exemple, des vertiges lorsqu&rsquo;ils se l\u00e8vent) que le groupe t\u00e9moin, ce qui est li\u00e9 au nombre d&rsquo;articulations hypermobiles. Les professionnels de la sant\u00e9 devraient en \u00eatre inform\u00e9s. Ceci est important car les personnes autistes peuvent pr\u00e9senter des sympt\u00f4mes ou des inqui\u00e9tudes qui pourraient \u00eatre dus au fait qu&rsquo;elles souffrent \u00e9galement d&rsquo;une affection li\u00e9e \u00e0 l&rsquo;hypermobilit\u00e9, comme le SED, et vice versa. Avec par exemple : des ecchymoses faciles de la douleur chronique un dysfonctionnement proprioceptif des probl\u00e8mes gastro-intestinaux tels que diarrh\u00e9e ou constipation un dysfonctionnement autonome La \u201cEDS Society\u201d (Ehlers-Danlos Society) continue \u00e0 sensibiliser les professionnels de la sant\u00e9 et notre communaut\u00e9 \u00e0 la relation entre l&rsquo;autisme et l&rsquo;hypermobilit\u00e9 articulaire.\u00a0 Elle y parvient de diff\u00e9rentes mani\u00e8res, notamment lors d\u2019\u00e9v\u00e9nements, dans le cadre de ses\u00a0 programmes EDS ECHO, en soutenant les chercheurs dans leurs enqu\u00eates communautaires et en finan\u00e7ant le libre acc\u00e8s \u00e0 leurs publications. Jane Green est intervenue lors de la \u201cGlobal Learning Conference 2023\u201d sur le th\u00e8me \u00ab\u00a0Connecting the dots between autism, ADHD, dyspraxia, EDS, and HSD\u00a0\u00bb (Etablir les liens entre l&rsquo;autisme, le TDAH, la dyspraxie, le SED et le HSD).\u00a0 Dr Carolina Baezo-Velasco est une experte de premier plan en mati\u00e8re de SED et d&rsquo;autisme.\u00a0 Une pr\u00e9sentation sur la neurodiversit\u00e9 \u00e0 la \u201cVirtual Summer Conference 2020\u201d est disponible en fran\u00e7ais sur YouTube ainsi qu\u2019une s\u00e9ance de questions-r\u00e9ponses avec le Dr James Kustow. https:\/\/www.youtube.com\/watch?v=YoFwCTf5w9Uhttps:\/\/www.youtube.com\/watch?v=KxuJIJQgFVc Source : EDS Society \u2013 2023 Global Learning Conference \u2013 Dublin \u2013 August 2023<\/p>\n","protected":false},"author":1,"featured_media":0,"parent":1375,"menu_order":0,"comment_status":"closed","ping_status":"closed","template":"","meta":{"ocean_post_layout":"","ocean_both_sidebars_style":"","ocean_both_sidebars_content_width":0,"ocean_both_sidebars_sidebars_width":0,"ocean_sidebar":"","ocean_second_sidebar":"","ocean_disable_margins":"enable","ocean_add_body_class":"","ocean_shortcode_before_top_bar":"","ocean_shortcode_after_top_bar":"","ocean_shortcode_before_header":"","ocean_shortcode_after_header":"","ocean_has_shortcode":"","ocean_shortcode_after_title":"","ocean_shortcode_before_footer_widgets":"","ocean_shortcode_after_footer_widgets":"","ocean_shortcode_before_footer_bottom":"","ocean_shortcode_after_footer_bottom":"","ocean_display_top_bar":"off","ocean_display_header":"off","ocean_header_style":"minimal","ocean_center_header_left_menu":"","ocean_custom_header_template":"","ocean_custom_logo":0,"ocean_custom_retina_logo":0,"ocean_custom_logo_max_width":0,"ocean_custom_logo_tablet_max_width":0,"ocean_custom_logo_mobile_max_width":0,"ocean_custom_logo_max_height":0,"ocean_custom_logo_tablet_max_height":0,"ocean_custom_logo_mobile_max_height":0,"ocean_header_custom_menu":"","ocean_menu_typo_font_family":"","ocean_menu_typo_font_subset":"","ocean_menu_typo_font_size":0,"ocean_menu_typo_font_size_tablet":0,"ocean_menu_typo_font_size_mobile":0,"ocean_menu_typo_font_size_unit":"px","ocean_menu_typo_font_weight":"","ocean_menu_typo_font_weight_tablet":"","ocean_menu_typo_font_weight_mobile":"","ocean_menu_typo_transform":"","ocean_menu_typo_transform_tablet":"","ocean_menu_typo_transform_mobile":"","ocean_menu_typo_line_height":0,"ocean_menu_typo_line_height_tablet":0,"ocean_menu_typo_line_height_mobile":0,"ocean_menu_typo_line_height_unit":"","ocean_menu_typo_spacing":0,"ocean_menu_typo_spacing_tablet":0,"ocean_menu_typo_spacing_mobile":0,"ocean_menu_typo_spacing_unit":"","ocean_menu_link_color":"","ocean_menu_link_color_hover":"","ocean_menu_link_color_active":"","ocean_menu_link_background":"","ocean_menu_link_hover_background":"","ocean_menu_link_active_background":"","ocean_menu_social_links_bg":"","ocean_menu_social_hover_links_bg":"","ocean_menu_social_links_color":"","ocean_menu_social_hover_links_color":"","ocean_disable_title":"default","ocean_disable_heading":"default","ocean_post_title":"","ocean_post_subheading":"","ocean_post_title_style":"","ocean_post_title_background_color":"","ocean_post_title_background":0,"ocean_post_title_bg_image_position":"","ocean_post_title_bg_image_attachment":"","ocean_post_title_bg_image_repeat":"","ocean_post_title_bg_image_size":"","ocean_post_title_height":0,"ocean_post_title_bg_overlay":0.5,"ocean_post_title_bg_overlay_color":"","ocean_disable_breadcrumbs":"default","ocean_breadcrumbs_color":"","ocean_breadcrumbs_separator_color":"","ocean_breadcrumbs_links_color":"","ocean_breadcrumbs_links_hover_color":"","ocean_display_footer_widgets":"off","ocean_display_footer_bottom":"off","ocean_custom_footer_template":"","footnotes":""},"class_list":["post-5020","page","type-page","status-publish","hentry","entry"],"yoast_head":"<!-- This site is optimized with the Yoast SEO plugin v27.5 - https:\/\/yoast.com\/product\/yoast-seo-wordpress\/ -->\n<title>Autisme et SED\/HSD - Gesed<\/title>\n<meta name=\"robots\" content=\"index, follow, max-snippet:-1, max-image-preview:large, max-video-preview:-1\" \/>\n<link rel=\"canonical\" href=\"https:\/\/gesed.com\/index.php\/le-sed\/autisme-et-sed-hsd\/\" \/>\n<meta property=\"og:locale\" content=\"fr_FR\" \/>\n<meta property=\"og:type\" content=\"article\" \/>\n<meta property=\"og:title\" content=\"Autisme et SED\/HSD - Gesed\" \/>\n<meta property=\"og:description\" content=\"Autisme et SED\/HSD Des \u00e9tudes montrent que les personnes souffrant d&rsquo;hypermobilit\u00e9 articulaire, de Syndromes d&rsquo;Ehlers-Danlos (SED) et de Troubles du Spectre de l&rsquo;Hypermobilit\u00e9 (HSD &#8211; Hypermobility Spectrum Disorder) ont plus de chances que ne le voudrait le hasard de pr\u00e9senter \u00e9galement un Trouble du Spectre de l\u2019Autisme (TSA). Les recherches men\u00e9es par la \u201cBrighton and Sussex Medical School\u201d (BSMS), sous la direction du Dr Jessica Eccles, ont r\u00e9v\u00e9l\u00e9 que plus de 50 % des participants ayant re\u00e7u un diagnostic d&rsquo;autisme, de TDAH (Trouble du D\u00e9ficit de l\u2019Attention avec ou sans Hyperactivit\u00e9) ou de syndrome de Gilles de la Tourette pr\u00e9sentaient des niveaux \u00e9lev\u00e9s d&rsquo;hypermobilit\u00e9, contre seulement 20 % des participants issus de la population g\u00e9n\u00e9rale.\u00a0 Les participants neurodivergents ont \u00e9galement signal\u00e9 beaucoup plus de sympt\u00f4mes de douleur et de dysautonomie (par exemple, des vertiges lorsqu&rsquo;ils se l\u00e8vent) que le groupe t\u00e9moin, ce qui est li\u00e9 au nombre d&rsquo;articulations hypermobiles. Les professionnels de la sant\u00e9 devraient en \u00eatre inform\u00e9s. Ceci est important car les personnes autistes peuvent pr\u00e9senter des sympt\u00f4mes ou des inqui\u00e9tudes qui pourraient \u00eatre dus au fait qu&rsquo;elles souffrent \u00e9galement d&rsquo;une affection li\u00e9e \u00e0 l&rsquo;hypermobilit\u00e9, comme le SED, et vice versa. Avec par exemple : des ecchymoses faciles de la douleur chronique un dysfonctionnement proprioceptif des probl\u00e8mes gastro-intestinaux tels que diarrh\u00e9e ou constipation un dysfonctionnement autonome La \u201cEDS Society\u201d (Ehlers-Danlos Society) continue \u00e0 sensibiliser les professionnels de la sant\u00e9 et notre communaut\u00e9 \u00e0 la relation entre l&rsquo;autisme et l&rsquo;hypermobilit\u00e9 articulaire.\u00a0 Elle y parvient de diff\u00e9rentes mani\u00e8res, notamment lors d\u2019\u00e9v\u00e9nements, dans le cadre de ses\u00a0 programmes EDS ECHO, en soutenant les chercheurs dans leurs enqu\u00eates communautaires et en finan\u00e7ant le libre acc\u00e8s \u00e0 leurs publications. Jane Green est intervenue lors de la \u201cGlobal Learning Conference 2023\u201d sur le th\u00e8me \u00ab\u00a0Connecting the dots between autism, ADHD, dyspraxia, EDS, and HSD\u00a0\u00bb (Etablir les liens entre l&rsquo;autisme, le TDAH, la dyspraxie, le SED et le HSD).\u00a0 Dr Carolina Baezo-Velasco est une experte de premier plan en mati\u00e8re de SED et d&rsquo;autisme.\u00a0 Une pr\u00e9sentation sur la neurodiversit\u00e9 \u00e0 la \u201cVirtual Summer Conference 2020\u201d est disponible en fran\u00e7ais sur YouTube ainsi qu\u2019une s\u00e9ance de questions-r\u00e9ponses avec le Dr James Kustow. https:\/\/www.youtube.com\/watch?v=YoFwCTf5w9Uhttps:\/\/www.youtube.com\/watch?v=KxuJIJQgFVc Source : EDS Society \u2013 2023 Global Learning Conference \u2013 Dublin \u2013 August 2023\" \/>\n<meta property=\"og:url\" content=\"https:\/\/gesed.com\/index.php\/le-sed\/autisme-et-sed-hsd\/\" \/>\n<meta property=\"og:site_name\" content=\"Gesed\" \/>\n<meta property=\"article:publisher\" content=\"https:\/\/www.facebook.com\/gesedasbl\" \/>\n<meta property=\"article:modified_time\" content=\"2024-10-17T08:55:07+00:00\" \/>\n<meta name=\"twitter:card\" content=\"summary_large_image\" \/>\n<meta name=\"twitter:label1\" content=\"Dur\u00e9e de lecture estim\u00e9e\" \/>\n\t<meta name=\"twitter:data1\" content=\"2 minutes\" \/>\n<script type=\"application\/ld+json\" class=\"yoast-schema-graph\">{\"@context\":\"https:\\\/\\\/schema.org\",\"@graph\":[{\"@type\":\"WebPage\",\"@id\":\"https:\\\/\\\/gesed.com\\\/index.php\\\/le-sed\\\/autisme-et-sed-hsd\\\/\",\"url\":\"https:\\\/\\\/gesed.com\\\/index.php\\\/le-sed\\\/autisme-et-sed-hsd\\\/\",\"name\":\"Autisme et SED\\\/HSD - Gesed\",\"isPartOf\":{\"@id\":\"https:\\\/\\\/gesed.com\\\/#website\"},\"datePublished\":\"2024-09-25T10:06:52+00:00\",\"dateModified\":\"2024-10-17T08:55:07+00:00\",\"breadcrumb\":{\"@id\":\"https:\\\/\\\/gesed.com\\\/index.php\\\/le-sed\\\/autisme-et-sed-hsd\\\/#breadcrumb\"},\"inLanguage\":\"fr-FR\",\"potentialAction\":[{\"@type\":\"ReadAction\",\"target\":[\"https:\\\/\\\/gesed.com\\\/index.php\\\/le-sed\\\/autisme-et-sed-hsd\\\/\"]}]},{\"@type\":\"BreadcrumbList\",\"@id\":\"https:\\\/\\\/gesed.com\\\/index.php\\\/le-sed\\\/autisme-et-sed-hsd\\\/#breadcrumb\",\"itemListElement\":[{\"@type\":\"ListItem\",\"position\":1,\"name\":\"Accueil\",\"item\":\"https:\\\/\\\/gesed.com\\\/\"},{\"@type\":\"ListItem\",\"position\":2,\"name\":\"Le SED\",\"item\":\"https:\\\/\\\/gesed.com\\\/index.php\\\/le-sed\\\/\"},{\"@type\":\"ListItem\",\"position\":3,\"name\":\"Autisme et SED\\\/HSD\"}]},{\"@type\":\"WebSite\",\"@id\":\"https:\\\/\\\/gesed.com\\\/#website\",\"url\":\"https:\\\/\\\/gesed.com\\\/\",\"name\":\"Gesed\",\"description\":\"Groupe d&#039;Entraide des Syndr\u00f4mes d&#039;Ehlers-Danlos\",\"potentialAction\":[{\"@type\":\"SearchAction\",\"target\":{\"@type\":\"EntryPoint\",\"urlTemplate\":\"https:\\\/\\\/gesed.com\\\/?s={search_term_string}\"},\"query-input\":{\"@type\":\"PropertyValueSpecification\",\"valueRequired\":true,\"valueName\":\"search_term_string\"}}],\"inLanguage\":\"fr-FR\"}]}<\/script>\n<!-- \/ Yoast SEO plugin. -->","yoast_head_json":{"title":"Autisme et SED\/HSD - Gesed","robots":{"index":"index","follow":"follow","max-snippet":"max-snippet:-1","max-image-preview":"max-image-preview:large","max-video-preview":"max-video-preview:-1"},"canonical":"https:\/\/gesed.com\/index.php\/le-sed\/autisme-et-sed-hsd\/","og_locale":"fr_FR","og_type":"article","og_title":"Autisme et SED\/HSD - Gesed","og_description":"Autisme et SED\/HSD Des \u00e9tudes montrent que les personnes souffrant d&rsquo;hypermobilit\u00e9 articulaire, de Syndromes d&rsquo;Ehlers-Danlos (SED) et de Troubles du Spectre de l&rsquo;Hypermobilit\u00e9 (HSD &#8211; Hypermobility Spectrum Disorder) ont plus de chances que ne le voudrait le hasard de pr\u00e9senter \u00e9galement un Trouble du Spectre de l\u2019Autisme (TSA). Les recherches men\u00e9es par la \u201cBrighton and Sussex Medical School\u201d (BSMS), sous la direction du Dr Jessica Eccles, ont r\u00e9v\u00e9l\u00e9 que plus de 50 % des participants ayant re\u00e7u un diagnostic d&rsquo;autisme, de TDAH (Trouble du D\u00e9ficit de l\u2019Attention avec ou sans Hyperactivit\u00e9) ou de syndrome de Gilles de la Tourette pr\u00e9sentaient des niveaux \u00e9lev\u00e9s d&rsquo;hypermobilit\u00e9, contre seulement 20 % des participants issus de la population g\u00e9n\u00e9rale.\u00a0 Les participants neurodivergents ont \u00e9galement signal\u00e9 beaucoup plus de sympt\u00f4mes de douleur et de dysautonomie (par exemple, des vertiges lorsqu&rsquo;ils se l\u00e8vent) que le groupe t\u00e9moin, ce qui est li\u00e9 au nombre d&rsquo;articulations hypermobiles. Les professionnels de la sant\u00e9 devraient en \u00eatre inform\u00e9s. Ceci est important car les personnes autistes peuvent pr\u00e9senter des sympt\u00f4mes ou des inqui\u00e9tudes qui pourraient \u00eatre dus au fait qu&rsquo;elles souffrent \u00e9galement d&rsquo;une affection li\u00e9e \u00e0 l&rsquo;hypermobilit\u00e9, comme le SED, et vice versa. Avec par exemple : des ecchymoses faciles de la douleur chronique un dysfonctionnement proprioceptif des probl\u00e8mes gastro-intestinaux tels que diarrh\u00e9e ou constipation un dysfonctionnement autonome La \u201cEDS Society\u201d (Ehlers-Danlos Society) continue \u00e0 sensibiliser les professionnels de la sant\u00e9 et notre communaut\u00e9 \u00e0 la relation entre l&rsquo;autisme et l&rsquo;hypermobilit\u00e9 articulaire.\u00a0 Elle y parvient de diff\u00e9rentes mani\u00e8res, notamment lors d\u2019\u00e9v\u00e9nements, dans le cadre de ses\u00a0 programmes EDS ECHO, en soutenant les chercheurs dans leurs enqu\u00eates communautaires et en finan\u00e7ant le libre acc\u00e8s \u00e0 leurs publications. Jane Green est intervenue lors de la \u201cGlobal Learning Conference 2023\u201d sur le th\u00e8me \u00ab\u00a0Connecting the dots between autism, ADHD, dyspraxia, EDS, and HSD\u00a0\u00bb (Etablir les liens entre l&rsquo;autisme, le TDAH, la dyspraxie, le SED et le HSD).\u00a0 Dr Carolina Baezo-Velasco est une experte de premier plan en mati\u00e8re de SED et d&rsquo;autisme.\u00a0 Une pr\u00e9sentation sur la neurodiversit\u00e9 \u00e0 la \u201cVirtual Summer Conference 2020\u201d est disponible en fran\u00e7ais sur YouTube ainsi qu\u2019une s\u00e9ance de questions-r\u00e9ponses avec le Dr James Kustow. https:\/\/www.youtube.com\/watch?v=YoFwCTf5w9Uhttps:\/\/www.youtube.com\/watch?v=KxuJIJQgFVc Source : EDS Society \u2013 2023 Global Learning Conference \u2013 Dublin \u2013 August 2023","og_url":"https:\/\/gesed.com\/index.php\/le-sed\/autisme-et-sed-hsd\/","og_site_name":"Gesed","article_publisher":"https:\/\/www.facebook.com\/gesedasbl","article_modified_time":"2024-10-17T08:55:07+00:00","twitter_card":"summary_large_image","twitter_misc":{"Dur\u00e9e de lecture estim\u00e9e":"2 minutes"},"schema":{"@context":"https:\/\/schema.org","@graph":[{"@type":"WebPage","@id":"https:\/\/gesed.com\/index.php\/le-sed\/autisme-et-sed-hsd\/","url":"https:\/\/gesed.com\/index.php\/le-sed\/autisme-et-sed-hsd\/","name":"Autisme et SED\/HSD - Gesed","isPartOf":{"@id":"https:\/\/gesed.com\/#website"},"datePublished":"2024-09-25T10:06:52+00:00","dateModified":"2024-10-17T08:55:07+00:00","breadcrumb":{"@id":"https:\/\/gesed.com\/index.php\/le-sed\/autisme-et-sed-hsd\/#breadcrumb"},"inLanguage":"fr-FR","potentialAction":[{"@type":"ReadAction","target":["https:\/\/gesed.com\/index.php\/le-sed\/autisme-et-sed-hsd\/"]}]},{"@type":"BreadcrumbList","@id":"https:\/\/gesed.com\/index.php\/le-sed\/autisme-et-sed-hsd\/#breadcrumb","itemListElement":[{"@type":"ListItem","position":1,"name":"Accueil","item":"https:\/\/gesed.com\/"},{"@type":"ListItem","position":2,"name":"Le SED","item":"https:\/\/gesed.com\/index.php\/le-sed\/"},{"@type":"ListItem","position":3,"name":"Autisme et SED\/HSD"}]},{"@type":"WebSite","@id":"https:\/\/gesed.com\/#website","url":"https:\/\/gesed.com\/","name":"Gesed","description":"Groupe d&#039;Entraide des Syndr\u00f4mes d&#039;Ehlers-Danlos","potentialAction":[{"@type":"SearchAction","target":{"@type":"EntryPoint","urlTemplate":"https:\/\/gesed.com\/?s={search_term_string}"},"query-input":{"@type":"PropertyValueSpecification","valueRequired":true,"valueName":"search_term_string"}}],"inLanguage":"fr-FR"}]}},"publishpress_future_action":{"enabled":false,"date":"2026-05-09 18:37:24","action":"change-status","newStatus":"draft","terms":[],"taxonomy":"","extraData":[]},"publishpress_future_workflow_manual_trigger":{"enabledWorkflows":[]},"rttpg_featured_image_url":null,"rttpg_author":{"display_name":"YloGesed","author_link":"https:\/\/gesed.com\/index.php\/author\/admin2349\/"},"rttpg_comment":0,"rttpg_category":null,"rttpg_excerpt":"Autisme et SED\/HSD Des \u00e9tudes montrent que les personnes souffrant d&rsquo;hypermobilit\u00e9 articulaire, de Syndromes d&rsquo;Ehlers-Danlos (SED) et de Troubles du Spectre de l&rsquo;Hypermobilit\u00e9 (HSD &#8211; Hypermobility Spectrum Disorder) ont plus de chances que ne le voudrait le hasard de pr\u00e9senter \u00e9galement un Trouble du Spectre de l\u2019Autisme (TSA). Les recherches men\u00e9es par la \u201cBrighton and\u2026","_links":{"self":[{"href":"https:\/\/gesed.com\/index.php\/wp-json\/wp\/v2\/pages\/5020","targetHints":{"allow":["GET"]}}],"collection":[{"href":"https:\/\/gesed.com\/index.php\/wp-json\/wp\/v2\/pages"}],"about":[{"href":"https:\/\/gesed.com\/index.php\/wp-json\/wp\/v2\/types\/page"}],"author":[{"embeddable":true,"href":"https:\/\/gesed.com\/index.php\/wp-json\/wp\/v2\/users\/1"}],"replies":[{"embeddable":true,"href":"https:\/\/gesed.com\/index.php\/wp-json\/wp\/v2\/comments?post=5020"}],"version-history":[{"count":7,"href":"https:\/\/gesed.com\/index.php\/wp-json\/wp\/v2\/pages\/5020\/revisions"}],"predecessor-version":[{"id":6295,"href":"https:\/\/gesed.com\/index.php\/wp-json\/wp\/v2\/pages\/5020\/revisions\/6295"}],"up":[{"embeddable":true,"href":"https:\/\/gesed.com\/index.php\/wp-json\/wp\/v2\/pages\/1375"}],"wp:attachment":[{"href":"https:\/\/gesed.com\/index.php\/wp-json\/wp\/v2\/media?parent=5020"}],"curies":[{"name":"wp","href":"https:\/\/api.w.org\/{rel}","templated":true}]}}