{"id":5108,"date":"2024-09-25T16:23:05","date_gmt":"2024-09-25T14:23:05","guid":{"rendered":"https:\/\/gesed.org\/?page_id=5108"},"modified":"2024-09-25T16:40:39","modified_gmt":"2024-09-25T14:40:39","slug":"hsd-sed-anesthesie-et-chirurgie","status":"publish","type":"page","link":"https:\/\/gesed.com\/index.php\/le-sed\/hsd-sed-anesthesie-et-chirurgie\/","title":{"rendered":"HSD\/SED &#8211; anesth\u00e9sie et chirurgie"},"content":{"rendered":"\t\t<div data-elementor-type=\"wp-page\" data-elementor-id=\"5108\" class=\"elementor elementor-5108\" wpc-filter-elementor-widget=\"1\">\n\t\t\t\t<div class=\"elementor-element elementor-element-3d903bd e-flex e-con-boxed wpr-particle-no wpr-jarallax-no wpr-parallax-no wpr-sticky-section-no wpr-column-slider-no wpr-equal-height-no e-con e-parent\" data-id=\"3d903bd\" data-element_type=\"container\" data-e-type=\"container\" data-settings=\"{&quot;background_background&quot;:&quot;classic&quot;}\">\n\t\t\t\t\t<div class=\"e-con-inner\">\n\t\t\t\t<div class=\"elementor-element elementor-element-53c2d20 exad-sticky-section-no exad-glass-effect-no elementor-widget elementor-widget-heading\" data-id=\"53c2d20\" data-element_type=\"widget\" data-e-type=\"widget\" data-widget_type=\"heading.default\">\n\t\t\t\t<div class=\"elementor-widget-container\">\n\t\t\t\t\t<h2 class=\"elementor-heading-title elementor-size-default\">HSD\/SED - Anesth\u00e9sie et chirurgie<\/h2>\t\t\t\t<\/div>\n\t\t\t\t<\/div>\n\t\t\t\t<div class=\"elementor-element elementor-element-1b7e152 exad-sticky-section-no exad-glass-effect-no elementor-widget elementor-widget-image\" data-id=\"1b7e152\" data-element_type=\"widget\" data-e-type=\"widget\" data-widget_type=\"image.default\">\n\t\t\t\t<div class=\"elementor-widget-container\">\n\t\t\t\t\t\t\t\t\t\t\t\t\t\t\t<img fetchpriority=\"high\" decoding=\"async\" width=\"974\" height=\"325\" src=\"https:\/\/gesed.com\/wp-content\/uploads\/2024\/09\/Sed-in-France.jpg\" class=\"attachment-large size-large wp-image-5143\" alt=\"\" srcset=\"https:\/\/gesed.com\/wp-content\/uploads\/2024\/09\/Sed-in-France.jpg 974w, https:\/\/gesed.com\/wp-content\/uploads\/2024\/09\/Sed-in-France-300x100.jpg 300w, https:\/\/gesed.com\/wp-content\/uploads\/2024\/09\/Sed-in-France-768x256.jpg 768w\" sizes=\"(max-width: 974px) 100vw, 974px\" \/>\t\t\t\t\t\t\t\t\t\t\t\t\t\t\t<\/div>\n\t\t\t\t<\/div>\n\t\t\t\t<div class=\"elementor-element elementor-element-53da86f exad-sticky-section-no exad-glass-effect-no elementor-widget elementor-widget-heading\" data-id=\"53da86f\" data-element_type=\"widget\" data-e-type=\"widget\" data-widget_type=\"heading.default\">\n\t\t\t\t<div class=\"elementor-widget-container\">\n\t\t\t\t\t<h1 class=\"elementor-heading-title elementor-size-default\">Pr\u00e9cautions chirurgicales et anesth\u00e9siques\u200b<\/h1>\t\t\t\t<\/div>\n\t\t\t\t<\/div>\n\t\t\t\t<div class=\"elementor-element elementor-element-bb6e84e exad-sticky-section-no exad-glass-effect-no elementor-widget elementor-widget-text-editor\" data-id=\"bb6e84e\" data-element_type=\"widget\" data-e-type=\"widget\" data-widget_type=\"text-editor.default\">\n\t\t\t\t<div class=\"elementor-widget-container\">\n\t\t\t\t\t\t\t\t\t<p>Les instructions ci-dessous, ainsi que ce document sont construits \u00e0 partir d&rsquo;un consensus informel d&rsquo;experts nationaux sur le syndrome d&rsquo;Ehlers-Danlos de type hypermobile (SEDh) et les troubles du spectre de l\u2019hypermobilit\u00e9 (HSD). Si une r\u00e9elle distinction existe entre les conditions donn\u00e9es pour ces deux \u00e9tiquettes, elle n\u2019est pas claire. Pour les patients op\u00e9r\u00e9s qui peuvent \u00eatre atteints d\u2019une de ces affections mais qui n\u2019ont pas encore eu de diagnostic officiel, je recommande de respecter les m\u00eames pr\u00e9cautions. Elles ne feront aucun mal si le patient n&rsquo;a pas le SEDh ou un HSD. Si le patient pr\u00e9sente un HSD\/SEDh, la proc\u00e9dure sera beaucoup plus s\u00fbre si ces pr\u00e9cautions sont suivies.<\/p><p><br \/>Pour le patient, comment utiliser ce document :<\/p><ol><li>Faites 3 copies des 2 encadr\u00e9s suivants.<\/li><li>Donnez une copie au m\u00e9decin qui effectuera la proc\u00e9dure chirurgicale et assurez-vous qu\u2019il l\u2019a bien lu.<\/li><li>Donnez une copie \u00e0 la personne qui vous administrera l&rsquo;anesth\u00e9sique (anesth\u00e9siste ou infirmier anesth\u00e9siste). Assurez-vous qu\u2019il la lise.<\/li><li>Si autoris\u00e9, placez-en un exemplaire \u00e9pingl\u00e9 sur votre blouse d\u2019h\u00f4pital avant la proc\u00e9dure. Si ce n\u2019est pas permis, conservez-le avec vos effets personnels \u00e0 l\u2019h\u00f4pital, car vous en aurez peut-\u00eatre besoin plus tard.<\/li><\/ol><p><br \/>Ceci devrait garantir que toutes les personnes qui ont besoin de conna\u00eetre votre \u00e9tat de sant\u00e9, sauront ce dont ils ont besoin pour assurer votre s\u00e9curit\u00e9 pendant la proc\u00e9dure.<\/p><p>Conservez ce fichier sur votre ordinateur pour pouvoir l&rsquo;utiliser \u00e0 l&rsquo;avenir, chaque fois que vous devez subir une intervention chirurgicale ou simplement une anesth\u00e9sie pour des tests m\u00e9dicaux.<\/p><p>Alan Spanos, MD<\/p>\t\t\t\t\t\t\t\t<\/div>\n\t\t\t\t<\/div>\n\t\t\t\t<div class=\"elementor-element elementor-element-2a47637 exad-sticky-section-no exad-glass-effect-no elementor-widget elementor-widget-image\" data-id=\"2a47637\" data-element_type=\"widget\" data-e-type=\"widget\" data-widget_type=\"image.default\">\n\t\t\t\t<div class=\"elementor-widget-container\">\n\t\t\t\t\t\t\t\t\t\t\t\t\t\t\t<img decoding=\"async\" width=\"1019\" height=\"929\" src=\"https:\/\/gesed.com\/wp-content\/uploads\/2024\/09\/CHirurgie-1.jpg\" class=\"attachment-large size-large wp-image-5111\" alt=\"\" srcset=\"https:\/\/gesed.com\/wp-content\/uploads\/2024\/09\/CHirurgie-1.jpg 1019w, https:\/\/gesed.com\/wp-content\/uploads\/2024\/09\/CHirurgie-1-300x274.jpg 300w, https:\/\/gesed.com\/wp-content\/uploads\/2024\/09\/CHirurgie-1-768x700.jpg 768w\" sizes=\"(max-width: 1019px) 100vw, 1019px\" \/>\t\t\t\t\t\t\t\t\t\t\t\t\t\t\t<\/div>\n\t\t\t\t<\/div>\n\t\t\t\t<div class=\"elementor-element elementor-element-c41ab0f exad-sticky-section-no exad-glass-effect-no elementor-widget elementor-widget-image\" data-id=\"c41ab0f\" data-element_type=\"widget\" data-e-type=\"widget\" data-widget_type=\"image.default\">\n\t\t\t\t<div class=\"elementor-widget-container\">\n\t\t\t\t\t\t\t\t\t\t\t\t\t\t\t<img decoding=\"async\" width=\"842\" height=\"1024\" src=\"https:\/\/gesed.com\/wp-content\/uploads\/2024\/09\/CHirurgie-2-842x1024.jpg\" class=\"attachment-large size-large wp-image-5112\" alt=\"\" srcset=\"https:\/\/gesed.com\/wp-content\/uploads\/2024\/09\/CHirurgie-2-842x1024.jpg 842w, https:\/\/gesed.com\/wp-content\/uploads\/2024\/09\/CHirurgie-2-247x300.jpg 247w, https:\/\/gesed.com\/wp-content\/uploads\/2024\/09\/CHirurgie-2-768x934.jpg 768w, https:\/\/gesed.com\/wp-content\/uploads\/2024\/09\/CHirurgie-2.jpg 1023w\" sizes=\"(max-width: 842px) 100vw, 842px\" \/>\t\t\t\t\t\t\t\t\t\t\t\t\t\t\t<\/div>\n\t\t\t\t<\/div>\n\t\t\t\t<div class=\"elementor-element elementor-element-c6d82ac elementor-widget-divider--view-line exad-sticky-section-no exad-glass-effect-no elementor-widget elementor-widget-divider\" data-id=\"c6d82ac\" data-element_type=\"widget\" data-e-type=\"widget\" data-widget_type=\"divider.default\">\n\t\t\t\t<div class=\"elementor-widget-container\">\n\t\t\t\t\t\t\t<div class=\"elementor-divider\">\n\t\t\t<span class=\"elementor-divider-separator\">\n\t\t\t\t\t\t<\/span>\n\t\t<\/div>\n\t\t\t\t\t\t<\/div>\n\t\t\t\t<\/div>\n\t\t\t\t<div class=\"elementor-element elementor-element-8182fd2 exad-sticky-section-no exad-glass-effect-no elementor-widget elementor-widget-text-editor\" data-id=\"8182fd2\" data-element_type=\"widget\" data-e-type=\"widget\" data-widget_type=\"text-editor.default\">\n\t\t\t\t<div class=\"elementor-widget-container\">\n\t\t\t\t\t\t\t\t\t<p>\tVous \u00eates ici:\n<span><span><a href=\"https:\/\/gesed.com\/\">Accueil<\/a><\/span><\/span><\/p>\t\t\t\t\t\t\t\t<\/div>\n\t\t\t\t<\/div>\n\t\t\t\t\t<\/div>\n\t\t\t\t<\/div>\n\t\t\t\t<\/div>\n\t\t","protected":false},"excerpt":{"rendered":"<p>HSD\/SED &#8211; Anesth\u00e9sie et chirurgie Pr\u00e9cautions chirurgicales et anesth\u00e9siques\u200b Les instructions ci-dessous, ainsi que ce document sont construits \u00e0 partir d&rsquo;un consensus informel d&rsquo;experts nationaux sur le syndrome d&rsquo;Ehlers-Danlos de type hypermobile (SEDh) et les troubles du spectre de l\u2019hypermobilit\u00e9 (HSD). Si une r\u00e9elle distinction existe entre les conditions donn\u00e9es pour ces deux \u00e9tiquettes, elle n\u2019est pas claire. Pour les patients op\u00e9r\u00e9s qui peuvent \u00eatre atteints d\u2019une de ces affections mais qui n\u2019ont pas encore eu de diagnostic officiel, je recommande de respecter les m\u00eames pr\u00e9cautions. Elles ne feront aucun mal si le patient n&rsquo;a pas le SEDh ou un HSD. Si le patient pr\u00e9sente un HSD\/SEDh, la proc\u00e9dure sera beaucoup plus s\u00fbre si ces pr\u00e9cautions sont suivies. Pour le patient, comment utiliser ce document : Faites 3 copies des 2 encadr\u00e9s suivants. Donnez une copie au m\u00e9decin qui effectuera la proc\u00e9dure chirurgicale et assurez-vous qu\u2019il l\u2019a bien lu. Donnez une copie \u00e0 la personne qui vous administrera l&rsquo;anesth\u00e9sique (anesth\u00e9siste ou infirmier anesth\u00e9siste). Assurez-vous qu\u2019il la lise. Si autoris\u00e9, placez-en un exemplaire \u00e9pingl\u00e9 sur votre blouse d\u2019h\u00f4pital avant la proc\u00e9dure. Si ce n\u2019est pas permis, conservez-le avec vos effets personnels \u00e0 l\u2019h\u00f4pital, car vous en aurez peut-\u00eatre besoin plus tard. Ceci devrait garantir que toutes les personnes qui ont besoin de conna\u00eetre votre \u00e9tat de sant\u00e9, sauront ce dont ils ont besoin pour assurer votre s\u00e9curit\u00e9 pendant la proc\u00e9dure. Conservez ce fichier sur votre ordinateur pour pouvoir l&rsquo;utiliser \u00e0 l&rsquo;avenir, chaque fois que vous devez subir une intervention chirurgicale ou simplement une anesth\u00e9sie pour des tests m\u00e9dicaux. Alan Spanos, MD<\/p>\n","protected":false},"author":1,"featured_media":0,"parent":1375,"menu_order":0,"comment_status":"closed","ping_status":"closed","template":"","meta":{"ocean_post_layout":"","ocean_both_sidebars_style":"","ocean_both_sidebars_content_width":0,"ocean_both_sidebars_sidebars_width":0,"ocean_sidebar":"","ocean_second_sidebar":"","ocean_disable_margins":"enable","ocean_add_body_class":"","ocean_shortcode_before_top_bar":"","ocean_shortcode_after_top_bar":"","ocean_shortcode_before_header":"","ocean_shortcode_after_header":"","ocean_has_shortcode":"","ocean_shortcode_after_title":"","ocean_shortcode_before_footer_widgets":"","ocean_shortcode_after_footer_widgets":"","ocean_shortcode_before_footer_bottom":"","ocean_shortcode_after_footer_bottom":"","ocean_display_top_bar":"off","ocean_display_header":"off","ocean_header_style":"minimal","ocean_center_header_left_menu":"","ocean_custom_header_template":"","ocean_custom_logo":0,"ocean_custom_retina_logo":0,"ocean_custom_logo_max_width":0,"ocean_custom_logo_tablet_max_width":0,"ocean_custom_logo_mobile_max_width":0,"ocean_custom_logo_max_height":0,"ocean_custom_logo_tablet_max_height":0,"ocean_custom_logo_mobile_max_height":0,"ocean_header_custom_menu":"","ocean_menu_typo_font_family":"","ocean_menu_typo_font_subset":"","ocean_menu_typo_font_size":0,"ocean_menu_typo_font_size_tablet":0,"ocean_menu_typo_font_size_mobile":0,"ocean_menu_typo_font_size_unit":"px","ocean_menu_typo_font_weight":"","ocean_menu_typo_font_weight_tablet":"","ocean_menu_typo_font_weight_mobile":"","ocean_menu_typo_transform":"","ocean_menu_typo_transform_tablet":"","ocean_menu_typo_transform_mobile":"","ocean_menu_typo_line_height":0,"ocean_menu_typo_line_height_tablet":0,"ocean_menu_typo_line_height_mobile":0,"ocean_menu_typo_line_height_unit":"","ocean_menu_typo_spacing":0,"ocean_menu_typo_spacing_tablet":0,"ocean_menu_typo_spacing_mobile":0,"ocean_menu_typo_spacing_unit":"","ocean_menu_link_color":"","ocean_menu_link_color_hover":"","ocean_menu_link_color_active":"","ocean_menu_link_background":"","ocean_menu_link_hover_background":"","ocean_menu_link_active_background":"","ocean_menu_social_links_bg":"","ocean_menu_social_hover_links_bg":"","ocean_menu_social_links_color":"","ocean_menu_social_hover_links_color":"","ocean_disable_title":"default","ocean_disable_heading":"default","ocean_post_title":"","ocean_post_subheading":"","ocean_post_title_style":"","ocean_post_title_background_color":"","ocean_post_title_background":0,"ocean_post_title_bg_image_position":"","ocean_post_title_bg_image_attachment":"","ocean_post_title_bg_image_repeat":"","ocean_post_title_bg_image_size":"","ocean_post_title_height":0,"ocean_post_title_bg_overlay":0.5,"ocean_post_title_bg_overlay_color":"","ocean_disable_breadcrumbs":"default","ocean_breadcrumbs_color":"","ocean_breadcrumbs_separator_color":"","ocean_breadcrumbs_links_color":"","ocean_breadcrumbs_links_hover_color":"","ocean_display_footer_widgets":"off","ocean_display_footer_bottom":"off","ocean_custom_footer_template":"","footnotes":""},"class_list":["post-5108","page","type-page","status-publish","hentry","entry"],"yoast_head":"<!-- This site is optimized with the Yoast SEO plugin v27.6 - https:\/\/yoast.com\/product\/yoast-seo-wordpress\/ -->\n<title>HSD\/SED - anesth\u00e9sie et chirurgie - Gesed<\/title>\n<meta name=\"robots\" content=\"index, follow, max-snippet:-1, max-image-preview:large, max-video-preview:-1\" \/>\n<link rel=\"canonical\" href=\"https:\/\/gesed.com\/index.php\/le-sed\/hsd-sed-anesthesie-et-chirurgie\/\" \/>\n<meta property=\"og:locale\" content=\"fr_FR\" \/>\n<meta property=\"og:type\" content=\"article\" \/>\n<meta property=\"og:title\" content=\"HSD\/SED - anesth\u00e9sie et chirurgie - Gesed\" \/>\n<meta property=\"og:description\" content=\"HSD\/SED &#8211; Anesth\u00e9sie et chirurgie Pr\u00e9cautions chirurgicales et anesth\u00e9siques\u200b Les instructions ci-dessous, ainsi que ce document sont construits \u00e0 partir d&rsquo;un consensus informel d&rsquo;experts nationaux sur le syndrome d&rsquo;Ehlers-Danlos de type hypermobile (SEDh) et les troubles du spectre de l\u2019hypermobilit\u00e9 (HSD). Si une r\u00e9elle distinction existe entre les conditions donn\u00e9es pour ces deux \u00e9tiquettes, elle n\u2019est pas claire. Pour les patients op\u00e9r\u00e9s qui peuvent \u00eatre atteints d\u2019une de ces affections mais qui n\u2019ont pas encore eu de diagnostic officiel, je recommande de respecter les m\u00eames pr\u00e9cautions. Elles ne feront aucun mal si le patient n&rsquo;a pas le SEDh ou un HSD. Si le patient pr\u00e9sente un HSD\/SEDh, la proc\u00e9dure sera beaucoup plus s\u00fbre si ces pr\u00e9cautions sont suivies. Pour le patient, comment utiliser ce document : Faites 3 copies des 2 encadr\u00e9s suivants. Donnez une copie au m\u00e9decin qui effectuera la proc\u00e9dure chirurgicale et assurez-vous qu\u2019il l\u2019a bien lu. Donnez une copie \u00e0 la personne qui vous administrera l&rsquo;anesth\u00e9sique (anesth\u00e9siste ou infirmier anesth\u00e9siste). Assurez-vous qu\u2019il la lise. Si autoris\u00e9, placez-en un exemplaire \u00e9pingl\u00e9 sur votre blouse d\u2019h\u00f4pital avant la proc\u00e9dure. Si ce n\u2019est pas permis, conservez-le avec vos effets personnels \u00e0 l\u2019h\u00f4pital, car vous en aurez peut-\u00eatre besoin plus tard. Ceci devrait garantir que toutes les personnes qui ont besoin de conna\u00eetre votre \u00e9tat de sant\u00e9, sauront ce dont ils ont besoin pour assurer votre s\u00e9curit\u00e9 pendant la proc\u00e9dure. Conservez ce fichier sur votre ordinateur pour pouvoir l&rsquo;utiliser \u00e0 l&rsquo;avenir, chaque fois que vous devez subir une intervention chirurgicale ou simplement une anesth\u00e9sie pour des tests m\u00e9dicaux. Alan Spanos, MD\" \/>\n<meta property=\"og:url\" content=\"https:\/\/gesed.com\/index.php\/le-sed\/hsd-sed-anesthesie-et-chirurgie\/\" \/>\n<meta property=\"og:site_name\" content=\"Gesed\" \/>\n<meta property=\"article:publisher\" content=\"https:\/\/www.facebook.com\/gesedasbl\" \/>\n<meta property=\"article:modified_time\" content=\"2024-09-25T14:40:39+00:00\" \/>\n<meta property=\"og:image\" content=\"http:\/\/gesed.org\/wp-content\/uploads\/2024\/09\/Sed-in-France.jpg\" \/>\n<meta name=\"twitter:card\" content=\"summary_large_image\" \/>\n<meta name=\"twitter:label1\" content=\"Dur\u00e9e de lecture estim\u00e9e\" \/>\n\t<meta name=\"twitter:data1\" content=\"2 minutes\" \/>\n<script type=\"application\/ld+json\" class=\"yoast-schema-graph\">{\"@context\":\"https:\\\/\\\/schema.org\",\"@graph\":[{\"@type\":\"WebPage\",\"@id\":\"https:\\\/\\\/gesed.com\\\/index.php\\\/le-sed\\\/hsd-sed-anesthesie-et-chirurgie\\\/\",\"url\":\"https:\\\/\\\/gesed.com\\\/index.php\\\/le-sed\\\/hsd-sed-anesthesie-et-chirurgie\\\/\",\"name\":\"HSD\\\/SED - anesth\u00e9sie et chirurgie - Gesed\",\"isPartOf\":{\"@id\":\"https:\\\/\\\/gesed.com\\\/#website\"},\"primaryImageOfPage\":{\"@id\":\"https:\\\/\\\/gesed.com\\\/index.php\\\/le-sed\\\/hsd-sed-anesthesie-et-chirurgie\\\/#primaryimage\"},\"image\":{\"@id\":\"https:\\\/\\\/gesed.com\\\/index.php\\\/le-sed\\\/hsd-sed-anesthesie-et-chirurgie\\\/#primaryimage\"},\"thumbnailUrl\":\"http:\\\/\\\/gesed.org\\\/wp-content\\\/uploads\\\/2024\\\/09\\\/Sed-in-France.jpg\",\"datePublished\":\"2024-09-25T14:23:05+00:00\",\"dateModified\":\"2024-09-25T14:40:39+00:00\",\"breadcrumb\":{\"@id\":\"https:\\\/\\\/gesed.com\\\/index.php\\\/le-sed\\\/hsd-sed-anesthesie-et-chirurgie\\\/#breadcrumb\"},\"inLanguage\":\"fr-FR\",\"potentialAction\":[{\"@type\":\"ReadAction\",\"target\":[\"https:\\\/\\\/gesed.com\\\/index.php\\\/le-sed\\\/hsd-sed-anesthesie-et-chirurgie\\\/\"]}]},{\"@type\":\"ImageObject\",\"inLanguage\":\"fr-FR\",\"@id\":\"https:\\\/\\\/gesed.com\\\/index.php\\\/le-sed\\\/hsd-sed-anesthesie-et-chirurgie\\\/#primaryimage\",\"url\":\"http:\\\/\\\/gesed.org\\\/wp-content\\\/uploads\\\/2024\\\/09\\\/Sed-in-France.jpg\",\"contentUrl\":\"http:\\\/\\\/gesed.org\\\/wp-content\\\/uploads\\\/2024\\\/09\\\/Sed-in-France.jpg\"},{\"@type\":\"BreadcrumbList\",\"@id\":\"https:\\\/\\\/gesed.com\\\/index.php\\\/le-sed\\\/hsd-sed-anesthesie-et-chirurgie\\\/#breadcrumb\",\"itemListElement\":[{\"@type\":\"ListItem\",\"position\":1,\"name\":\"Accueil\",\"item\":\"https:\\\/\\\/gesed.com\\\/\"},{\"@type\":\"ListItem\",\"position\":2,\"name\":\"Le SED\",\"item\":\"https:\\\/\\\/gesed.com\\\/index.php\\\/le-sed\\\/\"},{\"@type\":\"ListItem\",\"position\":3,\"name\":\"HSD\\\/SED &#8211; anesth\u00e9sie et chirurgie\"}]},{\"@type\":\"WebSite\",\"@id\":\"https:\\\/\\\/gesed.com\\\/#website\",\"url\":\"https:\\\/\\\/gesed.com\\\/\",\"name\":\"Gesed\",\"description\":\"Groupe d&#039;Entraide des Syndr\u00f4mes d&#039;Ehlers-Danlos\",\"potentialAction\":[{\"@type\":\"SearchAction\",\"target\":{\"@type\":\"EntryPoint\",\"urlTemplate\":\"https:\\\/\\\/gesed.com\\\/?s={search_term_string}\"},\"query-input\":{\"@type\":\"PropertyValueSpecification\",\"valueRequired\":true,\"valueName\":\"search_term_string\"}}],\"inLanguage\":\"fr-FR\"}]}<\/script>\n<!-- \/ Yoast SEO plugin. -->","yoast_head_json":{"title":"HSD\/SED - anesth\u00e9sie et chirurgie - Gesed","robots":{"index":"index","follow":"follow","max-snippet":"max-snippet:-1","max-image-preview":"max-image-preview:large","max-video-preview":"max-video-preview:-1"},"canonical":"https:\/\/gesed.com\/index.php\/le-sed\/hsd-sed-anesthesie-et-chirurgie\/","og_locale":"fr_FR","og_type":"article","og_title":"HSD\/SED - anesth\u00e9sie et chirurgie - Gesed","og_description":"HSD\/SED &#8211; Anesth\u00e9sie et chirurgie Pr\u00e9cautions chirurgicales et anesth\u00e9siques\u200b Les instructions ci-dessous, ainsi que ce document sont construits \u00e0 partir d&rsquo;un consensus informel d&rsquo;experts nationaux sur le syndrome d&rsquo;Ehlers-Danlos de type hypermobile (SEDh) et les troubles du spectre de l\u2019hypermobilit\u00e9 (HSD). Si une r\u00e9elle distinction existe entre les conditions donn\u00e9es pour ces deux \u00e9tiquettes, elle n\u2019est pas claire. Pour les patients op\u00e9r\u00e9s qui peuvent \u00eatre atteints d\u2019une de ces affections mais qui n\u2019ont pas encore eu de diagnostic officiel, je recommande de respecter les m\u00eames pr\u00e9cautions. Elles ne feront aucun mal si le patient n&rsquo;a pas le SEDh ou un HSD. Si le patient pr\u00e9sente un HSD\/SEDh, la proc\u00e9dure sera beaucoup plus s\u00fbre si ces pr\u00e9cautions sont suivies. Pour le patient, comment utiliser ce document : Faites 3 copies des 2 encadr\u00e9s suivants. Donnez une copie au m\u00e9decin qui effectuera la proc\u00e9dure chirurgicale et assurez-vous qu\u2019il l\u2019a bien lu. Donnez une copie \u00e0 la personne qui vous administrera l&rsquo;anesth\u00e9sique (anesth\u00e9siste ou infirmier anesth\u00e9siste). Assurez-vous qu\u2019il la lise. Si autoris\u00e9, placez-en un exemplaire \u00e9pingl\u00e9 sur votre blouse d\u2019h\u00f4pital avant la proc\u00e9dure. Si ce n\u2019est pas permis, conservez-le avec vos effets personnels \u00e0 l\u2019h\u00f4pital, car vous en aurez peut-\u00eatre besoin plus tard. Ceci devrait garantir que toutes les personnes qui ont besoin de conna\u00eetre votre \u00e9tat de sant\u00e9, sauront ce dont ils ont besoin pour assurer votre s\u00e9curit\u00e9 pendant la proc\u00e9dure. Conservez ce fichier sur votre ordinateur pour pouvoir l&rsquo;utiliser \u00e0 l&rsquo;avenir, chaque fois que vous devez subir une intervention chirurgicale ou simplement une anesth\u00e9sie pour des tests m\u00e9dicaux. Alan Spanos, MD","og_url":"https:\/\/gesed.com\/index.php\/le-sed\/hsd-sed-anesthesie-et-chirurgie\/","og_site_name":"Gesed","article_publisher":"https:\/\/www.facebook.com\/gesedasbl","article_modified_time":"2024-09-25T14:40:39+00:00","og_image":[{"url":"http:\/\/gesed.org\/wp-content\/uploads\/2024\/09\/Sed-in-France.jpg","type":"","width":"","height":""}],"twitter_card":"summary_large_image","twitter_misc":{"Dur\u00e9e de lecture estim\u00e9e":"2 minutes"},"schema":{"@context":"https:\/\/schema.org","@graph":[{"@type":"WebPage","@id":"https:\/\/gesed.com\/index.php\/le-sed\/hsd-sed-anesthesie-et-chirurgie\/","url":"https:\/\/gesed.com\/index.php\/le-sed\/hsd-sed-anesthesie-et-chirurgie\/","name":"HSD\/SED - anesth\u00e9sie et chirurgie - Gesed","isPartOf":{"@id":"https:\/\/gesed.com\/#website"},"primaryImageOfPage":{"@id":"https:\/\/gesed.com\/index.php\/le-sed\/hsd-sed-anesthesie-et-chirurgie\/#primaryimage"},"image":{"@id":"https:\/\/gesed.com\/index.php\/le-sed\/hsd-sed-anesthesie-et-chirurgie\/#primaryimage"},"thumbnailUrl":"http:\/\/gesed.org\/wp-content\/uploads\/2024\/09\/Sed-in-France.jpg","datePublished":"2024-09-25T14:23:05+00:00","dateModified":"2024-09-25T14:40:39+00:00","breadcrumb":{"@id":"https:\/\/gesed.com\/index.php\/le-sed\/hsd-sed-anesthesie-et-chirurgie\/#breadcrumb"},"inLanguage":"fr-FR","potentialAction":[{"@type":"ReadAction","target":["https:\/\/gesed.com\/index.php\/le-sed\/hsd-sed-anesthesie-et-chirurgie\/"]}]},{"@type":"ImageObject","inLanguage":"fr-FR","@id":"https:\/\/gesed.com\/index.php\/le-sed\/hsd-sed-anesthesie-et-chirurgie\/#primaryimage","url":"http:\/\/gesed.org\/wp-content\/uploads\/2024\/09\/Sed-in-France.jpg","contentUrl":"http:\/\/gesed.org\/wp-content\/uploads\/2024\/09\/Sed-in-France.jpg"},{"@type":"BreadcrumbList","@id":"https:\/\/gesed.com\/index.php\/le-sed\/hsd-sed-anesthesie-et-chirurgie\/#breadcrumb","itemListElement":[{"@type":"ListItem","position":1,"name":"Accueil","item":"https:\/\/gesed.com\/"},{"@type":"ListItem","position":2,"name":"Le SED","item":"https:\/\/gesed.com\/index.php\/le-sed\/"},{"@type":"ListItem","position":3,"name":"HSD\/SED &#8211; anesth\u00e9sie et chirurgie"}]},{"@type":"WebSite","@id":"https:\/\/gesed.com\/#website","url":"https:\/\/gesed.com\/","name":"Gesed","description":"Groupe d&#039;Entraide des Syndr\u00f4mes d&#039;Ehlers-Danlos","potentialAction":[{"@type":"SearchAction","target":{"@type":"EntryPoint","urlTemplate":"https:\/\/gesed.com\/?s={search_term_string}"},"query-input":{"@type":"PropertyValueSpecification","valueRequired":true,"valueName":"search_term_string"}}],"inLanguage":"fr-FR"}]}},"publishpress_future_action":{"enabled":false,"date":"2026-05-20 14:15:05","action":"change-status","newStatus":"draft","terms":[],"taxonomy":"","extraData":[]},"publishpress_future_workflow_manual_trigger":{"enabledWorkflows":[]},"rttpg_featured_image_url":null,"rttpg_author":{"display_name":"YloGesed","author_link":"https:\/\/gesed.com\/index.php\/author\/admin2349\/"},"rttpg_comment":0,"rttpg_category":null,"rttpg_excerpt":"HSD\/SED &#8211; Anesth\u00e9sie et chirurgie Pr\u00e9cautions chirurgicales et anesth\u00e9siques\u200b Les instructions ci-dessous, ainsi que ce document sont construits \u00e0 partir d&rsquo;un consensus informel d&rsquo;experts nationaux sur le syndrome d&rsquo;Ehlers-Danlos de type hypermobile (SEDh) et les troubles du spectre de l\u2019hypermobilit\u00e9 (HSD). Si une r\u00e9elle distinction existe entre les conditions donn\u00e9es pour ces deux \u00e9tiquettes, elle\u2026","_links":{"self":[{"href":"https:\/\/gesed.com\/index.php\/wp-json\/wp\/v2\/pages\/5108","targetHints":{"allow":["GET"]}}],"collection":[{"href":"https:\/\/gesed.com\/index.php\/wp-json\/wp\/v2\/pages"}],"about":[{"href":"https:\/\/gesed.com\/index.php\/wp-json\/wp\/v2\/types\/page"}],"author":[{"embeddable":true,"href":"https:\/\/gesed.com\/index.php\/wp-json\/wp\/v2\/users\/1"}],"replies":[{"embeddable":true,"href":"https:\/\/gesed.com\/index.php\/wp-json\/wp\/v2\/comments?post=5108"}],"version-history":[{"count":7,"href":"https:\/\/gesed.com\/index.php\/wp-json\/wp\/v2\/pages\/5108\/revisions"}],"predecessor-version":[{"id":5146,"href":"https:\/\/gesed.com\/index.php\/wp-json\/wp\/v2\/pages\/5108\/revisions\/5146"}],"up":[{"embeddable":true,"href":"https:\/\/gesed.com\/index.php\/wp-json\/wp\/v2\/pages\/1375"}],"wp:attachment":[{"href":"https:\/\/gesed.com\/index.php\/wp-json\/wp\/v2\/media?parent=5108"}],"curies":[{"name":"wp","href":"https:\/\/api.w.org\/{rel}","templated":true}]}}