{"id":5271,"date":"2024-09-25T17:46:50","date_gmt":"2024-09-25T15:46:50","guid":{"rendered":"https:\/\/gesed.org\/?page_id=5271"},"modified":"2024-09-25T18:06:52","modified_gmt":"2024-09-25T16:06:52","slug":"le-fauteuil-roulant","status":"publish","type":"page","link":"https:\/\/gesed.com\/index.php\/le-sed\/le-fauteuil-roulant\/","title":{"rendered":"Le fauteuil roulant"},"content":{"rendered":"\t\t<div data-elementor-type=\"wp-page\" data-elementor-id=\"5271\" class=\"elementor elementor-5271\" wpc-filter-elementor-widget=\"1\">\n\t\t\t\t<div class=\"elementor-element elementor-element-3d903bd e-flex e-con-boxed wpr-particle-no wpr-jarallax-no wpr-parallax-no wpr-sticky-section-no wpr-column-slider-no wpr-equal-height-no e-con e-parent\" data-id=\"3d903bd\" data-element_type=\"container\" data-e-type=\"container\" data-settings=\"{&quot;background_background&quot;:&quot;classic&quot;}\">\n\t\t\t\t\t<div class=\"e-con-inner\">\n\t\t\t\t<div class=\"elementor-element elementor-element-53c2d20 exad-sticky-section-no exad-glass-effect-no elementor-widget elementor-widget-heading\" data-id=\"53c2d20\" data-element_type=\"widget\" data-e-type=\"widget\" data-widget_type=\"heading.default\">\n\t\t\t\t<div class=\"elementor-widget-container\">\n\t\t\t\t\t<h2 class=\"elementor-heading-title elementor-size-default\">Le fauteuil roulant<\/h2>\t\t\t\t<\/div>\n\t\t\t\t<\/div>\n\t\t\t\t<div class=\"elementor-element elementor-element-078dce6 exad-sticky-section-no exad-glass-effect-no elementor-widget elementor-widget-image\" data-id=\"078dce6\" data-element_type=\"widget\" data-e-type=\"widget\" data-widget_type=\"image.default\">\n\t\t\t\t<div class=\"elementor-widget-container\">\n\t\t\t\t\t\t\t\t\t\t\t\t\t\t\t<img fetchpriority=\"high\" decoding=\"async\" width=\"819\" height=\"1024\" src=\"https:\/\/gesed.com\/wp-content\/uploads\/2024\/09\/Fauteuil-roulant-819x1024.jpg\" class=\"attachment-large size-large wp-image-5303\" alt=\"\" srcset=\"https:\/\/gesed.com\/wp-content\/uploads\/2024\/09\/Fauteuil-roulant-819x1024.jpg 819w, https:\/\/gesed.com\/wp-content\/uploads\/2024\/09\/Fauteuil-roulant-240x300.jpg 240w, https:\/\/gesed.com\/wp-content\/uploads\/2024\/09\/Fauteuil-roulant-768x960.jpg 768w, https:\/\/gesed.com\/wp-content\/uploads\/2024\/09\/Fauteuil-roulant.jpg 1080w\" sizes=\"(max-width: 819px) 100vw, 819px\" \/>\t\t\t\t\t\t\t\t\t\t\t\t\t\t\t<\/div>\n\t\t\t\t<\/div>\n\t\t\t\t<div class=\"elementor-element elementor-element-5ab4d62 exad-sticky-section-no exad-glass-effect-no elementor-widget elementor-widget-text-editor\" data-id=\"5ab4d62\" data-element_type=\"widget\" data-e-type=\"widget\" data-widget_type=\"text-editor.default\">\n\t\t\t\t<div class=\"elementor-widget-container\">\n\t\t\t\t\t\t\t\t\t<div class=\"x11i5rnm xat24cr x1mh8g0r x1vvkbs xtlvy1s x126k92a\"><div dir=\"auto\">Lorsqu\u2019un patient est atteint du Syndrome d\u2019Ehlers-Danlos (SED) ou d\u2019un Trouble du Spectre de l\u2019Hypermobilit\u00e9 (HSD), la marche et la station debout peuvent \u00eatre difficiles, voire impossibles, \u00e0 cause de certains sympt\u00f4mes comme : la fatigue, la dysproprioception, la dysautonomie, les blessures, la douleur, la dystonie, \u2026<\/div><\/div><div class=\"x11i5rnm xat24cr x1mh8g0r x1vvkbs xtlvy1s x126k92a\"><div dir=\"auto\">La marche et\/ou la station debout statique peuvent fatiguer rapidement, entra\u00eener des douleurs, des luxations et les orth\u00e8ses ne suffisent pas toujours. La personne atteinte d\u2019un SED\/HSD, face \u00e0 ces situations, peut \u00eatre amen\u00e9e \u00e0 limiter ses d\u00e9placements, ne plus faire d\u2019activit\u00e9s physiques ou encore r\u00e9duire son p\u00e9rim\u00e8tre de marche. C\u2019est pour cela que le fauteuil roulant manuel ou \u00e9lectrique a tout son sens dans la prise en charge th\u00e9rapeutique.<\/div><\/div><div class=\"x11i5rnm xat24cr x1mh8g0r x1vvkbs xtlvy1s x126k92a\"><div dir=\"auto\">Le fauteuil va permettre \u00e0 la personne de :<\/div><ul><li style=\"list-style-type: none;\"><ul><li dir=\"auto\">G\u00e9rer son quotidien : se rendre en cours ou au travail, faire des achats soi-m\u00eame, attendre dans les files d\u2019attente, faire des t\u00e2ches quotidiennes qui peuvent \u00eatre faites assises.<\/li><li dir=\"auto\">Garder un lien social : sortir de chez soi pour rompre l\u2019isolement, sortir avec des amis\/la famille.<\/li><li dir=\"auto\">Am\u00e9liorer la prise en charge m\u00e9dicale, car il permet de se rendre aux rendez-vous m\u00e9dicaux et d\u2019\u00e9conomiser de l\u2019\u00e9nergie pour la r\u00e9\u00e9ducation.<\/li><li dir=\"auto\">Maintenir son ind\u00e9pendance et son autonomie (en pouvant faire les choses par soi-m\u00eame).<\/li><li dir=\"auto\">Garder une activit\u00e9 physique : plus d\u2019\u00e9nergie pour la r\u00e9\u00e9ducation de kin\u00e9sith\u00e9rapie, faire du sport<\/li><li dir=\"auto\">Augmenter le p\u00e9rim\u00e8tre de marche en alternant marche et fauteuil, soit parcourir de plus longue distance en marchant<\/li><li dir=\"auto\">et bien d\u2019autres !<\/li><\/ul><\/li><\/ul><p>Retrouvez plus de d\u00e9tails dans notre article : <span style=\"color: #333399;\"><em><a class=\"x1i10hfl xjbqb8w x1ejq31n xd10rxx x1sy0etr x17r0tee x972fbf xcfux6l x1qhh985 xm0m39n x9f619 x1ypdohk xt0psk2 xe8uvvx xdj266r x11i5rnm xat24cr x1mh8g0r xexx8yu x4uap5 x18d9i69 xkhd6sd x16tdsg8 x1hl2dhg xggy1nq x1a2a7pz xt0b8zv x1fey0fg\" style=\"color: #333399;\" tabindex=\"0\" role=\"link\" href=\"https:\/\/sedinfrance.org\/pourquoi-utiliser-un-fauteuil-roulant-electrique-dans-les-sed-hsd\/?fbclid=IwAR2ne3cSddwc-nTdCvhqXs3pcoqfKDkb4o_aXu6ixtSyEDjvuBIGv-9ZS_s_aem_AagWV3ZLq0Sldm8W1gSBhgDEX3EkBRuS4CiIqshJWephpJdTVJlbYTt-tpqvgDFWkHqAlWdZ2z1mFSAogo3-vsFr\" target=\"_blank\" rel=\"nofollow noopener noreferrer\">https:\/\/sedinfrance.org\/pourquoi-utiliser-un-fauteuil&#8230;\/<\/a><\/em><\/span>\u00a0<\/p><\/div>\t\t\t\t\t\t\t\t<\/div>\n\t\t\t\t<\/div>\n\t\t\t\t<div class=\"elementor-element elementor-element-c6d82ac elementor-widget-divider--view-line exad-sticky-section-no exad-glass-effect-no elementor-widget elementor-widget-divider\" data-id=\"c6d82ac\" data-element_type=\"widget\" data-e-type=\"widget\" data-widget_type=\"divider.default\">\n\t\t\t\t<div class=\"elementor-widget-container\">\n\t\t\t\t\t\t\t<div class=\"elementor-divider\">\n\t\t\t<span class=\"elementor-divider-separator\">\n\t\t\t\t\t\t<\/span>\n\t\t<\/div>\n\t\t\t\t\t\t<\/div>\n\t\t\t\t<\/div>\n\t\t\t\t<div class=\"elementor-element elementor-element-8182fd2 exad-sticky-section-no exad-glass-effect-no elementor-widget elementor-widget-text-editor\" data-id=\"8182fd2\" data-element_type=\"widget\" data-e-type=\"widget\" data-widget_type=\"text-editor.default\">\n\t\t\t\t<div class=\"elementor-widget-container\">\n\t\t\t\t\t\t\t\t\t<p>\tVous \u00eates ici:\n<span><span><a href=\"https:\/\/gesed.com\/\">Accueil<\/a><\/span><\/span><\/p>\t\t\t\t\t\t\t\t<\/div>\n\t\t\t\t<\/div>\n\t\t\t\t\t<\/div>\n\t\t\t\t<\/div>\n\t\t\t\t<\/div>\n\t\t","protected":false},"excerpt":{"rendered":"<p>Le fauteuil roulant Lorsqu\u2019un patient est atteint du Syndrome d\u2019Ehlers-Danlos (SED) ou d\u2019un Trouble du Spectre de l\u2019Hypermobilit\u00e9 (HSD), la marche et la station debout peuvent \u00eatre difficiles, voire impossibles, \u00e0 cause de certains sympt\u00f4mes comme : la fatigue, la dysproprioception, la dysautonomie, les blessures, la douleur, la dystonie, \u2026La marche et\/ou la station debout statique peuvent fatiguer rapidement, entra\u00eener des douleurs, des luxations et les orth\u00e8ses ne suffisent pas toujours. La personne atteinte d\u2019un SED\/HSD, face \u00e0 ces situations, peut \u00eatre amen\u00e9e \u00e0 limiter ses d\u00e9placements, ne plus faire d\u2019activit\u00e9s physiques ou encore r\u00e9duire son p\u00e9rim\u00e8tre de marche. C\u2019est pour cela que le fauteuil roulant manuel ou \u00e9lectrique a tout son sens dans la prise en charge th\u00e9rapeutique.Le fauteuil va permettre \u00e0 la personne de : G\u00e9rer son quotidien : se rendre en cours ou au travail, faire des achats soi-m\u00eame, attendre dans les files d\u2019attente, faire des t\u00e2ches quotidiennes qui peuvent \u00eatre faites assises. Garder un lien social : sortir de chez soi pour rompre l\u2019isolement, sortir avec des amis\/la famille. Am\u00e9liorer la prise en charge m\u00e9dicale, car il permet de se rendre aux rendez-vous m\u00e9dicaux et d\u2019\u00e9conomiser de l\u2019\u00e9nergie pour la r\u00e9\u00e9ducation. Maintenir son ind\u00e9pendance et son autonomie (en pouvant faire les choses par soi-m\u00eame). Garder une activit\u00e9 physique : plus d\u2019\u00e9nergie pour la r\u00e9\u00e9ducation de kin\u00e9sith\u00e9rapie, faire du sport Augmenter le p\u00e9rim\u00e8tre de marche en alternant marche et fauteuil, soit parcourir de plus longue distance en marchant et bien d\u2019autres ! Retrouvez plus de d\u00e9tails dans notre article : https:\/\/sedinfrance.org\/pourquoi-utiliser-un-fauteuil&#8230;\/\u00a0<\/p>\n","protected":false},"author":1,"featured_media":0,"parent":1375,"menu_order":0,"comment_status":"closed","ping_status":"closed","template":"","meta":{"ocean_post_layout":"","ocean_both_sidebars_style":"","ocean_both_sidebars_content_width":0,"ocean_both_sidebars_sidebars_width":0,"ocean_sidebar":"","ocean_second_sidebar":"","ocean_disable_margins":"enable","ocean_add_body_class":"","ocean_shortcode_before_top_bar":"","ocean_shortcode_after_top_bar":"","ocean_shortcode_before_header":"","ocean_shortcode_after_header":"","ocean_has_shortcode":"","ocean_shortcode_after_title":"","ocean_shortcode_before_footer_widgets":"","ocean_shortcode_after_footer_widgets":"","ocean_shortcode_before_footer_bottom":"","ocean_shortcode_after_footer_bottom":"","ocean_display_top_bar":"off","ocean_display_header":"off","ocean_header_style":"minimal","ocean_center_header_left_menu":"","ocean_custom_header_template":"","ocean_custom_logo":0,"ocean_custom_retina_logo":0,"ocean_custom_logo_max_width":0,"ocean_custom_logo_tablet_max_width":0,"ocean_custom_logo_mobile_max_width":0,"ocean_custom_logo_max_height":0,"ocean_custom_logo_tablet_max_height":0,"ocean_custom_logo_mobile_max_height":0,"ocean_header_custom_menu":"","ocean_menu_typo_font_family":"","ocean_menu_typo_font_subset":"","ocean_menu_typo_font_size":0,"ocean_menu_typo_font_size_tablet":0,"ocean_menu_typo_font_size_mobile":0,"ocean_menu_typo_font_size_unit":"px","ocean_menu_typo_font_weight":"","ocean_menu_typo_font_weight_tablet":"","ocean_menu_typo_font_weight_mobile":"","ocean_menu_typo_transform":"","ocean_menu_typo_transform_tablet":"","ocean_menu_typo_transform_mobile":"","ocean_menu_typo_line_height":0,"ocean_menu_typo_line_height_tablet":0,"ocean_menu_typo_line_height_mobile":0,"ocean_menu_typo_line_height_unit":"","ocean_menu_typo_spacing":0,"ocean_menu_typo_spacing_tablet":0,"ocean_menu_typo_spacing_mobile":0,"ocean_menu_typo_spacing_unit":"","ocean_menu_link_color":"","ocean_menu_link_color_hover":"","ocean_menu_link_color_active":"","ocean_menu_link_background":"","ocean_menu_link_hover_background":"","ocean_menu_link_active_background":"","ocean_menu_social_links_bg":"","ocean_menu_social_hover_links_bg":"","ocean_menu_social_links_color":"","ocean_menu_social_hover_links_color":"","ocean_disable_title":"default","ocean_disable_heading":"default","ocean_post_title":"","ocean_post_subheading":"","ocean_post_title_style":"","ocean_post_title_background_color":"","ocean_post_title_background":0,"ocean_post_title_bg_image_position":"","ocean_post_title_bg_image_attachment":"","ocean_post_title_bg_image_repeat":"","ocean_post_title_bg_image_size":"","ocean_post_title_height":0,"ocean_post_title_bg_overlay":0.5,"ocean_post_title_bg_overlay_color":"","ocean_disable_breadcrumbs":"default","ocean_breadcrumbs_color":"","ocean_breadcrumbs_separator_color":"","ocean_breadcrumbs_links_color":"","ocean_breadcrumbs_links_hover_color":"","ocean_display_footer_widgets":"off","ocean_display_footer_bottom":"off","ocean_custom_footer_template":"","footnotes":""},"class_list":["post-5271","page","type-page","status-publish","hentry","entry"],"yoast_head":"<!-- This site is optimized with the Yoast SEO plugin v27.6 - https:\/\/yoast.com\/product\/yoast-seo-wordpress\/ -->\n<title>Le fauteuil roulant - Gesed<\/title>\n<meta name=\"robots\" content=\"index, follow, max-snippet:-1, max-image-preview:large, max-video-preview:-1\" \/>\n<link rel=\"canonical\" href=\"https:\/\/gesed.com\/index.php\/le-sed\/le-fauteuil-roulant\/\" \/>\n<meta property=\"og:locale\" content=\"fr_FR\" \/>\n<meta property=\"og:type\" content=\"article\" \/>\n<meta property=\"og:title\" content=\"Le fauteuil roulant - Gesed\" \/>\n<meta property=\"og:description\" content=\"Le fauteuil roulant Lorsqu\u2019un patient est atteint du Syndrome d\u2019Ehlers-Danlos (SED) ou d\u2019un Trouble du Spectre de l\u2019Hypermobilit\u00e9 (HSD), la marche et la station debout peuvent \u00eatre difficiles, voire impossibles, \u00e0 cause de certains sympt\u00f4mes comme : la fatigue, la dysproprioception, la dysautonomie, les blessures, la douleur, la dystonie, \u2026La marche et\/ou la station debout statique peuvent fatiguer rapidement, entra\u00eener des douleurs, des luxations et les orth\u00e8ses ne suffisent pas toujours. La personne atteinte d\u2019un SED\/HSD, face \u00e0 ces situations, peut \u00eatre amen\u00e9e \u00e0 limiter ses d\u00e9placements, ne plus faire d\u2019activit\u00e9s physiques ou encore r\u00e9duire son p\u00e9rim\u00e8tre de marche. C\u2019est pour cela que le fauteuil roulant manuel ou \u00e9lectrique a tout son sens dans la prise en charge th\u00e9rapeutique.Le fauteuil va permettre \u00e0 la personne de : G\u00e9rer son quotidien : se rendre en cours ou au travail, faire des achats soi-m\u00eame, attendre dans les files d\u2019attente, faire des t\u00e2ches quotidiennes qui peuvent \u00eatre faites assises. Garder un lien social : sortir de chez soi pour rompre l\u2019isolement, sortir avec des amis\/la famille. Am\u00e9liorer la prise en charge m\u00e9dicale, car il permet de se rendre aux rendez-vous m\u00e9dicaux et d\u2019\u00e9conomiser de l\u2019\u00e9nergie pour la r\u00e9\u00e9ducation. Maintenir son ind\u00e9pendance et son autonomie (en pouvant faire les choses par soi-m\u00eame). Garder une activit\u00e9 physique : plus d\u2019\u00e9nergie pour la r\u00e9\u00e9ducation de kin\u00e9sith\u00e9rapie, faire du sport Augmenter le p\u00e9rim\u00e8tre de marche en alternant marche et fauteuil, soit parcourir de plus longue distance en marchant et bien d\u2019autres ! Retrouvez plus de d\u00e9tails dans notre article : https:\/\/sedinfrance.org\/pourquoi-utiliser-un-fauteuil&#8230;\/\u00a0\" \/>\n<meta property=\"og:url\" content=\"https:\/\/gesed.com\/index.php\/le-sed\/le-fauteuil-roulant\/\" \/>\n<meta property=\"og:site_name\" content=\"Gesed\" \/>\n<meta property=\"article:publisher\" content=\"https:\/\/www.facebook.com\/gesedasbl\" \/>\n<meta property=\"article:modified_time\" content=\"2024-09-25T16:06:52+00:00\" \/>\n<meta property=\"og:image\" content=\"http:\/\/gesed.org\/wp-content\/uploads\/2024\/09\/Fauteuil-roulant-819x1024.jpg\" \/>\n<meta name=\"twitter:card\" content=\"summary_large_image\" \/>\n<meta name=\"twitter:label1\" content=\"Dur\u00e9e de lecture estim\u00e9e\" \/>\n\t<meta name=\"twitter:data1\" content=\"2 minutes\" \/>\n<script type=\"application\/ld+json\" class=\"yoast-schema-graph\">{\"@context\":\"https:\\\/\\\/schema.org\",\"@graph\":[{\"@type\":\"WebPage\",\"@id\":\"https:\\\/\\\/gesed.com\\\/index.php\\\/le-sed\\\/le-fauteuil-roulant\\\/\",\"url\":\"https:\\\/\\\/gesed.com\\\/index.php\\\/le-sed\\\/le-fauteuil-roulant\\\/\",\"name\":\"Le fauteuil roulant - Gesed\",\"isPartOf\":{\"@id\":\"https:\\\/\\\/gesed.com\\\/#website\"},\"primaryImageOfPage\":{\"@id\":\"https:\\\/\\\/gesed.com\\\/index.php\\\/le-sed\\\/le-fauteuil-roulant\\\/#primaryimage\"},\"image\":{\"@id\":\"https:\\\/\\\/gesed.com\\\/index.php\\\/le-sed\\\/le-fauteuil-roulant\\\/#primaryimage\"},\"thumbnailUrl\":\"http:\\\/\\\/gesed.org\\\/wp-content\\\/uploads\\\/2024\\\/09\\\/Fauteuil-roulant-819x1024.jpg\",\"datePublished\":\"2024-09-25T15:46:50+00:00\",\"dateModified\":\"2024-09-25T16:06:52+00:00\",\"breadcrumb\":{\"@id\":\"https:\\\/\\\/gesed.com\\\/index.php\\\/le-sed\\\/le-fauteuil-roulant\\\/#breadcrumb\"},\"inLanguage\":\"fr-FR\",\"potentialAction\":[{\"@type\":\"ReadAction\",\"target\":[\"https:\\\/\\\/gesed.com\\\/index.php\\\/le-sed\\\/le-fauteuil-roulant\\\/\"]}]},{\"@type\":\"ImageObject\",\"inLanguage\":\"fr-FR\",\"@id\":\"https:\\\/\\\/gesed.com\\\/index.php\\\/le-sed\\\/le-fauteuil-roulant\\\/#primaryimage\",\"url\":\"http:\\\/\\\/gesed.org\\\/wp-content\\\/uploads\\\/2024\\\/09\\\/Fauteuil-roulant-819x1024.jpg\",\"contentUrl\":\"http:\\\/\\\/gesed.org\\\/wp-content\\\/uploads\\\/2024\\\/09\\\/Fauteuil-roulant-819x1024.jpg\"},{\"@type\":\"BreadcrumbList\",\"@id\":\"https:\\\/\\\/gesed.com\\\/index.php\\\/le-sed\\\/le-fauteuil-roulant\\\/#breadcrumb\",\"itemListElement\":[{\"@type\":\"ListItem\",\"position\":1,\"name\":\"Accueil\",\"item\":\"https:\\\/\\\/gesed.com\\\/\"},{\"@type\":\"ListItem\",\"position\":2,\"name\":\"Le SED\",\"item\":\"https:\\\/\\\/gesed.com\\\/index.php\\\/le-sed\\\/\"},{\"@type\":\"ListItem\",\"position\":3,\"name\":\"Le fauteuil roulant\"}]},{\"@type\":\"WebSite\",\"@id\":\"https:\\\/\\\/gesed.com\\\/#website\",\"url\":\"https:\\\/\\\/gesed.com\\\/\",\"name\":\"Gesed\",\"description\":\"Groupe d&#039;Entraide des Syndr\u00f4mes d&#039;Ehlers-Danlos\",\"potentialAction\":[{\"@type\":\"SearchAction\",\"target\":{\"@type\":\"EntryPoint\",\"urlTemplate\":\"https:\\\/\\\/gesed.com\\\/?s={search_term_string}\"},\"query-input\":{\"@type\":\"PropertyValueSpecification\",\"valueRequired\":true,\"valueName\":\"search_term_string\"}}],\"inLanguage\":\"fr-FR\"}]}<\/script>\n<!-- \/ Yoast SEO plugin. -->","yoast_head_json":{"title":"Le fauteuil roulant - Gesed","robots":{"index":"index","follow":"follow","max-snippet":"max-snippet:-1","max-image-preview":"max-image-preview:large","max-video-preview":"max-video-preview:-1"},"canonical":"https:\/\/gesed.com\/index.php\/le-sed\/le-fauteuil-roulant\/","og_locale":"fr_FR","og_type":"article","og_title":"Le fauteuil roulant - Gesed","og_description":"Le fauteuil roulant Lorsqu\u2019un patient est atteint du Syndrome d\u2019Ehlers-Danlos (SED) ou d\u2019un Trouble du Spectre de l\u2019Hypermobilit\u00e9 (HSD), la marche et la station debout peuvent \u00eatre difficiles, voire impossibles, \u00e0 cause de certains sympt\u00f4mes comme : la fatigue, la dysproprioception, la dysautonomie, les blessures, la douleur, la dystonie, \u2026La marche et\/ou la station debout statique peuvent fatiguer rapidement, entra\u00eener des douleurs, des luxations et les orth\u00e8ses ne suffisent pas toujours. La personne atteinte d\u2019un SED\/HSD, face \u00e0 ces situations, peut \u00eatre amen\u00e9e \u00e0 limiter ses d\u00e9placements, ne plus faire d\u2019activit\u00e9s physiques ou encore r\u00e9duire son p\u00e9rim\u00e8tre de marche. C\u2019est pour cela que le fauteuil roulant manuel ou \u00e9lectrique a tout son sens dans la prise en charge th\u00e9rapeutique.Le fauteuil va permettre \u00e0 la personne de : G\u00e9rer son quotidien : se rendre en cours ou au travail, faire des achats soi-m\u00eame, attendre dans les files d\u2019attente, faire des t\u00e2ches quotidiennes qui peuvent \u00eatre faites assises. Garder un lien social : sortir de chez soi pour rompre l\u2019isolement, sortir avec des amis\/la famille. Am\u00e9liorer la prise en charge m\u00e9dicale, car il permet de se rendre aux rendez-vous m\u00e9dicaux et d\u2019\u00e9conomiser de l\u2019\u00e9nergie pour la r\u00e9\u00e9ducation. Maintenir son ind\u00e9pendance et son autonomie (en pouvant faire les choses par soi-m\u00eame). Garder une activit\u00e9 physique : plus d\u2019\u00e9nergie pour la r\u00e9\u00e9ducation de kin\u00e9sith\u00e9rapie, faire du sport Augmenter le p\u00e9rim\u00e8tre de marche en alternant marche et fauteuil, soit parcourir de plus longue distance en marchant et bien d\u2019autres ! Retrouvez plus de d\u00e9tails dans notre article : https:\/\/sedinfrance.org\/pourquoi-utiliser-un-fauteuil&#8230;\/\u00a0","og_url":"https:\/\/gesed.com\/index.php\/le-sed\/le-fauteuil-roulant\/","og_site_name":"Gesed","article_publisher":"https:\/\/www.facebook.com\/gesedasbl","article_modified_time":"2024-09-25T16:06:52+00:00","og_image":[{"url":"http:\/\/gesed.org\/wp-content\/uploads\/2024\/09\/Fauteuil-roulant-819x1024.jpg","type":"","width":"","height":""}],"twitter_card":"summary_large_image","twitter_misc":{"Dur\u00e9e de lecture estim\u00e9e":"2 minutes"},"schema":{"@context":"https:\/\/schema.org","@graph":[{"@type":"WebPage","@id":"https:\/\/gesed.com\/index.php\/le-sed\/le-fauteuil-roulant\/","url":"https:\/\/gesed.com\/index.php\/le-sed\/le-fauteuil-roulant\/","name":"Le fauteuil roulant - Gesed","isPartOf":{"@id":"https:\/\/gesed.com\/#website"},"primaryImageOfPage":{"@id":"https:\/\/gesed.com\/index.php\/le-sed\/le-fauteuil-roulant\/#primaryimage"},"image":{"@id":"https:\/\/gesed.com\/index.php\/le-sed\/le-fauteuil-roulant\/#primaryimage"},"thumbnailUrl":"http:\/\/gesed.org\/wp-content\/uploads\/2024\/09\/Fauteuil-roulant-819x1024.jpg","datePublished":"2024-09-25T15:46:50+00:00","dateModified":"2024-09-25T16:06:52+00:00","breadcrumb":{"@id":"https:\/\/gesed.com\/index.php\/le-sed\/le-fauteuil-roulant\/#breadcrumb"},"inLanguage":"fr-FR","potentialAction":[{"@type":"ReadAction","target":["https:\/\/gesed.com\/index.php\/le-sed\/le-fauteuil-roulant\/"]}]},{"@type":"ImageObject","inLanguage":"fr-FR","@id":"https:\/\/gesed.com\/index.php\/le-sed\/le-fauteuil-roulant\/#primaryimage","url":"http:\/\/gesed.org\/wp-content\/uploads\/2024\/09\/Fauteuil-roulant-819x1024.jpg","contentUrl":"http:\/\/gesed.org\/wp-content\/uploads\/2024\/09\/Fauteuil-roulant-819x1024.jpg"},{"@type":"BreadcrumbList","@id":"https:\/\/gesed.com\/index.php\/le-sed\/le-fauteuil-roulant\/#breadcrumb","itemListElement":[{"@type":"ListItem","position":1,"name":"Accueil","item":"https:\/\/gesed.com\/"},{"@type":"ListItem","position":2,"name":"Le SED","item":"https:\/\/gesed.com\/index.php\/le-sed\/"},{"@type":"ListItem","position":3,"name":"Le fauteuil roulant"}]},{"@type":"WebSite","@id":"https:\/\/gesed.com\/#website","url":"https:\/\/gesed.com\/","name":"Gesed","description":"Groupe d&#039;Entraide des Syndr\u00f4mes d&#039;Ehlers-Danlos","potentialAction":[{"@type":"SearchAction","target":{"@type":"EntryPoint","urlTemplate":"https:\/\/gesed.com\/?s={search_term_string}"},"query-input":{"@type":"PropertyValueSpecification","valueRequired":true,"valueName":"search_term_string"}}],"inLanguage":"fr-FR"}]}},"publishpress_future_action":{"enabled":false,"date":"2026-05-20 14:14:46","action":"change-status","newStatus":"draft","terms":[],"taxonomy":"","extraData":[]},"publishpress_future_workflow_manual_trigger":{"enabledWorkflows":[]},"rttpg_featured_image_url":null,"rttpg_author":{"display_name":"YloGesed","author_link":"https:\/\/gesed.com\/index.php\/author\/admin2349\/"},"rttpg_comment":0,"rttpg_category":null,"rttpg_excerpt":"Le fauteuil roulant Lorsqu\u2019un patient est atteint du Syndrome d\u2019Ehlers-Danlos (SED) ou d\u2019un Trouble du Spectre de l\u2019Hypermobilit\u00e9 (HSD), la marche et la station debout peuvent \u00eatre difficiles, voire impossibles, \u00e0 cause de certains sympt\u00f4mes comme : la fatigue, la dysproprioception, la dysautonomie, les blessures, la douleur, la dystonie, \u2026La marche et\/ou la station debout\u2026","_links":{"self":[{"href":"https:\/\/gesed.com\/index.php\/wp-json\/wp\/v2\/pages\/5271","targetHints":{"allow":["GET"]}}],"collection":[{"href":"https:\/\/gesed.com\/index.php\/wp-json\/wp\/v2\/pages"}],"about":[{"href":"https:\/\/gesed.com\/index.php\/wp-json\/wp\/v2\/types\/page"}],"author":[{"embeddable":true,"href":"https:\/\/gesed.com\/index.php\/wp-json\/wp\/v2\/users\/1"}],"replies":[{"embeddable":true,"href":"https:\/\/gesed.com\/index.php\/wp-json\/wp\/v2\/comments?post=5271"}],"version-history":[{"count":10,"href":"https:\/\/gesed.com\/index.php\/wp-json\/wp\/v2\/pages\/5271\/revisions"}],"predecessor-version":[{"id":5306,"href":"https:\/\/gesed.com\/index.php\/wp-json\/wp\/v2\/pages\/5271\/revisions\/5306"}],"up":[{"embeddable":true,"href":"https:\/\/gesed.com\/index.php\/wp-json\/wp\/v2\/pages\/1375"}],"wp:attachment":[{"href":"https:\/\/gesed.com\/index.php\/wp-json\/wp\/v2\/media?parent=5271"}],"curies":[{"name":"wp","href":"https:\/\/api.w.org\/{rel}","templated":true}]}}